{"id":2346,"date":"2025-07-07T08:13:19","date_gmt":"2025-07-07T20:31:43","guid":{"rendered":"https:\/\/www.manuatahitianart.com\/?post_type=product&#038;p=2346"},"modified":"2025-07-07T10:31:44","modified_gmt":"2025-07-07T20:31:44","slug":"tiki-taupiti-sacre-guardien-tiki","status":"publish","type":"product","link":"https:\/\/www.manuatahitianart.com\/fr\/collections\/tiki-taupiti-sacre-guardien-tiki\/","title":{"rendered":"TIKI TAUPITI"},"content":{"rendered":"","protected":false},"excerpt":{"rendered":"<p>Le mot \u00ab\u00a0<strong>Taupiti<\/strong>\u00a0\u00bb peut se traduire par \u00ab le second \u00bb ou \u00ab celui qui vient apr\u00e8s \u00bb et exprime forme d\u2019\u00e9quilibre ou de dualit\u00e9 dans la repr\u00e9sentation sacr\u00e9e. Il symbolise l&rsquo;\u00e9quilibre spirituel, la continuit\u00e9 ancestrale et la dualit\u00e9 sacr\u00e9e. Sculpt\u00e9 dans la pierre ou le bois, le <em>Tiki Taupiti<\/em> incarne un r\u00f4le de gardien et de m\u00e9moire rituelle.<\/p>\n","protected":false},"featured_media":2345,"template":"","meta":{"_et_pb_use_builder":"","_et_pb_old_content":"","_et_gb_content_width":""},"product_brand":[],"product_cat":[59],"product_tag":[],"class_list":{"0":"post-2346","1":"product","2":"type-product","3":"status-publish","4":"has-post-thumbnail","6":"product_cat-tiki-fr","8":"first","9":"instock","10":"shipping-taxable","11":"product-type-simple"},"yoast_head":"<!-- This site is optimized with the Yoast SEO plugin v27.4 - https:\/\/yoast.com\/product\/yoast-seo-wordpress\/ -->\n<title>TIKI TAUPITI - Manua Exquisite Art<\/title>\n<meta name=\"robots\" content=\"index, follow, max-snippet:-1, max-image-preview:large, max-video-preview:-1\" \/>\n<link rel=\"canonical\" href=\"https:\/\/www.manuatahitianart.com\/fr\/collections\/tiki-taupiti-sacre-guardien-tiki\/\" \/>\n<meta property=\"og:locale\" content=\"fr_FR\" \/>\n<meta property=\"og:type\" content=\"article\" \/>\n<meta property=\"og:title\" content=\"TIKI TAUPITI - Manua Exquisite Art\" \/>\n<meta property=\"og:description\" content=\"Le mot &quot;Taupiti&quot; peut se traduire par \u00ab le second \u00bb ou \u00ab celui qui vient apr\u00e8s \u00bb et exprime forme d\u2019\u00e9quilibre ou de dualit\u00e9 dans la repr\u00e9sentation sacr\u00e9e. Il symbolise l&#039;\u00e9quilibre spirituel, la continuit\u00e9 ancestrale et la dualit\u00e9 sacr\u00e9e. Sculpt\u00e9 dans la pierre ou le bois, le Tiki Taupiti incarne un r\u00f4le de gardien et de m\u00e9moire rituelle.\" \/>\n<meta property=\"og:url\" content=\"https:\/\/www.manuatahitianart.com\/fr\/collections\/tiki-taupiti-sacre-guardien-tiki\/\" \/>\n<meta property=\"og:site_name\" content=\"Manua Exquisite Art\" \/>\n<meta property=\"article:modified_time\" content=\"2025-07-07T20:31:44+00:00\" \/>\n<meta property=\"og:image\" content=\"https:\/\/www.manuatahitianart.com\/wp-content\/uploads\/2025\/07\/TIKI-TAUPITI-\u2013-Sacred-Guardian-Tiki.jpg\" \/>\n\t<meta property=\"og:image:width\" content=\"1280\" \/>\n\t<meta property=\"og:image:height\" content=\"1920\" \/>\n\t<meta property=\"og:image:type\" content=\"image\/jpeg\" \/>\n<meta name=\"twitter:card\" content=\"summary_large_image\" \/>\n<script type=\"application\/ld+json\" class=\"yoast-schema-graph\">{\"@context\":\"https:\\\/\\\/schema.org\",\"@graph\":[{\"@type\":\"WebPage\",\"@id\":\"https:\\\/\\\/www.manuatahitianart.com\\\/fr\\\/collections\\\/tiki-taupiti-sacre-guardien-tiki\\\/\",\"url\":\"https:\\\/\\\/www.manuatahitianart.com\\\/fr\\\/collections\\\/tiki-taupiti-sacre-guardien-tiki\\\/\",\"name\":\"TIKI TAUPITI - Manua Exquisite Art\",\"isPartOf\":{\"@id\":\"https:\\\/\\\/www.manuatahitianart.com\\\/#website\"},\"primaryImageOfPage\":{\"@id\":\"https:\\\/\\\/www.manuatahitianart.com\\\/fr\\\/collections\\\/tiki-taupiti-sacre-guardien-tiki\\\/#primaryimage\"},\"image\":{\"@id\":\"https:\\\/\\\/www.manuatahitianart.com\\\/fr\\\/collections\\\/tiki-taupiti-sacre-guardien-tiki\\\/#primaryimage\"},\"thumbnailUrl\":\"https:\\\/\\\/www.manuatahitianart.com\\\/wp-content\\\/uploads\\\/2025\\\/07\\\/TIKI-TAUPITI-\u2013-Sacred-Guardian-Tiki.jpg\",\"datePublished\":\"2025-07-07T20:31:43+00:00\",\"dateModified\":\"2025-07-07T20:31:44+00:00\",\"breadcrumb\":{\"@id\":\"https:\\\/\\\/www.manuatahitianart.com\\\/fr\\\/collections\\\/tiki-taupiti-sacre-guardien-tiki\\\/#breadcrumb\"},\"inLanguage\":\"fr-FR\",\"potentialAction\":[{\"@type\":\"ReadAction\",\"target\":[\"https:\\\/\\\/www.manuatahitianart.com\\\/fr\\\/collections\\\/tiki-taupiti-sacre-guardien-tiki\\\/\"]}]},{\"@type\":\"ImageObject\",\"inLanguage\":\"fr-FR\",\"@id\":\"https:\\\/\\\/www.manuatahitianart.com\\\/fr\\\/collections\\\/tiki-taupiti-sacre-guardien-tiki\\\/#primaryimage\",\"url\":\"https:\\\/\\\/www.manuatahitianart.com\\\/wp-content\\\/uploads\\\/2025\\\/07\\\/TIKI-TAUPITI-\u2013-Sacred-Guardian-Tiki.jpg\",\"contentUrl\":\"https:\\\/\\\/www.manuatahitianart.com\\\/wp-content\\\/uploads\\\/2025\\\/07\\\/TIKI-TAUPITI-\u2013-Sacred-Guardian-Tiki.jpg\",\"width\":1280,\"height\":1920},{\"@type\":\"BreadcrumbList\",\"@id\":\"https:\\\/\\\/www.manuatahitianart.com\\\/fr\\\/collections\\\/tiki-taupiti-sacre-guardien-tiki\\\/#breadcrumb\",\"itemListElement\":[{\"@type\":\"ListItem\",\"position\":1,\"name\":\"Accueil\",\"item\":\"https:\\\/\\\/www.manuatahitianart.com\\\/fr\\\/\"},{\"@type\":\"ListItem\",\"position\":2,\"name\":\"Shop\",\"item\":\"https:\\\/\\\/www.manuatahitianart.com\\\/shop\\\/\"},{\"@type\":\"ListItem\",\"position\":3,\"name\":\"TIKI TAUPITI\"}]},{\"@type\":\"WebSite\",\"@id\":\"https:\\\/\\\/www.manuatahitianart.com\\\/#website\",\"url\":\"https:\\\/\\\/www.manuatahitianart.com\\\/\",\"name\":\"Manua Exquisite Art\",\"description\":\"Polynesian Gallery, Contemporary and Ethnic Art\",\"publisher\":{\"@id\":\"https:\\\/\\\/www.manuatahitianart.com\\\/#organization\"},\"potentialAction\":[{\"@type\":\"SearchAction\",\"target\":{\"@type\":\"EntryPoint\",\"urlTemplate\":\"https:\\\/\\\/www.manuatahitianart.com\\\/?s={search_term_string}\"},\"query-input\":{\"@type\":\"PropertyValueSpecification\",\"valueRequired\":true,\"valueName\":\"search_term_string\"}}],\"inLanguage\":\"fr-FR\"},{\"@type\":\"Organization\",\"@id\":\"https:\\\/\\\/www.manuatahitianart.com\\\/#organization\",\"name\":\"Manua Tahitian Art\",\"url\":\"https:\\\/\\\/www.manuatahitianart.com\\\/\",\"logo\":{\"@type\":\"ImageObject\",\"inLanguage\":\"fr-FR\",\"@id\":\"https:\\\/\\\/www.manuatahitianart.com\\\/#\\\/schema\\\/logo\\\/image\\\/\",\"url\":\"https:\\\/\\\/www.manuatahitianart.com\\\/wp-content\\\/uploads\\\/2016\\\/05\\\/manualogo.png\",\"contentUrl\":\"https:\\\/\\\/www.manuatahitianart.com\\\/wp-content\\\/uploads\\\/2016\\\/05\\\/manualogo.png\",\"width\":310,\"height\":134,\"caption\":\"Manua Tahitian Art\"},\"image\":{\"@id\":\"https:\\\/\\\/www.manuatahitianart.com\\\/#\\\/schema\\\/logo\\\/image\\\/\"}}]}<\/script>\n<!-- \/ Yoast SEO plugin. -->","yoast_head_json":{"title":"TIKI TAUPITI - Manua Exquisite Art","robots":{"index":"index","follow":"follow","max-snippet":"max-snippet:-1","max-image-preview":"max-image-preview:large","max-video-preview":"max-video-preview:-1"},"canonical":"https:\/\/www.manuatahitianart.com\/fr\/collections\/tiki-taupiti-sacre-guardien-tiki\/","og_locale":"fr_FR","og_type":"article","og_title":"TIKI TAUPITI - Manua Exquisite Art","og_description":"Le mot \"Taupiti\" peut se traduire par \u00ab le second \u00bb ou \u00ab celui qui vient apr\u00e8s \u00bb et exprime forme d\u2019\u00e9quilibre ou de dualit\u00e9 dans la repr\u00e9sentation sacr\u00e9e. Il symbolise l'\u00e9quilibre spirituel, la continuit\u00e9 ancestrale et la dualit\u00e9 sacr\u00e9e. Sculpt\u00e9 dans la pierre ou le bois, le Tiki Taupiti incarne un r\u00f4le de gardien et de m\u00e9moire rituelle.","og_url":"https:\/\/www.manuatahitianart.com\/fr\/collections\/tiki-taupiti-sacre-guardien-tiki\/","og_site_name":"Manua Exquisite Art","article_modified_time":"2025-07-07T20:31:44+00:00","og_image":[{"width":1280,"height":1920,"url":"https:\/\/www.manuatahitianart.com\/wp-content\/uploads\/2025\/07\/TIKI-TAUPITI-\u2013-Sacred-Guardian-Tiki.jpg","type":"image\/jpeg"}],"twitter_card":"summary_large_image","schema":{"@context":"https:\/\/schema.org","@graph":[{"@type":"WebPage","@id":"https:\/\/www.manuatahitianart.com\/fr\/collections\/tiki-taupiti-sacre-guardien-tiki\/","url":"https:\/\/www.manuatahitianart.com\/fr\/collections\/tiki-taupiti-sacre-guardien-tiki\/","name":"TIKI TAUPITI - Manua Exquisite Art","isPartOf":{"@id":"https:\/\/www.manuatahitianart.com\/#website"},"primaryImageOfPage":{"@id":"https:\/\/www.manuatahitianart.com\/fr\/collections\/tiki-taupiti-sacre-guardien-tiki\/#primaryimage"},"image":{"@id":"https:\/\/www.manuatahitianart.com\/fr\/collections\/tiki-taupiti-sacre-guardien-tiki\/#primaryimage"},"thumbnailUrl":"https:\/\/www.manuatahitianart.com\/wp-content\/uploads\/2025\/07\/TIKI-TAUPITI-\u2013-Sacred-Guardian-Tiki.jpg","datePublished":"2025-07-07T20:31:43+00:00","dateModified":"2025-07-07T20:31:44+00:00","breadcrumb":{"@id":"https:\/\/www.manuatahitianart.com\/fr\/collections\/tiki-taupiti-sacre-guardien-tiki\/#breadcrumb"},"inLanguage":"fr-FR","potentialAction":[{"@type":"ReadAction","target":["https:\/\/www.manuatahitianart.com\/fr\/collections\/tiki-taupiti-sacre-guardien-tiki\/"]}]},{"@type":"ImageObject","inLanguage":"fr-FR","@id":"https:\/\/www.manuatahitianart.com\/fr\/collections\/tiki-taupiti-sacre-guardien-tiki\/#primaryimage","url":"https:\/\/www.manuatahitianart.com\/wp-content\/uploads\/2025\/07\/TIKI-TAUPITI-\u2013-Sacred-Guardian-Tiki.jpg","contentUrl":"https:\/\/www.manuatahitianart.com\/wp-content\/uploads\/2025\/07\/TIKI-TAUPITI-\u2013-Sacred-Guardian-Tiki.jpg","width":1280,"height":1920},{"@type":"BreadcrumbList","@id":"https:\/\/www.manuatahitianart.com\/fr\/collections\/tiki-taupiti-sacre-guardien-tiki\/#breadcrumb","itemListElement":[{"@type":"ListItem","position":1,"name":"Accueil","item":"https:\/\/www.manuatahitianart.com\/fr\/"},{"@type":"ListItem","position":2,"name":"Shop","item":"https:\/\/www.manuatahitianart.com\/shop\/"},{"@type":"ListItem","position":3,"name":"TIKI TAUPITI"}]},{"@type":"WebSite","@id":"https:\/\/www.manuatahitianart.com\/#website","url":"https:\/\/www.manuatahitianart.com\/","name":"Manua Exquisite Art","description":"Polynesian Gallery, Contemporary and Ethnic Art","publisher":{"@id":"https:\/\/www.manuatahitianart.com\/#organization"},"potentialAction":[{"@type":"SearchAction","target":{"@type":"EntryPoint","urlTemplate":"https:\/\/www.manuatahitianart.com\/?s={search_term_string}"},"query-input":{"@type":"PropertyValueSpecification","valueRequired":true,"valueName":"search_term_string"}}],"inLanguage":"fr-FR"},{"@type":"Organization","@id":"https:\/\/www.manuatahitianart.com\/#organization","name":"Manua Tahitian Art","url":"https:\/\/www.manuatahitianart.com\/","logo":{"@type":"ImageObject","inLanguage":"fr-FR","@id":"https:\/\/www.manuatahitianart.com\/#\/schema\/logo\/image\/","url":"https:\/\/www.manuatahitianart.com\/wp-content\/uploads\/2016\/05\/manualogo.png","contentUrl":"https:\/\/www.manuatahitianart.com\/wp-content\/uploads\/2016\/05\/manualogo.png","width":310,"height":134,"caption":"Manua Tahitian Art"},"image":{"@id":"https:\/\/www.manuatahitianart.com\/#\/schema\/logo\/image\/"}}]}},"_links":{"self":[{"href":"https:\/\/www.manuatahitianart.com\/fr\/wp-json\/wp\/v2\/product\/2346","targetHints":{"allow":["GET"]}}],"collection":[{"href":"https:\/\/www.manuatahitianart.com\/fr\/wp-json\/wp\/v2\/product"}],"about":[{"href":"https:\/\/www.manuatahitianart.com\/fr\/wp-json\/wp\/v2\/types\/product"}],"wp:featuredmedia":[{"embeddable":true,"href":"https:\/\/www.manuatahitianart.com\/fr\/wp-json\/wp\/v2\/media\/2345"}],"wp:attachment":[{"href":"https:\/\/www.manuatahitianart.com\/fr\/wp-json\/wp\/v2\/media?parent=2346"}],"wp:term":[{"taxonomy":"product_brand","embeddable":true,"href":"https:\/\/www.manuatahitianart.com\/fr\/wp-json\/wp\/v2\/product_brand?post=2346"},{"taxonomy":"product_cat","embeddable":true,"href":"https:\/\/www.manuatahitianart.com\/fr\/wp-json\/wp\/v2\/product_cat?post=2346"},{"taxonomy":"product_tag","embeddable":true,"href":"https:\/\/www.manuatahitianart.com\/fr\/wp-json\/wp\/v2\/product_tag?post=2346"}],"curies":[{"name":"wp","href":"https:\/\/api.w.org\/{rel}","templated":true}]}}