{"id":2330,"date":"2025-07-04T18:04:00","date_gmt":"2025-07-05T04:04:01","guid":{"rendered":"https:\/\/www.manuatahitianart.com\/collections\/tiki-des-iles-marquises\/"},"modified":"2025-07-04T18:05:55","modified_gmt":"2025-07-05T04:05:55","slug":"tiki-des-iles-marquises","status":"publish","type":"product","link":"https:\/\/www.manuatahitianart.com\/fr\/collections\/tiki-des-iles-marquises\/","title":{"rendered":"TIKI DES ILES MARQUISES"},"content":{"rendered":"","protected":false},"excerpt":{"rendered":"<p><strong>Mi-Homme, mi-Dieu, le Tiki est un symbole de protection, auquel certains attribus peuvent \u00eatre ajout\u00e9s selon la symbolique voulue par l\u2019Artiste.<\/strong><\/p>\n<p>Sa couronne sulpt\u00e9e avec son diademe en nacre, la symbolique du marae repr\u00e9sent\u00e9e sur ses pieds et le tiki pos\u00e9 ainsi sur un socle lui conf\u00e8rent un pouvoir digne d&rsquo;un chef guerrier.<\/p>\n","protected":false},"featured_media":2329,"template":"","meta":{"_et_pb_use_builder":"","_et_pb_old_content":"","_et_gb_content_width":""},"product_brand":[],"product_cat":[59],"product_tag":[],"class_list":{"0":"post-2330","1":"product","2":"type-product","3":"status-publish","4":"has-post-thumbnail","6":"product_cat-tiki-fr","8":"first","9":"instock","10":"shipping-taxable","11":"product-type-simple"},"yoast_head":"<!-- This site is optimized with the Yoast SEO plugin v27.4 - https:\/\/yoast.com\/product\/yoast-seo-wordpress\/ -->\n<title>TIKI DES ILES MARQUISES - Manua Exquisite Art<\/title>\n<meta name=\"robots\" content=\"index, follow, max-snippet:-1, max-image-preview:large, max-video-preview:-1\" \/>\n<link rel=\"canonical\" href=\"https:\/\/www.manuatahitianart.com\/fr\/collections\/tiki-des-iles-marquises\/\" \/>\n<meta property=\"og:locale\" content=\"fr_FR\" \/>\n<meta property=\"og:type\" content=\"article\" \/>\n<meta property=\"og:title\" content=\"TIKI DES ILES MARQUISES - Manua Exquisite Art\" \/>\n<meta property=\"og:description\" content=\"Mi-Homme, mi-Dieu, le Tiki est un symbole de protection, auquel certains attribus peuvent \u00eatre ajout\u00e9s selon la symbolique voulue par l\u2019Artiste. Sa couronne sulpt\u00e9e avec son diademe en nacre, la symbolique du marae repr\u00e9sent\u00e9e sur ses pieds et le tiki pos\u00e9 ainsi sur un socle lui conf\u00e8rent un pouvoir digne d&#039;un chef guerrier.\" \/>\n<meta property=\"og:url\" content=\"https:\/\/www.manuatahitianart.com\/fr\/collections\/tiki-des-iles-marquises\/\" \/>\n<meta property=\"og:site_name\" content=\"Manua Exquisite Art\" \/>\n<meta property=\"article:modified_time\" content=\"2025-07-05T04:05:55+00:00\" \/>\n<meta property=\"og:image\" content=\"https:\/\/www.manuatahitianart.com\/wp-content\/uploads\/2025\/07\/TIKI-FROM-MARQUESAS-ISLANDS.jpg\" \/>\n\t<meta property=\"og:image:width\" content=\"1288\" \/>\n\t<meta property=\"og:image:height\" content=\"1920\" \/>\n\t<meta property=\"og:image:type\" content=\"image\/jpeg\" \/>\n<meta name=\"twitter:card\" content=\"summary_large_image\" \/>\n<script type=\"application\/ld+json\" class=\"yoast-schema-graph\">{\"@context\":\"https:\\\/\\\/schema.org\",\"@graph\":[{\"@type\":\"WebPage\",\"@id\":\"https:\\\/\\\/www.manuatahitianart.com\\\/fr\\\/collections\\\/tiki-des-iles-marquises\\\/\",\"url\":\"https:\\\/\\\/www.manuatahitianart.com\\\/fr\\\/collections\\\/tiki-des-iles-marquises\\\/\",\"name\":\"TIKI DES ILES MARQUISES - Manua Exquisite Art\",\"isPartOf\":{\"@id\":\"https:\\\/\\\/www.manuatahitianart.com\\\/#website\"},\"primaryImageOfPage\":{\"@id\":\"https:\\\/\\\/www.manuatahitianart.com\\\/fr\\\/collections\\\/tiki-des-iles-marquises\\\/#primaryimage\"},\"image\":{\"@id\":\"https:\\\/\\\/www.manuatahitianart.com\\\/fr\\\/collections\\\/tiki-des-iles-marquises\\\/#primaryimage\"},\"thumbnailUrl\":\"https:\\\/\\\/www.manuatahitianart.com\\\/wp-content\\\/uploads\\\/2025\\\/07\\\/TIKI-FROM-MARQUESAS-ISLANDS.jpg\",\"datePublished\":\"2025-07-05T04:04:01+00:00\",\"dateModified\":\"2025-07-05T04:05:55+00:00\",\"breadcrumb\":{\"@id\":\"https:\\\/\\\/www.manuatahitianart.com\\\/fr\\\/collections\\\/tiki-des-iles-marquises\\\/#breadcrumb\"},\"inLanguage\":\"fr-FR\",\"potentialAction\":[{\"@type\":\"ReadAction\",\"target\":[\"https:\\\/\\\/www.manuatahitianart.com\\\/fr\\\/collections\\\/tiki-des-iles-marquises\\\/\"]}]},{\"@type\":\"ImageObject\",\"inLanguage\":\"fr-FR\",\"@id\":\"https:\\\/\\\/www.manuatahitianart.com\\\/fr\\\/collections\\\/tiki-des-iles-marquises\\\/#primaryimage\",\"url\":\"https:\\\/\\\/www.manuatahitianart.com\\\/wp-content\\\/uploads\\\/2025\\\/07\\\/TIKI-FROM-MARQUESAS-ISLANDS.jpg\",\"contentUrl\":\"https:\\\/\\\/www.manuatahitianart.com\\\/wp-content\\\/uploads\\\/2025\\\/07\\\/TIKI-FROM-MARQUESAS-ISLANDS.jpg\",\"width\":1288,\"height\":1920},{\"@type\":\"BreadcrumbList\",\"@id\":\"https:\\\/\\\/www.manuatahitianart.com\\\/fr\\\/collections\\\/tiki-des-iles-marquises\\\/#breadcrumb\",\"itemListElement\":[{\"@type\":\"ListItem\",\"position\":1,\"name\":\"Accueil\",\"item\":\"https:\\\/\\\/www.manuatahitianart.com\\\/fr\\\/\"},{\"@type\":\"ListItem\",\"position\":2,\"name\":\"Shop\",\"item\":\"https:\\\/\\\/www.manuatahitianart.com\\\/shop\\\/\"},{\"@type\":\"ListItem\",\"position\":3,\"name\":\"TIKI DES ILES MARQUISES\"}]},{\"@type\":\"WebSite\",\"@id\":\"https:\\\/\\\/www.manuatahitianart.com\\\/#website\",\"url\":\"https:\\\/\\\/www.manuatahitianart.com\\\/\",\"name\":\"Manua Exquisite Art\",\"description\":\"Polynesian Gallery, Contemporary and Ethnic Art\",\"publisher\":{\"@id\":\"https:\\\/\\\/www.manuatahitianart.com\\\/#organization\"},\"potentialAction\":[{\"@type\":\"SearchAction\",\"target\":{\"@type\":\"EntryPoint\",\"urlTemplate\":\"https:\\\/\\\/www.manuatahitianart.com\\\/?s={search_term_string}\"},\"query-input\":{\"@type\":\"PropertyValueSpecification\",\"valueRequired\":true,\"valueName\":\"search_term_string\"}}],\"inLanguage\":\"fr-FR\"},{\"@type\":\"Organization\",\"@id\":\"https:\\\/\\\/www.manuatahitianart.com\\\/#organization\",\"name\":\"Manua Tahitian Art\",\"url\":\"https:\\\/\\\/www.manuatahitianart.com\\\/\",\"logo\":{\"@type\":\"ImageObject\",\"inLanguage\":\"fr-FR\",\"@id\":\"https:\\\/\\\/www.manuatahitianart.com\\\/#\\\/schema\\\/logo\\\/image\\\/\",\"url\":\"https:\\\/\\\/www.manuatahitianart.com\\\/wp-content\\\/uploads\\\/2016\\\/05\\\/manualogo.png\",\"contentUrl\":\"https:\\\/\\\/www.manuatahitianart.com\\\/wp-content\\\/uploads\\\/2016\\\/05\\\/manualogo.png\",\"width\":310,\"height\":134,\"caption\":\"Manua Tahitian Art\"},\"image\":{\"@id\":\"https:\\\/\\\/www.manuatahitianart.com\\\/#\\\/schema\\\/logo\\\/image\\\/\"}}]}<\/script>\n<!-- \/ Yoast SEO plugin. -->","yoast_head_json":{"title":"TIKI DES ILES MARQUISES - Manua Exquisite Art","robots":{"index":"index","follow":"follow","max-snippet":"max-snippet:-1","max-image-preview":"max-image-preview:large","max-video-preview":"max-video-preview:-1"},"canonical":"https:\/\/www.manuatahitianart.com\/fr\/collections\/tiki-des-iles-marquises\/","og_locale":"fr_FR","og_type":"article","og_title":"TIKI DES ILES MARQUISES - Manua Exquisite Art","og_description":"Mi-Homme, mi-Dieu, le Tiki est un symbole de protection, auquel certains attribus peuvent \u00eatre ajout\u00e9s selon la symbolique voulue par l\u2019Artiste. Sa couronne sulpt\u00e9e avec son diademe en nacre, la symbolique du marae repr\u00e9sent\u00e9e sur ses pieds et le tiki pos\u00e9 ainsi sur un socle lui conf\u00e8rent un pouvoir digne d'un chef guerrier.","og_url":"https:\/\/www.manuatahitianart.com\/fr\/collections\/tiki-des-iles-marquises\/","og_site_name":"Manua Exquisite Art","article_modified_time":"2025-07-05T04:05:55+00:00","og_image":[{"width":1288,"height":1920,"url":"https:\/\/www.manuatahitianart.com\/wp-content\/uploads\/2025\/07\/TIKI-FROM-MARQUESAS-ISLANDS.jpg","type":"image\/jpeg"}],"twitter_card":"summary_large_image","schema":{"@context":"https:\/\/schema.org","@graph":[{"@type":"WebPage","@id":"https:\/\/www.manuatahitianart.com\/fr\/collections\/tiki-des-iles-marquises\/","url":"https:\/\/www.manuatahitianart.com\/fr\/collections\/tiki-des-iles-marquises\/","name":"TIKI DES ILES MARQUISES - Manua Exquisite Art","isPartOf":{"@id":"https:\/\/www.manuatahitianart.com\/#website"},"primaryImageOfPage":{"@id":"https:\/\/www.manuatahitianart.com\/fr\/collections\/tiki-des-iles-marquises\/#primaryimage"},"image":{"@id":"https:\/\/www.manuatahitianart.com\/fr\/collections\/tiki-des-iles-marquises\/#primaryimage"},"thumbnailUrl":"https:\/\/www.manuatahitianart.com\/wp-content\/uploads\/2025\/07\/TIKI-FROM-MARQUESAS-ISLANDS.jpg","datePublished":"2025-07-05T04:04:01+00:00","dateModified":"2025-07-05T04:05:55+00:00","breadcrumb":{"@id":"https:\/\/www.manuatahitianart.com\/fr\/collections\/tiki-des-iles-marquises\/#breadcrumb"},"inLanguage":"fr-FR","potentialAction":[{"@type":"ReadAction","target":["https:\/\/www.manuatahitianart.com\/fr\/collections\/tiki-des-iles-marquises\/"]}]},{"@type":"ImageObject","inLanguage":"fr-FR","@id":"https:\/\/www.manuatahitianart.com\/fr\/collections\/tiki-des-iles-marquises\/#primaryimage","url":"https:\/\/www.manuatahitianart.com\/wp-content\/uploads\/2025\/07\/TIKI-FROM-MARQUESAS-ISLANDS.jpg","contentUrl":"https:\/\/www.manuatahitianart.com\/wp-content\/uploads\/2025\/07\/TIKI-FROM-MARQUESAS-ISLANDS.jpg","width":1288,"height":1920},{"@type":"BreadcrumbList","@id":"https:\/\/www.manuatahitianart.com\/fr\/collections\/tiki-des-iles-marquises\/#breadcrumb","itemListElement":[{"@type":"ListItem","position":1,"name":"Accueil","item":"https:\/\/www.manuatahitianart.com\/fr\/"},{"@type":"ListItem","position":2,"name":"Shop","item":"https:\/\/www.manuatahitianart.com\/shop\/"},{"@type":"ListItem","position":3,"name":"TIKI DES ILES MARQUISES"}]},{"@type":"WebSite","@id":"https:\/\/www.manuatahitianart.com\/#website","url":"https:\/\/www.manuatahitianart.com\/","name":"Manua Exquisite Art","description":"Polynesian Gallery, Contemporary and Ethnic Art","publisher":{"@id":"https:\/\/www.manuatahitianart.com\/#organization"},"potentialAction":[{"@type":"SearchAction","target":{"@type":"EntryPoint","urlTemplate":"https:\/\/www.manuatahitianart.com\/?s={search_term_string}"},"query-input":{"@type":"PropertyValueSpecification","valueRequired":true,"valueName":"search_term_string"}}],"inLanguage":"fr-FR"},{"@type":"Organization","@id":"https:\/\/www.manuatahitianart.com\/#organization","name":"Manua Tahitian Art","url":"https:\/\/www.manuatahitianart.com\/","logo":{"@type":"ImageObject","inLanguage":"fr-FR","@id":"https:\/\/www.manuatahitianart.com\/#\/schema\/logo\/image\/","url":"https:\/\/www.manuatahitianart.com\/wp-content\/uploads\/2016\/05\/manualogo.png","contentUrl":"https:\/\/www.manuatahitianart.com\/wp-content\/uploads\/2016\/05\/manualogo.png","width":310,"height":134,"caption":"Manua Tahitian Art"},"image":{"@id":"https:\/\/www.manuatahitianart.com\/#\/schema\/logo\/image\/"}}]}},"_links":{"self":[{"href":"https:\/\/www.manuatahitianart.com\/fr\/wp-json\/wp\/v2\/product\/2330","targetHints":{"allow":["GET"]}}],"collection":[{"href":"https:\/\/www.manuatahitianart.com\/fr\/wp-json\/wp\/v2\/product"}],"about":[{"href":"https:\/\/www.manuatahitianart.com\/fr\/wp-json\/wp\/v2\/types\/product"}],"wp:featuredmedia":[{"embeddable":true,"href":"https:\/\/www.manuatahitianart.com\/fr\/wp-json\/wp\/v2\/media\/2329"}],"wp:attachment":[{"href":"https:\/\/www.manuatahitianart.com\/fr\/wp-json\/wp\/v2\/media?parent=2330"}],"wp:term":[{"taxonomy":"product_brand","embeddable":true,"href":"https:\/\/www.manuatahitianart.com\/fr\/wp-json\/wp\/v2\/product_brand?post=2330"},{"taxonomy":"product_cat","embeddable":true,"href":"https:\/\/www.manuatahitianart.com\/fr\/wp-json\/wp\/v2\/product_cat?post=2330"},{"taxonomy":"product_tag","embeddable":true,"href":"https:\/\/www.manuatahitianart.com\/fr\/wp-json\/wp\/v2\/product_tag?post=2330"}],"curies":[{"name":"wp","href":"https:\/\/api.w.org\/{rel}","templated":true}]}}