{"id":2326,"date":"2025-07-07T10:24:33","date_gmt":"2025-07-07T20:31:41","guid":{"rendered":"https:\/\/www.manuatahitianart.com\/?post_type=product&#038;p=2326"},"modified":"2025-07-07T10:31:42","modified_gmt":"2025-07-07T20:31:42","slug":"ukulele-traditionnel","status":"publish","type":"product","link":"https:\/\/www.manuatahitianart.com\/fr\/collections\/ukulele-traditionnel\/","title":{"rendered":"\u2018UKULELE TRADITIONNEL"},"content":{"rendered":"","protected":false},"excerpt":{"rendered":"<p>En Polyn\u00e9sie fran\u00e7aise, le <strong>\u02bbukulele<\/strong> pr\u00e9sente des caract\u00e9ristiques uniques :<br \/>son corps est sculpt\u00e9 dans du bois, pour jouer on utilise des cordes en nylon (ou \u00e0 l\u2019origine en fil de p\u00eache), il est souvent plus aigu et permet de jouer des rythmes rapides. C&rsquo;est un instrument populaire et festif, symbole fort de convivialit\u00e9, de transmission orale, et d\u2019identit\u00e9 culturelle moderne.<\/p>\n","protected":false},"featured_media":2325,"template":"","meta":{"_et_pb_use_builder":"","_et_pb_old_content":"","_et_gb_content_width":""},"product_brand":[],"product_cat":[60],"product_tag":[],"class_list":{"0":"post-2326","1":"product","2":"type-product","3":"status-publish","4":"has-post-thumbnail","6":"product_cat-bois","8":"first","9":"instock","10":"shipping-taxable","11":"product-type-simple"},"yoast_head":"<!-- This site is optimized with the Yoast SEO plugin v27.4 - https:\/\/yoast.com\/product\/yoast-seo-wordpress\/ -->\n<title>\u2018UKULELE TRADITIONNEL - Manua Exquisite Art<\/title>\n<meta name=\"robots\" content=\"index, follow, max-snippet:-1, max-image-preview:large, max-video-preview:-1\" \/>\n<link rel=\"canonical\" href=\"https:\/\/www.manuatahitianart.com\/fr\/collections\/ukulele-traditionnel\/\" \/>\n<meta property=\"og:locale\" content=\"fr_FR\" \/>\n<meta property=\"og:type\" content=\"article\" \/>\n<meta property=\"og:title\" content=\"\u2018UKULELE TRADITIONNEL - Manua Exquisite Art\" \/>\n<meta property=\"og:description\" content=\"En Polyn\u00e9sie fran\u00e7aise, le \u02bbukulele pr\u00e9sente des caract\u00e9ristiques uniques :son corps est sculpt\u00e9 dans du bois, pour jouer on utilise des cordes en nylon (ou \u00e0 l\u2019origine en fil de p\u00eache), il est souvent plus aigu et permet de jouer des rythmes rapides. C&#039;est un instrument populaire et festif, symbole fort de convivialit\u00e9, de transmission orale, et d\u2019identit\u00e9 culturelle moderne.\" \/>\n<meta property=\"og:url\" content=\"https:\/\/www.manuatahitianart.com\/fr\/collections\/ukulele-traditionnel\/\" \/>\n<meta property=\"og:site_name\" content=\"Manua Exquisite Art\" \/>\n<meta property=\"article:modified_time\" content=\"2025-07-07T20:31:42+00:00\" \/>\n<meta property=\"og:image\" content=\"https:\/\/www.manuatahitianart.com\/wp-content\/uploads\/2025\/07\/\u02bbUKULELE-\u2013-A-Symbol-of-Joy-and-Identity.jpg\" \/>\n\t<meta property=\"og:image:width\" content=\"1280\" \/>\n\t<meta property=\"og:image:height\" content=\"1920\" \/>\n\t<meta property=\"og:image:type\" content=\"image\/jpeg\" \/>\n<meta name=\"twitter:card\" content=\"summary_large_image\" \/>\n<script type=\"application\/ld+json\" class=\"yoast-schema-graph\">{\"@context\":\"https:\\\/\\\/schema.org\",\"@graph\":[{\"@type\":\"WebPage\",\"@id\":\"https:\\\/\\\/www.manuatahitianart.com\\\/fr\\\/collections\\\/ukulele-traditionnel\\\/\",\"url\":\"https:\\\/\\\/www.manuatahitianart.com\\\/fr\\\/collections\\\/ukulele-traditionnel\\\/\",\"name\":\"\u2018UKULELE TRADITIONNEL - Manua Exquisite Art\",\"isPartOf\":{\"@id\":\"https:\\\/\\\/www.manuatahitianart.com\\\/#website\"},\"primaryImageOfPage\":{\"@id\":\"https:\\\/\\\/www.manuatahitianart.com\\\/fr\\\/collections\\\/ukulele-traditionnel\\\/#primaryimage\"},\"image\":{\"@id\":\"https:\\\/\\\/www.manuatahitianart.com\\\/fr\\\/collections\\\/ukulele-traditionnel\\\/#primaryimage\"},\"thumbnailUrl\":\"https:\\\/\\\/www.manuatahitianart.com\\\/wp-content\\\/uploads\\\/2025\\\/07\\\/\u02bbUKULELE-\u2013-A-Symbol-of-Joy-and-Identity.jpg\",\"datePublished\":\"2025-07-07T20:31:41+00:00\",\"dateModified\":\"2025-07-07T20:31:42+00:00\",\"breadcrumb\":{\"@id\":\"https:\\\/\\\/www.manuatahitianart.com\\\/fr\\\/collections\\\/ukulele-traditionnel\\\/#breadcrumb\"},\"inLanguage\":\"fr-FR\",\"potentialAction\":[{\"@type\":\"ReadAction\",\"target\":[\"https:\\\/\\\/www.manuatahitianart.com\\\/fr\\\/collections\\\/ukulele-traditionnel\\\/\"]}]},{\"@type\":\"ImageObject\",\"inLanguage\":\"fr-FR\",\"@id\":\"https:\\\/\\\/www.manuatahitianart.com\\\/fr\\\/collections\\\/ukulele-traditionnel\\\/#primaryimage\",\"url\":\"https:\\\/\\\/www.manuatahitianart.com\\\/wp-content\\\/uploads\\\/2025\\\/07\\\/\u02bbUKULELE-\u2013-A-Symbol-of-Joy-and-Identity.jpg\",\"contentUrl\":\"https:\\\/\\\/www.manuatahitianart.com\\\/wp-content\\\/uploads\\\/2025\\\/07\\\/\u02bbUKULELE-\u2013-A-Symbol-of-Joy-and-Identity.jpg\",\"width\":1280,\"height\":1920},{\"@type\":\"BreadcrumbList\",\"@id\":\"https:\\\/\\\/www.manuatahitianart.com\\\/fr\\\/collections\\\/ukulele-traditionnel\\\/#breadcrumb\",\"itemListElement\":[{\"@type\":\"ListItem\",\"position\":1,\"name\":\"Accueil\",\"item\":\"https:\\\/\\\/www.manuatahitianart.com\\\/fr\\\/\"},{\"@type\":\"ListItem\",\"position\":2,\"name\":\"Shop\",\"item\":\"https:\\\/\\\/www.manuatahitianart.com\\\/shop\\\/\"},{\"@type\":\"ListItem\",\"position\":3,\"name\":\"\u2018UKULELE TRADITIONNEL\"}]},{\"@type\":\"WebSite\",\"@id\":\"https:\\\/\\\/www.manuatahitianart.com\\\/#website\",\"url\":\"https:\\\/\\\/www.manuatahitianart.com\\\/\",\"name\":\"Manua Exquisite Art\",\"description\":\"Polynesian Gallery, Contemporary and Ethnic Art\",\"publisher\":{\"@id\":\"https:\\\/\\\/www.manuatahitianart.com\\\/#organization\"},\"potentialAction\":[{\"@type\":\"SearchAction\",\"target\":{\"@type\":\"EntryPoint\",\"urlTemplate\":\"https:\\\/\\\/www.manuatahitianart.com\\\/?s={search_term_string}\"},\"query-input\":{\"@type\":\"PropertyValueSpecification\",\"valueRequired\":true,\"valueName\":\"search_term_string\"}}],\"inLanguage\":\"fr-FR\"},{\"@type\":\"Organization\",\"@id\":\"https:\\\/\\\/www.manuatahitianart.com\\\/#organization\",\"name\":\"Manua Tahitian Art\",\"url\":\"https:\\\/\\\/www.manuatahitianart.com\\\/\",\"logo\":{\"@type\":\"ImageObject\",\"inLanguage\":\"fr-FR\",\"@id\":\"https:\\\/\\\/www.manuatahitianart.com\\\/#\\\/schema\\\/logo\\\/image\\\/\",\"url\":\"https:\\\/\\\/www.manuatahitianart.com\\\/wp-content\\\/uploads\\\/2016\\\/05\\\/manualogo.png\",\"contentUrl\":\"https:\\\/\\\/www.manuatahitianart.com\\\/wp-content\\\/uploads\\\/2016\\\/05\\\/manualogo.png\",\"width\":310,\"height\":134,\"caption\":\"Manua Tahitian Art\"},\"image\":{\"@id\":\"https:\\\/\\\/www.manuatahitianart.com\\\/#\\\/schema\\\/logo\\\/image\\\/\"}}]}<\/script>\n<!-- \/ Yoast SEO plugin. -->","yoast_head_json":{"title":"\u2018UKULELE TRADITIONNEL - Manua Exquisite Art","robots":{"index":"index","follow":"follow","max-snippet":"max-snippet:-1","max-image-preview":"max-image-preview:large","max-video-preview":"max-video-preview:-1"},"canonical":"https:\/\/www.manuatahitianart.com\/fr\/collections\/ukulele-traditionnel\/","og_locale":"fr_FR","og_type":"article","og_title":"\u2018UKULELE TRADITIONNEL - Manua Exquisite Art","og_description":"En Polyn\u00e9sie fran\u00e7aise, le \u02bbukulele pr\u00e9sente des caract\u00e9ristiques uniques :son corps est sculpt\u00e9 dans du bois, pour jouer on utilise des cordes en nylon (ou \u00e0 l\u2019origine en fil de p\u00eache), il est souvent plus aigu et permet de jouer des rythmes rapides. C'est un instrument populaire et festif, symbole fort de convivialit\u00e9, de transmission orale, et d\u2019identit\u00e9 culturelle moderne.","og_url":"https:\/\/www.manuatahitianart.com\/fr\/collections\/ukulele-traditionnel\/","og_site_name":"Manua Exquisite Art","article_modified_time":"2025-07-07T20:31:42+00:00","og_image":[{"width":1280,"height":1920,"url":"https:\/\/www.manuatahitianart.com\/wp-content\/uploads\/2025\/07\/\u02bbUKULELE-\u2013-A-Symbol-of-Joy-and-Identity.jpg","type":"image\/jpeg"}],"twitter_card":"summary_large_image","schema":{"@context":"https:\/\/schema.org","@graph":[{"@type":"WebPage","@id":"https:\/\/www.manuatahitianart.com\/fr\/collections\/ukulele-traditionnel\/","url":"https:\/\/www.manuatahitianart.com\/fr\/collections\/ukulele-traditionnel\/","name":"\u2018UKULELE TRADITIONNEL - Manua Exquisite Art","isPartOf":{"@id":"https:\/\/www.manuatahitianart.com\/#website"},"primaryImageOfPage":{"@id":"https:\/\/www.manuatahitianart.com\/fr\/collections\/ukulele-traditionnel\/#primaryimage"},"image":{"@id":"https:\/\/www.manuatahitianart.com\/fr\/collections\/ukulele-traditionnel\/#primaryimage"},"thumbnailUrl":"https:\/\/www.manuatahitianart.com\/wp-content\/uploads\/2025\/07\/\u02bbUKULELE-\u2013-A-Symbol-of-Joy-and-Identity.jpg","datePublished":"2025-07-07T20:31:41+00:00","dateModified":"2025-07-07T20:31:42+00:00","breadcrumb":{"@id":"https:\/\/www.manuatahitianart.com\/fr\/collections\/ukulele-traditionnel\/#breadcrumb"},"inLanguage":"fr-FR","potentialAction":[{"@type":"ReadAction","target":["https:\/\/www.manuatahitianart.com\/fr\/collections\/ukulele-traditionnel\/"]}]},{"@type":"ImageObject","inLanguage":"fr-FR","@id":"https:\/\/www.manuatahitianart.com\/fr\/collections\/ukulele-traditionnel\/#primaryimage","url":"https:\/\/www.manuatahitianart.com\/wp-content\/uploads\/2025\/07\/\u02bbUKULELE-\u2013-A-Symbol-of-Joy-and-Identity.jpg","contentUrl":"https:\/\/www.manuatahitianart.com\/wp-content\/uploads\/2025\/07\/\u02bbUKULELE-\u2013-A-Symbol-of-Joy-and-Identity.jpg","width":1280,"height":1920},{"@type":"BreadcrumbList","@id":"https:\/\/www.manuatahitianart.com\/fr\/collections\/ukulele-traditionnel\/#breadcrumb","itemListElement":[{"@type":"ListItem","position":1,"name":"Accueil","item":"https:\/\/www.manuatahitianart.com\/fr\/"},{"@type":"ListItem","position":2,"name":"Shop","item":"https:\/\/www.manuatahitianart.com\/shop\/"},{"@type":"ListItem","position":3,"name":"\u2018UKULELE TRADITIONNEL"}]},{"@type":"WebSite","@id":"https:\/\/www.manuatahitianart.com\/#website","url":"https:\/\/www.manuatahitianart.com\/","name":"Manua Exquisite Art","description":"Polynesian Gallery, Contemporary and Ethnic Art","publisher":{"@id":"https:\/\/www.manuatahitianart.com\/#organization"},"potentialAction":[{"@type":"SearchAction","target":{"@type":"EntryPoint","urlTemplate":"https:\/\/www.manuatahitianart.com\/?s={search_term_string}"},"query-input":{"@type":"PropertyValueSpecification","valueRequired":true,"valueName":"search_term_string"}}],"inLanguage":"fr-FR"},{"@type":"Organization","@id":"https:\/\/www.manuatahitianart.com\/#organization","name":"Manua Tahitian Art","url":"https:\/\/www.manuatahitianart.com\/","logo":{"@type":"ImageObject","inLanguage":"fr-FR","@id":"https:\/\/www.manuatahitianart.com\/#\/schema\/logo\/image\/","url":"https:\/\/www.manuatahitianart.com\/wp-content\/uploads\/2016\/05\/manualogo.png","contentUrl":"https:\/\/www.manuatahitianart.com\/wp-content\/uploads\/2016\/05\/manualogo.png","width":310,"height":134,"caption":"Manua Tahitian Art"},"image":{"@id":"https:\/\/www.manuatahitianart.com\/#\/schema\/logo\/image\/"}}]}},"_links":{"self":[{"href":"https:\/\/www.manuatahitianart.com\/fr\/wp-json\/wp\/v2\/product\/2326","targetHints":{"allow":["GET"]}}],"collection":[{"href":"https:\/\/www.manuatahitianart.com\/fr\/wp-json\/wp\/v2\/product"}],"about":[{"href":"https:\/\/www.manuatahitianart.com\/fr\/wp-json\/wp\/v2\/types\/product"}],"wp:featuredmedia":[{"embeddable":true,"href":"https:\/\/www.manuatahitianart.com\/fr\/wp-json\/wp\/v2\/media\/2325"}],"wp:attachment":[{"href":"https:\/\/www.manuatahitianart.com\/fr\/wp-json\/wp\/v2\/media?parent=2326"}],"wp:term":[{"taxonomy":"product_brand","embeddable":true,"href":"https:\/\/www.manuatahitianart.com\/fr\/wp-json\/wp\/v2\/product_brand?post=2326"},{"taxonomy":"product_cat","embeddable":true,"href":"https:\/\/www.manuatahitianart.com\/fr\/wp-json\/wp\/v2\/product_cat?post=2326"},{"taxonomy":"product_tag","embeddable":true,"href":"https:\/\/www.manuatahitianart.com\/fr\/wp-json\/wp\/v2\/product_tag?post=2326"}],"curies":[{"name":"wp","href":"https:\/\/api.w.org\/{rel}","templated":true}]}}