{"id":1819,"date":"2020-10-08T11:03:10","date_gmt":"2020-11-04T02:40:25","guid":{"rendered":"https:\/\/www.manuatahitianart.com\/test\/collections\/uu-fr\/"},"modified":"2020-11-03T16:40:25","modified_gmt":"2020-11-04T02:40:25","slug":"uu-fr","status":"publish","type":"product","link":"https:\/\/www.manuatahitianart.com\/fr\/collections\/uu-fr\/","title":{"rendered":"U&rsquo;U"},"content":{"rendered":"","protected":false},"excerpt":{"rendered":"<p>\u00ab\u00a0U&rsquo;U\u00a0\u00bb (casse-t\u00eate) en bois de \u00ab\u00a0Tou\u00a0\u00bb (noyer d&rsquo;oc\u00e9anie) &#8211; Archipel des Marquises. R\u00e9serv\u00e9 autrefois \u00e0 la seule caste des guerriers, le U&rsquo;U (casse-t\u00eate) des Marquises est un des object les plus connus et les plus recherch\u00e9s par les collectionneurs. Sculpt\u00e9 dans du bois dur (bois de fer), il \u00e9tait une arme redoutable dans les combats corps-\u00e0-corps.<\/p>\n<p><em>Disponible dans diff\u00e9rentes tailles.<\/em><\/p>\n","protected":false},"featured_media":1820,"template":"","meta":{"_et_pb_use_builder":"","_et_pb_old_content":"","_et_gb_content_width":""},"product_brand":[],"product_cat":[60],"product_tag":[],"class_list":{"0":"post-1819","1":"product","2":"type-product","3":"status-publish","4":"has-post-thumbnail","6":"product_cat-bois","8":"first","9":"instock","10":"shipping-taxable","11":"product-type-simple"},"yoast_head":"<!-- This site is optimized with the Yoast SEO plugin v27.4 - https:\/\/yoast.com\/product\/yoast-seo-wordpress\/ -->\n<title>U&#039;U - Manua Exquisite Art<\/title>\n<meta name=\"robots\" content=\"index, follow, max-snippet:-1, max-image-preview:large, max-video-preview:-1\" \/>\n<link rel=\"canonical\" href=\"https:\/\/www.manuatahitianart.com\/fr\/collections\/uu-fr\/\" \/>\n<meta property=\"og:locale\" content=\"fr_FR\" \/>\n<meta property=\"og:type\" content=\"article\" \/>\n<meta property=\"og:title\" content=\"U&#039;U - Manua Exquisite Art\" \/>\n<meta property=\"og:description\" content=\"&quot;U&#039;U&quot; (casse-t\u00eate) en bois de &quot;Tou&quot; (noyer d&#039;oc\u00e9anie) - Archipel des Marquises. R\u00e9serv\u00e9 autrefois \u00e0 la seule caste des guerriers, le U&#039;U (casse-t\u00eate) des Marquises est un des object les plus connus et les plus recherch\u00e9s par les collectionneurs. Sculpt\u00e9 dans du bois dur (bois de fer), il \u00e9tait une arme redoutable dans les combats corps-\u00e0-corps. Disponible dans diff\u00e9rentes tailles.\" \/>\n<meta property=\"og:url\" content=\"https:\/\/www.manuatahitianart.com\/fr\/collections\/uu-fr\/\" \/>\n<meta property=\"og:site_name\" content=\"Manua Exquisite Art\" \/>\n<meta property=\"og:image\" content=\"https:\/\/www.manuatahitianart.com\/wp-content\/uploads\/2020\/07\/IMG_4846.jpeg-scaled.jpg\" \/>\n\t<meta property=\"og:image:width\" content=\"1146\" \/>\n\t<meta property=\"og:image:height\" content=\"2560\" \/>\n\t<meta property=\"og:image:type\" content=\"image\/jpeg\" \/>\n<meta name=\"twitter:card\" content=\"summary_large_image\" \/>\n<script type=\"application\/ld+json\" class=\"yoast-schema-graph\">{\"@context\":\"https:\\\/\\\/schema.org\",\"@graph\":[{\"@type\":\"WebPage\",\"@id\":\"https:\\\/\\\/www.manuatahitianart.com\\\/fr\\\/collections\\\/uu-fr\\\/\",\"url\":\"https:\\\/\\\/www.manuatahitianart.com\\\/fr\\\/collections\\\/uu-fr\\\/\",\"name\":\"U'U - Manua Exquisite Art\",\"isPartOf\":{\"@id\":\"https:\\\/\\\/www.manuatahitianart.com\\\/#website\"},\"primaryImageOfPage\":{\"@id\":\"https:\\\/\\\/www.manuatahitianart.com\\\/fr\\\/collections\\\/uu-fr\\\/#primaryimage\"},\"image\":{\"@id\":\"https:\\\/\\\/www.manuatahitianart.com\\\/fr\\\/collections\\\/uu-fr\\\/#primaryimage\"},\"thumbnailUrl\":\"https:\\\/\\\/www.manuatahitianart.com\\\/wp-content\\\/uploads\\\/2020\\\/07\\\/IMG_4846.jpeg-scaled.jpg\",\"datePublished\":\"2020-11-04T02:40:25+00:00\",\"breadcrumb\":{\"@id\":\"https:\\\/\\\/www.manuatahitianart.com\\\/fr\\\/collections\\\/uu-fr\\\/#breadcrumb\"},\"inLanguage\":\"fr-FR\",\"potentialAction\":[{\"@type\":\"ReadAction\",\"target\":[\"https:\\\/\\\/www.manuatahitianart.com\\\/fr\\\/collections\\\/uu-fr\\\/\"]}]},{\"@type\":\"ImageObject\",\"inLanguage\":\"fr-FR\",\"@id\":\"https:\\\/\\\/www.manuatahitianart.com\\\/fr\\\/collections\\\/uu-fr\\\/#primaryimage\",\"url\":\"https:\\\/\\\/www.manuatahitianart.com\\\/wp-content\\\/uploads\\\/2020\\\/07\\\/IMG_4846.jpeg-scaled.jpg\",\"contentUrl\":\"https:\\\/\\\/www.manuatahitianart.com\\\/wp-content\\\/uploads\\\/2020\\\/07\\\/IMG_4846.jpeg-scaled.jpg\",\"width\":1146,\"height\":2560},{\"@type\":\"BreadcrumbList\",\"@id\":\"https:\\\/\\\/www.manuatahitianart.com\\\/fr\\\/collections\\\/uu-fr\\\/#breadcrumb\",\"itemListElement\":[{\"@type\":\"ListItem\",\"position\":1,\"name\":\"Accueil\",\"item\":\"https:\\\/\\\/www.manuatahitianart.com\\\/fr\\\/\"},{\"@type\":\"ListItem\",\"position\":2,\"name\":\"Shop\",\"item\":\"https:\\\/\\\/www.manuatahitianart.com\\\/shop\\\/\"},{\"@type\":\"ListItem\",\"position\":3,\"name\":\"U&rsquo;U\"}]},{\"@type\":\"WebSite\",\"@id\":\"https:\\\/\\\/www.manuatahitianart.com\\\/#website\",\"url\":\"https:\\\/\\\/www.manuatahitianart.com\\\/\",\"name\":\"Manua Exquisite Art\",\"description\":\"Polynesian Gallery, Contemporary and Ethnic Art\",\"publisher\":{\"@id\":\"https:\\\/\\\/www.manuatahitianart.com\\\/#organization\"},\"potentialAction\":[{\"@type\":\"SearchAction\",\"target\":{\"@type\":\"EntryPoint\",\"urlTemplate\":\"https:\\\/\\\/www.manuatahitianart.com\\\/?s={search_term_string}\"},\"query-input\":{\"@type\":\"PropertyValueSpecification\",\"valueRequired\":true,\"valueName\":\"search_term_string\"}}],\"inLanguage\":\"fr-FR\"},{\"@type\":\"Organization\",\"@id\":\"https:\\\/\\\/www.manuatahitianart.com\\\/#organization\",\"name\":\"Manua Tahitian Art\",\"url\":\"https:\\\/\\\/www.manuatahitianart.com\\\/\",\"logo\":{\"@type\":\"ImageObject\",\"inLanguage\":\"fr-FR\",\"@id\":\"https:\\\/\\\/www.manuatahitianart.com\\\/#\\\/schema\\\/logo\\\/image\\\/\",\"url\":\"https:\\\/\\\/www.manuatahitianart.com\\\/wp-content\\\/uploads\\\/2016\\\/05\\\/manualogo.png\",\"contentUrl\":\"https:\\\/\\\/www.manuatahitianart.com\\\/wp-content\\\/uploads\\\/2016\\\/05\\\/manualogo.png\",\"width\":310,\"height\":134,\"caption\":\"Manua Tahitian Art\"},\"image\":{\"@id\":\"https:\\\/\\\/www.manuatahitianart.com\\\/#\\\/schema\\\/logo\\\/image\\\/\"}}]}<\/script>\n<!-- \/ Yoast SEO plugin. -->","yoast_head_json":{"title":"U'U - Manua Exquisite Art","robots":{"index":"index","follow":"follow","max-snippet":"max-snippet:-1","max-image-preview":"max-image-preview:large","max-video-preview":"max-video-preview:-1"},"canonical":"https:\/\/www.manuatahitianart.com\/fr\/collections\/uu-fr\/","og_locale":"fr_FR","og_type":"article","og_title":"U'U - Manua Exquisite Art","og_description":"\"U'U\" (casse-t\u00eate) en bois de \"Tou\" (noyer d'oc\u00e9anie) - Archipel des Marquises. R\u00e9serv\u00e9 autrefois \u00e0 la seule caste des guerriers, le U'U (casse-t\u00eate) des Marquises est un des object les plus connus et les plus recherch\u00e9s par les collectionneurs. Sculpt\u00e9 dans du bois dur (bois de fer), il \u00e9tait une arme redoutable dans les combats corps-\u00e0-corps. Disponible dans diff\u00e9rentes tailles.","og_url":"https:\/\/www.manuatahitianart.com\/fr\/collections\/uu-fr\/","og_site_name":"Manua Exquisite Art","og_image":[{"width":1146,"height":2560,"url":"https:\/\/www.manuatahitianart.com\/wp-content\/uploads\/2020\/07\/IMG_4846.jpeg-scaled.jpg","type":"image\/jpeg"}],"twitter_card":"summary_large_image","schema":{"@context":"https:\/\/schema.org","@graph":[{"@type":"WebPage","@id":"https:\/\/www.manuatahitianart.com\/fr\/collections\/uu-fr\/","url":"https:\/\/www.manuatahitianart.com\/fr\/collections\/uu-fr\/","name":"U'U - Manua Exquisite Art","isPartOf":{"@id":"https:\/\/www.manuatahitianart.com\/#website"},"primaryImageOfPage":{"@id":"https:\/\/www.manuatahitianart.com\/fr\/collections\/uu-fr\/#primaryimage"},"image":{"@id":"https:\/\/www.manuatahitianart.com\/fr\/collections\/uu-fr\/#primaryimage"},"thumbnailUrl":"https:\/\/www.manuatahitianart.com\/wp-content\/uploads\/2020\/07\/IMG_4846.jpeg-scaled.jpg","datePublished":"2020-11-04T02:40:25+00:00","breadcrumb":{"@id":"https:\/\/www.manuatahitianart.com\/fr\/collections\/uu-fr\/#breadcrumb"},"inLanguage":"fr-FR","potentialAction":[{"@type":"ReadAction","target":["https:\/\/www.manuatahitianart.com\/fr\/collections\/uu-fr\/"]}]},{"@type":"ImageObject","inLanguage":"fr-FR","@id":"https:\/\/www.manuatahitianart.com\/fr\/collections\/uu-fr\/#primaryimage","url":"https:\/\/www.manuatahitianart.com\/wp-content\/uploads\/2020\/07\/IMG_4846.jpeg-scaled.jpg","contentUrl":"https:\/\/www.manuatahitianart.com\/wp-content\/uploads\/2020\/07\/IMG_4846.jpeg-scaled.jpg","width":1146,"height":2560},{"@type":"BreadcrumbList","@id":"https:\/\/www.manuatahitianart.com\/fr\/collections\/uu-fr\/#breadcrumb","itemListElement":[{"@type":"ListItem","position":1,"name":"Accueil","item":"https:\/\/www.manuatahitianart.com\/fr\/"},{"@type":"ListItem","position":2,"name":"Shop","item":"https:\/\/www.manuatahitianart.com\/shop\/"},{"@type":"ListItem","position":3,"name":"U&rsquo;U"}]},{"@type":"WebSite","@id":"https:\/\/www.manuatahitianart.com\/#website","url":"https:\/\/www.manuatahitianart.com\/","name":"Manua Exquisite Art","description":"Polynesian Gallery, Contemporary and Ethnic Art","publisher":{"@id":"https:\/\/www.manuatahitianart.com\/#organization"},"potentialAction":[{"@type":"SearchAction","target":{"@type":"EntryPoint","urlTemplate":"https:\/\/www.manuatahitianart.com\/?s={search_term_string}"},"query-input":{"@type":"PropertyValueSpecification","valueRequired":true,"valueName":"search_term_string"}}],"inLanguage":"fr-FR"},{"@type":"Organization","@id":"https:\/\/www.manuatahitianart.com\/#organization","name":"Manua Tahitian Art","url":"https:\/\/www.manuatahitianart.com\/","logo":{"@type":"ImageObject","inLanguage":"fr-FR","@id":"https:\/\/www.manuatahitianart.com\/#\/schema\/logo\/image\/","url":"https:\/\/www.manuatahitianart.com\/wp-content\/uploads\/2016\/05\/manualogo.png","contentUrl":"https:\/\/www.manuatahitianart.com\/wp-content\/uploads\/2016\/05\/manualogo.png","width":310,"height":134,"caption":"Manua Tahitian Art"},"image":{"@id":"https:\/\/www.manuatahitianart.com\/#\/schema\/logo\/image\/"}}]}},"_links":{"self":[{"href":"https:\/\/www.manuatahitianart.com\/fr\/wp-json\/wp\/v2\/product\/1819","targetHints":{"allow":["GET"]}}],"collection":[{"href":"https:\/\/www.manuatahitianart.com\/fr\/wp-json\/wp\/v2\/product"}],"about":[{"href":"https:\/\/www.manuatahitianart.com\/fr\/wp-json\/wp\/v2\/types\/product"}],"wp:featuredmedia":[{"embeddable":true,"href":"https:\/\/www.manuatahitianart.com\/fr\/wp-json\/wp\/v2\/media\/1820"}],"wp:attachment":[{"href":"https:\/\/www.manuatahitianart.com\/fr\/wp-json\/wp\/v2\/media?parent=1819"}],"wp:term":[{"taxonomy":"product_brand","embeddable":true,"href":"https:\/\/www.manuatahitianart.com\/fr\/wp-json\/wp\/v2\/product_brand?post=1819"},{"taxonomy":"product_cat","embeddable":true,"href":"https:\/\/www.manuatahitianart.com\/fr\/wp-json\/wp\/v2\/product_cat?post=1819"},{"taxonomy":"product_tag","embeddable":true,"href":"https:\/\/www.manuatahitianart.com\/fr\/wp-json\/wp\/v2\/product_tag?post=1819"}],"curies":[{"name":"wp","href":"https:\/\/api.w.org\/{rel}","templated":true}]}}