{"id":1794,"date":"2020-10-08T11:03:12","date_gmt":"2020-11-04T01:39:42","guid":{"rendered":"https:\/\/www.manuatahitianart.com\/test\/collections\/tahii\/"},"modified":"2020-11-03T16:21:27","modified_gmt":"2020-11-04T02:21:27","slug":"tahii","status":"publish","type":"product","link":"https:\/\/www.manuatahitianart.com\/fr\/collections\/tahii\/","title":{"rendered":"Tahi&rsquo;i"},"content":{"rendered":"","protected":false},"excerpt":{"rendered":"<p>\u00ab\u00a0Tahi&rsquo;i\u00a0\u00bb, \u00e9ventail en bois de \u00ab\u00a0Tou\u00a0\u00bb (noyer d&rsquo;oc\u00e9anie) et pandanus tress\u00e9 &#8211; Archipel des Marquises. Les \u00e9ventails Marquisiens, objects de prestige, sont parmi les \u00e9l\u00e9ments de parure les plus beaux du monde Polyn\u00e9sien, et seuls les guerriers ou femmes et hommes de haut-rang \u00e9taient autoris\u00e9s \u00e0 les manipuler.<\/p>\n","protected":false},"featured_media":1795,"template":"","meta":{"_et_pb_use_builder":"","_et_pb_old_content":"","_et_gb_content_width":""},"product_brand":[],"product_cat":[60],"product_tag":[],"class_list":{"0":"post-1794","1":"product","2":"type-product","3":"status-publish","4":"has-post-thumbnail","6":"product_cat-bois","8":"first","9":"instock","10":"shipping-taxable","11":"product-type-simple"},"yoast_head":"<!-- This site is optimized with the Yoast SEO plugin v27.4 - https:\/\/yoast.com\/product\/yoast-seo-wordpress\/ -->\n<title>Tahi&#039;i - Manua Exquisite Art<\/title>\n<meta name=\"robots\" content=\"index, follow, max-snippet:-1, max-image-preview:large, max-video-preview:-1\" \/>\n<link rel=\"canonical\" href=\"https:\/\/www.manuatahitianart.com\/fr\/collections\/tahii\/\" \/>\n<meta property=\"og:locale\" content=\"fr_FR\" \/>\n<meta property=\"og:type\" content=\"article\" \/>\n<meta property=\"og:title\" content=\"Tahi&#039;i - Manua Exquisite Art\" \/>\n<meta property=\"og:description\" content=\"&quot;Tahi&#039;i&quot;, \u00e9ventail en bois de &quot;Tou&quot; (noyer d&#039;oc\u00e9anie) et pandanus tress\u00e9 - Archipel des Marquises. Les \u00e9ventails Marquisiens, objects de prestige, sont parmi les \u00e9l\u00e9ments de parure les plus beaux du monde Polyn\u00e9sien, et seuls les guerriers ou femmes et hommes de haut-rang \u00e9taient autoris\u00e9s \u00e0 les manipuler.\" \/>\n<meta property=\"og:url\" content=\"https:\/\/www.manuatahitianart.com\/fr\/collections\/tahii\/\" \/>\n<meta property=\"og:site_name\" content=\"Manua Exquisite Art\" \/>\n<meta property=\"article:modified_time\" content=\"2020-11-04T02:21:27+00:00\" \/>\n<meta property=\"og:image\" content=\"https:\/\/www.manuatahitianart.com\/wp-content\/uploads\/2020\/07\/08072020-DSC_3675-Modifier.jpg\" \/>\n\t<meta property=\"og:image:width\" content=\"800\" \/>\n\t<meta property=\"og:image:height\" content=\"535\" \/>\n\t<meta property=\"og:image:type\" content=\"image\/jpeg\" \/>\n<meta name=\"twitter:card\" content=\"summary_large_image\" \/>\n<script type=\"application\/ld+json\" class=\"yoast-schema-graph\">{\"@context\":\"https:\\\/\\\/schema.org\",\"@graph\":[{\"@type\":\"WebPage\",\"@id\":\"https:\\\/\\\/www.manuatahitianart.com\\\/fr\\\/collections\\\/tahii\\\/\",\"url\":\"https:\\\/\\\/www.manuatahitianart.com\\\/fr\\\/collections\\\/tahii\\\/\",\"name\":\"Tahi'i - Manua Exquisite Art\",\"isPartOf\":{\"@id\":\"https:\\\/\\\/www.manuatahitianart.com\\\/#website\"},\"primaryImageOfPage\":{\"@id\":\"https:\\\/\\\/www.manuatahitianart.com\\\/fr\\\/collections\\\/tahii\\\/#primaryimage\"},\"image\":{\"@id\":\"https:\\\/\\\/www.manuatahitianart.com\\\/fr\\\/collections\\\/tahii\\\/#primaryimage\"},\"thumbnailUrl\":\"https:\\\/\\\/www.manuatahitianart.com\\\/wp-content\\\/uploads\\\/2020\\\/07\\\/08072020-DSC_3675-Modifier.jpg\",\"datePublished\":\"2020-11-04T01:39:42+00:00\",\"dateModified\":\"2020-11-04T02:21:27+00:00\",\"breadcrumb\":{\"@id\":\"https:\\\/\\\/www.manuatahitianart.com\\\/fr\\\/collections\\\/tahii\\\/#breadcrumb\"},\"inLanguage\":\"fr-FR\",\"potentialAction\":[{\"@type\":\"ReadAction\",\"target\":[\"https:\\\/\\\/www.manuatahitianart.com\\\/fr\\\/collections\\\/tahii\\\/\"]}]},{\"@type\":\"ImageObject\",\"inLanguage\":\"fr-FR\",\"@id\":\"https:\\\/\\\/www.manuatahitianart.com\\\/fr\\\/collections\\\/tahii\\\/#primaryimage\",\"url\":\"https:\\\/\\\/www.manuatahitianart.com\\\/wp-content\\\/uploads\\\/2020\\\/07\\\/08072020-DSC_3675-Modifier.jpg\",\"contentUrl\":\"https:\\\/\\\/www.manuatahitianart.com\\\/wp-content\\\/uploads\\\/2020\\\/07\\\/08072020-DSC_3675-Modifier.jpg\",\"width\":800,\"height\":535},{\"@type\":\"BreadcrumbList\",\"@id\":\"https:\\\/\\\/www.manuatahitianart.com\\\/fr\\\/collections\\\/tahii\\\/#breadcrumb\",\"itemListElement\":[{\"@type\":\"ListItem\",\"position\":1,\"name\":\"Accueil\",\"item\":\"https:\\\/\\\/www.manuatahitianart.com\\\/fr\\\/\"},{\"@type\":\"ListItem\",\"position\":2,\"name\":\"Shop\",\"item\":\"https:\\\/\\\/www.manuatahitianart.com\\\/shop\\\/\"},{\"@type\":\"ListItem\",\"position\":3,\"name\":\"Tahi&rsquo;i\"}]},{\"@type\":\"WebSite\",\"@id\":\"https:\\\/\\\/www.manuatahitianart.com\\\/#website\",\"url\":\"https:\\\/\\\/www.manuatahitianart.com\\\/\",\"name\":\"Manua Exquisite Art\",\"description\":\"Polynesian Gallery, Contemporary and Ethnic Art\",\"publisher\":{\"@id\":\"https:\\\/\\\/www.manuatahitianart.com\\\/#organization\"},\"potentialAction\":[{\"@type\":\"SearchAction\",\"target\":{\"@type\":\"EntryPoint\",\"urlTemplate\":\"https:\\\/\\\/www.manuatahitianart.com\\\/?s={search_term_string}\"},\"query-input\":{\"@type\":\"PropertyValueSpecification\",\"valueRequired\":true,\"valueName\":\"search_term_string\"}}],\"inLanguage\":\"fr-FR\"},{\"@type\":\"Organization\",\"@id\":\"https:\\\/\\\/www.manuatahitianart.com\\\/#organization\",\"name\":\"Manua Tahitian Art\",\"url\":\"https:\\\/\\\/www.manuatahitianart.com\\\/\",\"logo\":{\"@type\":\"ImageObject\",\"inLanguage\":\"fr-FR\",\"@id\":\"https:\\\/\\\/www.manuatahitianart.com\\\/#\\\/schema\\\/logo\\\/image\\\/\",\"url\":\"https:\\\/\\\/www.manuatahitianart.com\\\/wp-content\\\/uploads\\\/2016\\\/05\\\/manualogo.png\",\"contentUrl\":\"https:\\\/\\\/www.manuatahitianart.com\\\/wp-content\\\/uploads\\\/2016\\\/05\\\/manualogo.png\",\"width\":310,\"height\":134,\"caption\":\"Manua Tahitian Art\"},\"image\":{\"@id\":\"https:\\\/\\\/www.manuatahitianart.com\\\/#\\\/schema\\\/logo\\\/image\\\/\"}}]}<\/script>\n<!-- \/ Yoast SEO plugin. -->","yoast_head_json":{"title":"Tahi'i - Manua Exquisite Art","robots":{"index":"index","follow":"follow","max-snippet":"max-snippet:-1","max-image-preview":"max-image-preview:large","max-video-preview":"max-video-preview:-1"},"canonical":"https:\/\/www.manuatahitianart.com\/fr\/collections\/tahii\/","og_locale":"fr_FR","og_type":"article","og_title":"Tahi'i - Manua Exquisite Art","og_description":"\"Tahi'i\", \u00e9ventail en bois de \"Tou\" (noyer d'oc\u00e9anie) et pandanus tress\u00e9 - Archipel des Marquises. Les \u00e9ventails Marquisiens, objects de prestige, sont parmi les \u00e9l\u00e9ments de parure les plus beaux du monde Polyn\u00e9sien, et seuls les guerriers ou femmes et hommes de haut-rang \u00e9taient autoris\u00e9s \u00e0 les manipuler.","og_url":"https:\/\/www.manuatahitianart.com\/fr\/collections\/tahii\/","og_site_name":"Manua Exquisite Art","article_modified_time":"2020-11-04T02:21:27+00:00","og_image":[{"width":800,"height":535,"url":"https:\/\/www.manuatahitianart.com\/wp-content\/uploads\/2020\/07\/08072020-DSC_3675-Modifier.jpg","type":"image\/jpeg"}],"twitter_card":"summary_large_image","schema":{"@context":"https:\/\/schema.org","@graph":[{"@type":"WebPage","@id":"https:\/\/www.manuatahitianart.com\/fr\/collections\/tahii\/","url":"https:\/\/www.manuatahitianart.com\/fr\/collections\/tahii\/","name":"Tahi'i - Manua Exquisite Art","isPartOf":{"@id":"https:\/\/www.manuatahitianart.com\/#website"},"primaryImageOfPage":{"@id":"https:\/\/www.manuatahitianart.com\/fr\/collections\/tahii\/#primaryimage"},"image":{"@id":"https:\/\/www.manuatahitianart.com\/fr\/collections\/tahii\/#primaryimage"},"thumbnailUrl":"https:\/\/www.manuatahitianart.com\/wp-content\/uploads\/2020\/07\/08072020-DSC_3675-Modifier.jpg","datePublished":"2020-11-04T01:39:42+00:00","dateModified":"2020-11-04T02:21:27+00:00","breadcrumb":{"@id":"https:\/\/www.manuatahitianart.com\/fr\/collections\/tahii\/#breadcrumb"},"inLanguage":"fr-FR","potentialAction":[{"@type":"ReadAction","target":["https:\/\/www.manuatahitianart.com\/fr\/collections\/tahii\/"]}]},{"@type":"ImageObject","inLanguage":"fr-FR","@id":"https:\/\/www.manuatahitianart.com\/fr\/collections\/tahii\/#primaryimage","url":"https:\/\/www.manuatahitianart.com\/wp-content\/uploads\/2020\/07\/08072020-DSC_3675-Modifier.jpg","contentUrl":"https:\/\/www.manuatahitianart.com\/wp-content\/uploads\/2020\/07\/08072020-DSC_3675-Modifier.jpg","width":800,"height":535},{"@type":"BreadcrumbList","@id":"https:\/\/www.manuatahitianart.com\/fr\/collections\/tahii\/#breadcrumb","itemListElement":[{"@type":"ListItem","position":1,"name":"Accueil","item":"https:\/\/www.manuatahitianart.com\/fr\/"},{"@type":"ListItem","position":2,"name":"Shop","item":"https:\/\/www.manuatahitianart.com\/shop\/"},{"@type":"ListItem","position":3,"name":"Tahi&rsquo;i"}]},{"@type":"WebSite","@id":"https:\/\/www.manuatahitianart.com\/#website","url":"https:\/\/www.manuatahitianart.com\/","name":"Manua Exquisite Art","description":"Polynesian Gallery, Contemporary and Ethnic Art","publisher":{"@id":"https:\/\/www.manuatahitianart.com\/#organization"},"potentialAction":[{"@type":"SearchAction","target":{"@type":"EntryPoint","urlTemplate":"https:\/\/www.manuatahitianart.com\/?s={search_term_string}"},"query-input":{"@type":"PropertyValueSpecification","valueRequired":true,"valueName":"search_term_string"}}],"inLanguage":"fr-FR"},{"@type":"Organization","@id":"https:\/\/www.manuatahitianart.com\/#organization","name":"Manua Tahitian Art","url":"https:\/\/www.manuatahitianart.com\/","logo":{"@type":"ImageObject","inLanguage":"fr-FR","@id":"https:\/\/www.manuatahitianart.com\/#\/schema\/logo\/image\/","url":"https:\/\/www.manuatahitianart.com\/wp-content\/uploads\/2016\/05\/manualogo.png","contentUrl":"https:\/\/www.manuatahitianart.com\/wp-content\/uploads\/2016\/05\/manualogo.png","width":310,"height":134,"caption":"Manua Tahitian Art"},"image":{"@id":"https:\/\/www.manuatahitianart.com\/#\/schema\/logo\/image\/"}}]}},"_links":{"self":[{"href":"https:\/\/www.manuatahitianart.com\/fr\/wp-json\/wp\/v2\/product\/1794","targetHints":{"allow":["GET"]}}],"collection":[{"href":"https:\/\/www.manuatahitianart.com\/fr\/wp-json\/wp\/v2\/product"}],"about":[{"href":"https:\/\/www.manuatahitianart.com\/fr\/wp-json\/wp\/v2\/types\/product"}],"wp:featuredmedia":[{"embeddable":true,"href":"https:\/\/www.manuatahitianart.com\/fr\/wp-json\/wp\/v2\/media\/1795"}],"wp:attachment":[{"href":"https:\/\/www.manuatahitianart.com\/fr\/wp-json\/wp\/v2\/media?parent=1794"}],"wp:term":[{"taxonomy":"product_brand","embeddable":true,"href":"https:\/\/www.manuatahitianart.com\/fr\/wp-json\/wp\/v2\/product_brand?post=1794"},{"taxonomy":"product_cat","embeddable":true,"href":"https:\/\/www.manuatahitianart.com\/fr\/wp-json\/wp\/v2\/product_cat?post=1794"},{"taxonomy":"product_tag","embeddable":true,"href":"https:\/\/www.manuatahitianart.com\/fr\/wp-json\/wp\/v2\/product_tag?post=1794"}],"curies":[{"name":"wp","href":"https:\/\/api.w.org\/{rel}","templated":true}]}}