{"id":1855,"date":"2020-11-03T17:31:17","date_gmt":"2020-11-04T03:31:17","guid":{"rendered":"https:\/\/www.manuatahitianart.com\/test\/nos-collections\/"},"modified":"2025-05-27T08:21:31","modified_gmt":"2025-05-27T18:21:31","slug":"nos-collections","status":"publish","type":"page","link":"https:\/\/www.manuatahitianart.com\/fr\/nos-collections\/","title":{"rendered":"Collections"},"content":{"rendered":"<p>[et_pb_section fb_built=\u00a0\u00bb1&Prime; _builder_version=\u00a0\u00bb4.5.7&Prime; _module_preset=\u00a0\u00bbab78da04-8ecb-42b3-8283-0afda9b05d88&Prime; background_color=\u00a0\u00bbrgba(0,0,0,0)\u00a0\u00bb background_color_gradient_start=\u00a0\u00bbrgba(0,0,0,0.38)\u00a0\u00bb background_color_gradient_end=\u00a0\u00bbrgba(58,30,18,0)\u00a0\u00bb background_image=\u00a0\u00bbhttps:\/\/www.manuatahitianart.com\/wp-content\/uploads\/2016\/05\/slide6.jpg\u00a0\u00bb height=\u00a0\u00bb300px\u00a0\u00bb max_height=\u00a0\u00bb300px\u00a0\u00bb custom_padding=\u00a0\u00bb13%||13%||true|false\u00a0\u00bb][et_pb_row _builder_version=\u00a0\u00bb4.5.1&Prime; background_size=\u00a0\u00bbinitial\u00a0\u00bb background_position=\u00a0\u00bbtop_left\u00a0\u00bb background_repeat=\u00a0\u00bbrepeat\u00a0\u00bb custom_margin=\u00a0\u00bb-134px|auto||auto||\u00a0\u00bb][et_pb_column type=\u00a0\u00bb4_4&Prime; _builder_version=\u00a0\u00bb3.25&Prime; custom_padding=\u00a0\u00bb|||\u00a0\u00bb custom_padding__hover=\u00a0\u00bb|||\u00a0\u00bb][et_pb_text _builder_version=\u00a0\u00bb4.5.7&Prime; _module_preset=\u00a0\u00bb1c878038-11fe-406a-a9f8-ccd20da1fa45&Prime;]<\/p>\n<h1>Collections<\/h1>\n<h2>Une Passion pour la collection d&rsquo;Art Oc\u00e9anique<\/h2>\n<p>[\/et_pb_text][\/et_pb_column][\/et_pb_row][\/et_pb_section][et_pb_section fb_built=\u00a0\u00bb1&Prime; _builder_version=\u00a0\u00bb4.5.1&Prime; _module_preset=\u00a0\u00bbdefault\u00a0\u00bb][et_pb_row column_structure=\u00a0\u00bb1_2,1_2&Prime; _builder_version=\u00a0\u00bb4.5.6&Prime; _module_preset=\u00a0\u00bbdefault\u00a0\u00bb][et_pb_column type=\u00a0\u00bb1_2&Prime; _builder_version=\u00a0\u00bb4.5.6&Prime; _module_preset=\u00a0\u00bbdefault\u00a0\u00bb][et_pb_text _builder_version=\u00a0\u00bb4.5.6&Prime; _module_preset=\u00a0\u00bbdefault\u00a0\u00bb text_orientation=\u00a0\u00bbcenter\u00a0\u00bb]<\/p>\n<p>Sp\u00e9cialis\u00e9es en Art Polyn\u00e9sien, nos galeries MANUA EXQUISITE TAHITIAN ART<br \/> vous offriront tout ce qu\u2019il y a de plus beau, de plus raffin\u00e9,<br \/> au travers de notre Collection de Tiki, masques, objets de d\u00e9corations, <em>tapas<\/em><br \/> ou pi\u00e8ces plus originales.<\/p>\n<p>Toutes nos pi\u00e8ces sont cr\u00e9\u00e9es dans nos diff\u00e9rents archipels,<br \/> par des Artistes de renom, et faites dans diff\u00e9rents mat\u00e9riaux offerts<br \/> par notre Nature si g\u00e9n\u00e9reuse.<\/p>\n<p>[\/et_pb_text][\/et_pb_column][et_pb_column type=\u00a0\u00bb1_2&Prime; _builder_version=\u00a0\u00bb4.5.6&Prime; _module_preset=\u00a0\u00bbdefault\u00a0\u00bb][et_pb_text _builder_version=\u00a0\u00bb4.5.6&Prime; _module_preset=\u00a0\u00bbdefault\u00a0\u00bb text_orientation=\u00a0\u00bbcenter\u00a0\u00bb]<\/p>\n<p>A travers nos Collections provenant des archipels des Australes, des Marquises<br \/> ou de la Soci\u00e9t\u00e9, prenez le temps de voyager, de d\u00e9couvrir<br \/> notre Culture si riche.<\/p>\n<p>Venez admirer la pierre fleurie des Marquises, les bois de \u2018\u2019<em>Tou<\/em>\u2019\u2019<br \/> (noyer d\u2019Oc\u00e9anie) ou de \u2018\u2019<em>Miro<\/em>\u2019\u2019 (bois de rose), ou encore les d\u00e9grad\u00e9s de couleurs magnifiques<br \/> de nos nacres.<\/p>\n<p>[\/et_pb_text][\/et_pb_column][\/et_pb_row][et_pb_row _builder_version=\u00a0\u00bb4.5.6&Prime; _module_preset=\u00a0\u00bbdefault\u00a0\u00bb][et_pb_column type=\u00a0\u00bb4_4&Prime; _builder_version=\u00a0\u00bb4.5.6&Prime; _module_preset=\u00a0\u00bbdefault\u00a0\u00bb][et_pb_text _builder_version=\u00a0\u00bb4.5.6&Prime; _module_preset=\u00a0\u00bbdefault\u00a0\u00bb text_orientation=\u00a0\u00bbcenter\u00a0\u00bb]<\/p>\n<p>Chaque pi\u00e8ce est unique, authentique, faite \u00e0 la main.<br \/> Dans chacune d\u2019elle, retrouvez une histoire, une l\u00e9gende,\u2026 le \u00ab <em>mana<\/em> \u00bb<br \/> qui sommeille en elle.<\/p>\n<p>[\/et_pb_text][\/et_pb_column][\/et_pb_row][et_pb_row _builder_version=\u00a0\u00bb4.5.1&Prime; _module_preset=\u00a0\u00bbdefault\u00a0\u00bb][et_pb_column type=\u00a0\u00bb4_4&Prime; _builder_version=\u00a0\u00bb4.5.1&Prime; _module_preset=\u00a0\u00bbdefault\u00a0\u00bb][et_pb_shop _builder_version=\u00a0\u00bb4.5.7&Prime; _module_preset=\u00a0\u00bbdefault\u00a0\u00bb title_font=\u00a0\u00bbRaleway|||on|||||\u00a0\u00bb title_text_align=\u00a0\u00bbcenter\u00a0\u00bb][\/et_pb_shop][\/et_pb_column][\/et_pb_row][\/et_pb_section]<\/p>\n","protected":false},"excerpt":{"rendered":"<p>Collections Une Passion pour la collection d&rsquo;Art Oc\u00e9aniqueSp\u00e9cialis\u00e9es en Art Polyn\u00e9sien, nos galeries MANUA EXQUISITE TAHITIAN ART vous offriront tout ce qu\u2019il y a de plus beau, de plus raffin\u00e9, au travers de notre Collection de Tiki, masques, objets de d\u00e9corations, tapas ou pi\u00e8ces plus originales. Toutes nos pi\u00e8ces sont cr\u00e9\u00e9es dans nos diff\u00e9rents archipels, [&hellip;]<\/p>\n","protected":false},"author":4,"featured_media":0,"parent":0,"menu_order":0,"comment_status":"closed","ping_status":"closed","template":"","meta":{"_et_pb_use_builder":"on","_et_pb_old_content":"","_et_gb_content_width":"","footnotes":""},"class_list":["post-1855","page","type-page","status-publish","hentry"],"yoast_head":"<!-- This site is optimized with the Yoast SEO plugin v27.4 - https:\/\/yoast.com\/product\/yoast-seo-wordpress\/ -->\n<title>Collections - Manua Exquisite Art<\/title>\n<meta name=\"robots\" content=\"index, follow, max-snippet:-1, max-image-preview:large, max-video-preview:-1\" \/>\n<link rel=\"canonical\" href=\"https:\/\/www.manuatahitianart.com\/fr\/nos-collections\/\" \/>\n<meta property=\"og:locale\" content=\"fr_FR\" \/>\n<meta property=\"og:type\" content=\"article\" \/>\n<meta property=\"og:title\" content=\"Collections - Manua Exquisite Art\" \/>\n<meta property=\"og:description\" content=\"Collections Une Passion pour la collection d&#039;Art Oc\u00e9aniqueSp\u00e9cialis\u00e9es en Art Polyn\u00e9sien, nos galeries MANUA EXQUISITE TAHITIAN ART vous offriront tout ce qu\u2019il y a de plus beau, de plus raffin\u00e9, au travers de notre Collection de Tiki, masques, objets de d\u00e9corations, tapas ou pi\u00e8ces plus originales. Toutes nos pi\u00e8ces sont cr\u00e9\u00e9es dans nos diff\u00e9rents archipels, [&hellip;]\" \/>\n<meta property=\"og:url\" content=\"https:\/\/www.manuatahitianart.com\/fr\/nos-collections\/\" \/>\n<meta property=\"og:site_name\" content=\"Manua Exquisite Art\" \/>\n<meta property=\"article:modified_time\" content=\"2025-05-27T18:21:31+00:00\" \/>\n<meta property=\"og:image\" content=\"https:\/\/www.manuatahitianart.com\/wp-content\/uploads\/2021\/03\/Manua-Exquisite-Tahitian-Art-Four-Seasons-Resort-Bora-Bora-1024x768-1.jpg\" \/>\n\t<meta property=\"og:image:width\" content=\"1200\" \/>\n\t<meta property=\"og:image:height\" content=\"900\" \/>\n\t<meta property=\"og:image:type\" content=\"image\/jpeg\" \/>\n<meta name=\"twitter:card\" content=\"summary_large_image\" \/>\n<meta name=\"twitter:label1\" content=\"Dur\u00e9e de lecture estim\u00e9e\" \/>\n\t<meta name=\"twitter:data1\" content=\"2 minutes\" \/>\n<script type=\"application\/ld+json\" class=\"yoast-schema-graph\">{\"@context\":\"https:\\\/\\\/schema.org\",\"@graph\":[{\"@type\":\"WebPage\",\"@id\":\"https:\\\/\\\/www.manuatahitianart.com\\\/fr\\\/nos-collections\\\/\",\"url\":\"https:\\\/\\\/www.manuatahitianart.com\\\/fr\\\/nos-collections\\\/\",\"name\":\"Collections - Manua Exquisite Art\",\"isPartOf\":{\"@id\":\"https:\\\/\\\/www.manuatahitianart.com\\\/#website\"},\"datePublished\":\"2020-11-04T03:31:17+00:00\",\"dateModified\":\"2025-05-27T18:21:31+00:00\",\"breadcrumb\":{\"@id\":\"https:\\\/\\\/www.manuatahitianart.com\\\/fr\\\/nos-collections\\\/#breadcrumb\"},\"inLanguage\":\"fr-FR\",\"potentialAction\":[{\"@type\":\"ReadAction\",\"target\":[\"https:\\\/\\\/www.manuatahitianart.com\\\/fr\\\/nos-collections\\\/\"]}]},{\"@type\":\"BreadcrumbList\",\"@id\":\"https:\\\/\\\/www.manuatahitianart.com\\\/fr\\\/nos-collections\\\/#breadcrumb\",\"itemListElement\":[{\"@type\":\"ListItem\",\"position\":1,\"name\":\"Accueil\",\"item\":\"https:\\\/\\\/www.manuatahitianart.com\\\/fr\\\/\"},{\"@type\":\"ListItem\",\"position\":2,\"name\":\"Collections\"}]},{\"@type\":\"WebSite\",\"@id\":\"https:\\\/\\\/www.manuatahitianart.com\\\/#website\",\"url\":\"https:\\\/\\\/www.manuatahitianart.com\\\/\",\"name\":\"Manua Exquisite Art\",\"description\":\"Polynesian Gallery, Contemporary and Ethnic Art\",\"publisher\":{\"@id\":\"https:\\\/\\\/www.manuatahitianart.com\\\/#organization\"},\"potentialAction\":[{\"@type\":\"SearchAction\",\"target\":{\"@type\":\"EntryPoint\",\"urlTemplate\":\"https:\\\/\\\/www.manuatahitianart.com\\\/?s={search_term_string}\"},\"query-input\":{\"@type\":\"PropertyValueSpecification\",\"valueRequired\":true,\"valueName\":\"search_term_string\"}}],\"inLanguage\":\"fr-FR\"},{\"@type\":\"Organization\",\"@id\":\"https:\\\/\\\/www.manuatahitianart.com\\\/#organization\",\"name\":\"Manua Tahitian Art\",\"url\":\"https:\\\/\\\/www.manuatahitianart.com\\\/\",\"logo\":{\"@type\":\"ImageObject\",\"inLanguage\":\"fr-FR\",\"@id\":\"https:\\\/\\\/www.manuatahitianart.com\\\/#\\\/schema\\\/logo\\\/image\\\/\",\"url\":\"https:\\\/\\\/www.manuatahitianart.com\\\/wp-content\\\/uploads\\\/2016\\\/05\\\/manualogo.png\",\"contentUrl\":\"https:\\\/\\\/www.manuatahitianart.com\\\/wp-content\\\/uploads\\\/2016\\\/05\\\/manualogo.png\",\"width\":310,\"height\":134,\"caption\":\"Manua Tahitian Art\"},\"image\":{\"@id\":\"https:\\\/\\\/www.manuatahitianart.com\\\/#\\\/schema\\\/logo\\\/image\\\/\"}}]}<\/script>\n<!-- \/ Yoast SEO plugin. -->","yoast_head_json":{"title":"Collections - Manua Exquisite Art","robots":{"index":"index","follow":"follow","max-snippet":"max-snippet:-1","max-image-preview":"max-image-preview:large","max-video-preview":"max-video-preview:-1"},"canonical":"https:\/\/www.manuatahitianart.com\/fr\/nos-collections\/","og_locale":"fr_FR","og_type":"article","og_title":"Collections - Manua Exquisite Art","og_description":"Collections Une Passion pour la collection d'Art Oc\u00e9aniqueSp\u00e9cialis\u00e9es en Art Polyn\u00e9sien, nos galeries MANUA EXQUISITE TAHITIAN ART vous offriront tout ce qu\u2019il y a de plus beau, de plus raffin\u00e9, au travers de notre Collection de Tiki, masques, objets de d\u00e9corations, tapas ou pi\u00e8ces plus originales. Toutes nos pi\u00e8ces sont cr\u00e9\u00e9es dans nos diff\u00e9rents archipels, [&hellip;]","og_url":"https:\/\/www.manuatahitianart.com\/fr\/nos-collections\/","og_site_name":"Manua Exquisite Art","article_modified_time":"2025-05-27T18:21:31+00:00","og_image":[{"width":1200,"height":900,"url":"https:\/\/www.manuatahitianart.com\/wp-content\/uploads\/2021\/03\/Manua-Exquisite-Tahitian-Art-Four-Seasons-Resort-Bora-Bora-1024x768-1.jpg","type":"image\/jpeg"}],"twitter_card":"summary_large_image","twitter_misc":{"Dur\u00e9e de lecture estim\u00e9e":"2 minutes"},"schema":{"@context":"https:\/\/schema.org","@graph":[{"@type":"WebPage","@id":"https:\/\/www.manuatahitianart.com\/fr\/nos-collections\/","url":"https:\/\/www.manuatahitianart.com\/fr\/nos-collections\/","name":"Collections - Manua Exquisite Art","isPartOf":{"@id":"https:\/\/www.manuatahitianart.com\/#website"},"datePublished":"2020-11-04T03:31:17+00:00","dateModified":"2025-05-27T18:21:31+00:00","breadcrumb":{"@id":"https:\/\/www.manuatahitianart.com\/fr\/nos-collections\/#breadcrumb"},"inLanguage":"fr-FR","potentialAction":[{"@type":"ReadAction","target":["https:\/\/www.manuatahitianart.com\/fr\/nos-collections\/"]}]},{"@type":"BreadcrumbList","@id":"https:\/\/www.manuatahitianart.com\/fr\/nos-collections\/#breadcrumb","itemListElement":[{"@type":"ListItem","position":1,"name":"Accueil","item":"https:\/\/www.manuatahitianart.com\/fr\/"},{"@type":"ListItem","position":2,"name":"Collections"}]},{"@type":"WebSite","@id":"https:\/\/www.manuatahitianart.com\/#website","url":"https:\/\/www.manuatahitianart.com\/","name":"Manua Exquisite Art","description":"Polynesian Gallery, Contemporary and Ethnic Art","publisher":{"@id":"https:\/\/www.manuatahitianart.com\/#organization"},"potentialAction":[{"@type":"SearchAction","target":{"@type":"EntryPoint","urlTemplate":"https:\/\/www.manuatahitianart.com\/?s={search_term_string}"},"query-input":{"@type":"PropertyValueSpecification","valueRequired":true,"valueName":"search_term_string"}}],"inLanguage":"fr-FR"},{"@type":"Organization","@id":"https:\/\/www.manuatahitianart.com\/#organization","name":"Manua Tahitian Art","url":"https:\/\/www.manuatahitianart.com\/","logo":{"@type":"ImageObject","inLanguage":"fr-FR","@id":"https:\/\/www.manuatahitianart.com\/#\/schema\/logo\/image\/","url":"https:\/\/www.manuatahitianart.com\/wp-content\/uploads\/2016\/05\/manualogo.png","contentUrl":"https:\/\/www.manuatahitianart.com\/wp-content\/uploads\/2016\/05\/manualogo.png","width":310,"height":134,"caption":"Manua Tahitian Art"},"image":{"@id":"https:\/\/www.manuatahitianart.com\/#\/schema\/logo\/image\/"}}]}},"_links":{"self":[{"href":"https:\/\/www.manuatahitianart.com\/fr\/wp-json\/wp\/v2\/pages\/1855","targetHints":{"allow":["GET"]}}],"collection":[{"href":"https:\/\/www.manuatahitianart.com\/fr\/wp-json\/wp\/v2\/pages"}],"about":[{"href":"https:\/\/www.manuatahitianart.com\/fr\/wp-json\/wp\/v2\/types\/page"}],"author":[{"embeddable":true,"href":"https:\/\/www.manuatahitianart.com\/fr\/wp-json\/wp\/v2\/users\/4"}],"replies":[{"embeddable":true,"href":"https:\/\/www.manuatahitianart.com\/fr\/wp-json\/wp\/v2\/comments?post=1855"}],"version-history":[{"count":0,"href":"https:\/\/www.manuatahitianart.com\/fr\/wp-json\/wp\/v2\/pages\/1855\/revisions"}],"wp:attachment":[{"href":"https:\/\/www.manuatahitianart.com\/fr\/wp-json\/wp\/v2\/media?parent=1855"}],"curies":[{"name":"wp","href":"https:\/\/api.w.org\/{rel}","templated":true}]}}