{"id":1765,"date":"2020-11-03T15:10:26","date_gmt":"2020-11-04T01:10:26","guid":{"rendered":"https:\/\/www.manuatahitianart.com\/test\/a-propos\/"},"modified":"2025-05-27T08:21:31","modified_gmt":"2025-05-27T18:21:31","slug":"a-propos","status":"publish","type":"page","link":"https:\/\/www.manuatahitianart.com\/fr\/a-propos\/","title":{"rendered":"\u00c0 Propos de Manua"},"content":{"rendered":"<p>[et_pb_section fb_built=\u00a0\u00bb1&Prime; _builder_version=\u00a0\u00bb4.5.6&Prime; background_enable_image=\u00a0\u00bboff\u00a0\u00bb background_size=\u00a0\u00bbcontain\u00a0\u00bb background_position=\u00a0\u00bbcenter_left\u00a0\u00bb background_blend=\u00a0\u00bbsoft-light\u00a0\u00bb transform_translate_linked=\u00a0\u00bboff\u00a0\u00bb hover_enabled=\u00a0\u00bb0&Prime; sticky_enabled=\u00a0\u00bb0&Prime;][et_pb_row column_structure=\u00a0\u00bb1_3,2_3&Prime; make_equal=\u00a0\u00bbon\u00a0\u00bb _builder_version=\u00a0\u00bb4.6.6&Prime; background_size=\u00a0\u00bbinitial\u00a0\u00bb background_position=\u00a0\u00bbtop_left\u00a0\u00bb background_repeat=\u00a0\u00bbrepeat\u00a0\u00bb transform_scale_tablet=\u00a0\u00bb\u00a0\u00bb transform_scale_phone=\u00a0\u00bb\u00a0\u00bb transform_scale_last_edited=\u00a0\u00bbon|tablet\u00a0\u00bb transform_translate_tablet=\u00a0\u00bb0px|-23px\u00a0\u00bb transform_translate_phone=\u00a0\u00bb\u00a0\u00bb transform_translate_last_edited=\u00a0\u00bbon|tablet\u00a0\u00bb transform_rotate_tablet=\u00a0\u00bb\u00a0\u00bb transform_rotate_phone=\u00a0\u00bb\u00a0\u00bb transform_rotate_last_edited=\u00a0\u00bbon|tablet\u00a0\u00bb transform_skew_tablet=\u00a0\u00bb\u00a0\u00bb transform_skew_phone=\u00a0\u00bb\u00a0\u00bb transform_skew_last_edited=\u00a0\u00bbon|tablet\u00a0\u00bb transform_origin_tablet=\u00a0\u00bb\u00a0\u00bb transform_origin_phone=\u00a0\u00bb\u00a0\u00bb transform_origin_last_edited=\u00a0\u00bbon|tablet\u00a0\u00bb transform_styles_last_edited=\u00a0\u00bbon|tablet\u00a0\u00bb max_height=\u00a0\u00bb590px\u00a0\u00bb custom_padding=\u00a0\u00bb||0px|||\u00a0\u00bb hover_enabled=\u00a0\u00bb0&Prime; transform_styles_tablet=\u00a0\u00bb\u00a0\u00bb transform_styles_phone=\u00a0\u00bb\u00a0\u00bb sticky_enabled=\u00a0\u00bb0&Prime;][et_pb_column type=\u00a0\u00bb1_3&Prime; _builder_version=\u00a0\u00bb3.25&Prime; custom_padding=\u00a0\u00bb|||\u00a0\u00bb custom_padding__hover=\u00a0\u00bb|||\u00a0\u00bb][et_pb_team_member name=\u00a0\u00bbRaimana Poroi\u00a0\u00bb position=\u00a0\u00bb25 ans de Collection d&rsquo;Art Oc\u00e9anique\u00a0\u00bb image_url=\u00a0\u00bbhttps:\/\/www.manuatahitianart.com\/wp-content\/uploads\/2020\/07\/raimana-removebg-preview.png\u00a0\u00bb _builder_version=\u00a0\u00bb4.6.1&Prime; _module_preset=\u00a0\u00bbdefault\u00a0\u00bb background_enable_color=\u00a0\u00bboff\u00a0\u00bb background_color_gradient_direction=\u00a0\u00bb360deg\u00a0\u00bb background_enable_image=\u00a0\u00bboff\u00a0\u00bb background_size=\u00a0\u00bbcontain\u00a0\u00bb background_position=\u00a0\u00bbtop_center\u00a0\u00bb text_orientation=\u00a0\u00bbcenter\u00a0\u00bb custom_margin=\u00a0\u00bb||||false|false\u00a0\u00bb custom_padding=\u00a0\u00bb|20px|25px|20px|false|true\u00a0\u00bb filter_brightness=\u00a0\u00bb84%\u00a0\u00bb filter_sepia=\u00a0\u00bb46%\u00a0\u00bb child_filter_saturate=\u00a0\u00bb70%\u00a0\u00bb child_filter_brightness=\u00a0\u00bb144%\u00a0\u00bb child_filter_contrast=\u00a0\u00bb101%\u00a0\u00bb child_filter_sepia=\u00a0\u00bb52%\u00a0\u00bb animation_style=\u00a0\u00bbfade\u00a0\u00bb border_color_all=\u00a0\u00bb#3a1e12&Prime; border_radii_image=\u00a0\u00bbon|128px|128px|128px|128px\u00a0\u00bb border_color_all_image=\u00a0\u00bb#846954&Prime;][\/et_pb_team_member][et_pb_image src=\u00a0\u00bbhttps:\/\/www.manuatahitianart.com\/wp-content\/uploads\/2020\/08\/Logo-manua-artBUG1.png\u00a0\u00bb title_text=\u00a0\u00bbLogo Manua Art\u00a0\u00bb _builder_version=\u00a0\u00bb4.6.1&Prime; _module_preset=\u00a0\u00bbdefault\u00a0\u00bb transform_scale=\u00a0\u00bb96%|96%\u00a0\u00bb transform_scale_last_edited=\u00a0\u00bboff|desktop\u00a0\u00bb transform_translate=\u00a0\u00bb-4px|-437px\u00a0\u00bb transform_translate_phone=\u00a0\u00bb-46px|-386px\u00a0\u00bb transform_translate_last_edited=\u00a0\u00bboff|desktop\u00a0\u00bb transform_translate_linked=\u00a0\u00bboff\u00a0\u00bb transform_rotate_last_edited=\u00a0\u00bboff|desktop\u00a0\u00bb transform_skew_last_edited=\u00a0\u00bboff|desktop\u00a0\u00bb transform_origin_last_edited=\u00a0\u00bboff|desktop\u00a0\u00bb transform_styles_last_edited=\u00a0\u00bboff|desktop\u00a0\u00bb z_index=\u00a0\u00bb-286&Prime; filter_opacity=\u00a0\u00bb14%\u00a0\u00bb custom_css_main_element=\u00a0\u00bbfloat:right;\u00a0\u00bb][\/et_pb_image][\/et_pb_column][et_pb_column type=\u00a0\u00bb2_3&Prime; _builder_version=\u00a0\u00bb4.5.6&Prime; custom_padding=\u00a0\u00bb|||\u00a0\u00bb custom_css_main_element=\u00a0\u00bbmargin-bottom:auto;\u00a0\u00bb custom_padding__hover=\u00a0\u00bb|||\u00a0\u00bb][et_pb_text _builder_version=\u00a0\u00bb4.5.3&Prime; _module_preset=\u00a0\u00bbdefault\u00a0\u00bb header_font=\u00a0\u00bbStalemate||on||||||\u00a0\u00bb header_font_size=\u00a0\u00bb61px\u00a0\u00bb header_2_font=\u00a0\u00bbStalemate||on||||||\u00a0\u00bb header_2_font_size=\u00a0\u00bb50px\u00a0\u00bb]<\/p>\n<h2>Notre Histoire, Notre Passion<\/h2>\n<p>[\/et_pb_text][et_pb_text _builder_version=\u00a0\u00bb4.6.5&Prime; _module_preset=\u00a0\u00bb_initial\u00a0\u00bb]<\/p>\n<p>La passion de Raimana pour l\u2019Art et la Collection vient de ses parents. Tous deux ont \u00e9t\u00e9 tr\u00e8s impliqu\u00e9s dans la conservation et la transmission de la <strong>Culture Polyn\u00e9sienne<\/strong> : sa m\u00e8re a consacr\u00e9 une grande partie de sa vie \u00e0 la danse tahitienne tandis que son p\u00e8re poss\u00e8de une des plus grandes collections de coquillages en Polyn\u00e9sie Fran\u00e7aise. Natif de Polyn\u00e9sie, Raimana a toujours v\u00e9cu, depuis sa plus tendre enfance, dans cet amour de la Culture Polyn\u00e9sienne que ses parents ont partag\u00e9 avec lui. Un jour un ami de la famille offre \u00e0 ses parents un \u00ab <em>Ti\u2019i<\/em> \u00bb (ou Tiki) que son p\u00e8re place dans le jardin. Ce \u00ab <em>Ti\u2019i<\/em>\u00bb est une vraie r\u00e9v\u00e9lation pour Raimana. Depuis, il met tout en \u0153uvre pour la pr\u00e9servation de notre patrimoine mat\u00e9riel culturel si riche. Ainsi, il s&rsquo;est construit une carri\u00e8re autour de sa passion.<\/p>\n<p>Durant 20 ans <strong>\u00e0 la t\u00eate d\u2019une ferme perli\u00e8re<\/strong>sur l\u2019atoll de Fakarava, dans l\u2019Archipel des Tuamotu, il d\u00e9cide en 2013 de s\u2019en s\u00e9parer, et de se consacrer uniquement \u00e0 l\u2019<strong>Art Oc\u00e9anien<\/strong>. Sa Collection regroupe de nombreux objets allant du XVI\u00e8me au XIX\u00e8me si\u00e8cle. La maison de Raimana et sa femme, Tahia, est un v\u00e9ritable \u00e9crin pour tous ces tr\u00e9sors.<\/p>\n<p>Dans le monde de l\u2019<strong>Art Oc\u00e9anien<\/strong>, les pi\u00e8ces originales se font de plus en plus rares. Raimana est aujourd\u2019hui reconnu pour son expertise, son appr\u00e9ciation et sa datation de ces objets d\u2019exception. Afin de partager sa passion mais aussi dans l\u2019objectif d\u2019une prise de conscience des g\u00e9n\u00e9rations futures, il d\u00e9cide de cr\u00e9er une premi\u00e8re <a href=\"https:\/\/www.manuatahitianart.com\/fr\/galeries\/#Papeete\">Galerie d\u2019Art sur le front de mer de Papeete<\/a> puis une seconde au <a href=\"https:\/\/www.manuatahitianart.com\/fr\/galeries\/#Bora-Bora\">Four Seasons Resort de Bora Bora<\/a>, dans lesquelles il expose des reproductions d\u2019objets d\u2019Art Oc\u00e9anien ainsi que d\u2019autres cr\u00e9ations originales qu\u2019il partage avec d\u2019autres passionn\u00e9s ou amateurs. En 2015, ouvrent les <strong>Galeries Manua Art<\/strong>, qu\u2019il nomme ainsi en hommage \u00e0 son arri\u00e8re-grand-p\u00e8re paternel, comme un clin d\u2019\u0153il \u00e0 sa famille qui lui a transmis cet h\u00e9ritage culturel sans pareil.<\/p>\n<p>[\/et_pb_text][\/et_pb_column][\/et_pb_row][\/et_pb_section][et_pb_section fb_built=\u00a0\u00bb1&Prime; _builder_version=\u00a0\u00bb4.6.5&Prime; _module_preset=\u00a0\u00bb24960477-735a-4523-9a7b-9242f22d246e\u00a0\u00bb background_color=\u00a0\u00bb#e2dbd6&Prime; use_background_color_gradient=\u00a0\u00bboff\u00a0\u00bb][et_pb_row column_structure=\u00a0\u00bb3_5,2_5&Prime; make_equal=\u00a0\u00bbon\u00a0\u00bb _builder_version=\u00a0\u00bb4.6.5&Prime; background_size=\u00a0\u00bbinitial\u00a0\u00bb background_position=\u00a0\u00bbtop_left\u00a0\u00bb background_repeat=\u00a0\u00bbrepeat\u00a0\u00bb max_height=\u00a0\u00bb510px\u00a0\u00bb custom_margin=\u00a0\u00bb0px||||false|false\u00a0\u00bb custom_padding=\u00a0\u00bb0px||0px||false|false\u00a0\u00bb][et_pb_column type=\u00a0\u00bb3_5&Prime; _builder_version=\u00a0\u00bb4.6.1&Prime; background_enable_image=\u00a0\u00bboff\u00a0\u00bb background_size=\u00a0\u00bbcontain\u00a0\u00bb custom_padding=\u00a0\u00bb|||\u00a0\u00bb custom_css_main_element=\u00a0\u00bbmargin:auto;\u00a0\u00bb custom_padding__hover=\u00a0\u00bb|||\u00a0\u00bb][et_pb_image src=\u00a0\u00bbhttps:\/\/www.manuatahitianart.com\/wp-content\/uploads\/2020\/08\/Logo-manua-artBUG1.png\u00a0\u00bb _builder_version=\u00a0\u00bb4.6.1&Prime; _module_preset=\u00a0\u00bbdefault\u00a0\u00bb transform_scale=\u00a0\u00bb294%|294%\u00a0\u00bb transform_translate=\u00a0\u00bb0px|-26px\u00a0\u00bb positioning=\u00a0\u00bbabsolute\u00a0\u00bb position_origin_a=\u00a0\u00bbcenter_center\u00a0\u00bb position_origin_f=\u00a0\u00bbcenter_left\u00a0\u00bb horizontal_offset=\u00a0\u00bb87px\u00a0\u00bb z_index=\u00a0\u00bb-500&Prime; width=\u00a0\u00bb100%\u00a0\u00bb overflow-x=\u00a0\u00bbhidden\u00a0\u00bb overflow-y=\u00a0\u00bbhidden\u00a0\u00bb filter_contrast=\u00a0\u00bb78%\u00a0\u00bb filter_opacity=\u00a0\u00bb14%\u00a0\u00bb filter_blur=\u00a0\u00bb1px\u00a0\u00bb custom_css_main_element=\u00a0\u00bboverflow: hidden;\u00a0\u00bb][\/et_pb_image][et_pb_text _builder_version=\u00a0\u00bb4.6.5&Prime; _module_preset=\u00a0\u00bbdefault\u00a0\u00bb text_text_color=\u00a0\u00bb#3a1e12&Prime; link_text_color=\u00a0\u00bb#3a1e12&Prime; header_text_color=\u00a0\u00bb#3a1e12&Prime; header_2_text_color=\u00a0\u00bb#3a1e12&Prime; header_3_text_color=\u00a0\u00bb#3a1e12&Prime; text_orientation=\u00a0\u00bbright\u00a0\u00bb max_width=\u00a0\u00bb64%\u00a0\u00bb module_alignment=\u00a0\u00bbright\u00a0\u00bb]<\/p>\n<h3><span>Raimana et Anthony Meyer<\/span><\/h3>\n<div>\n<p><span>Propri\u00e9taire de la Galerie Meyer, Art Oc\u00e9anique &amp; Eskimo \u00e0 Paris, est l&rsquo;un des sp\u00e9cialiste d&rsquo;Art Primitif les plus r\u00e9put\u00e9s parmi les grands collectionneurs du monde.<\/span><\/p>\n<p><a href=\"http:\/\/www.meyeroceanic.art\/\" target=\"_blank\" rel=\"noopener noreferrer\" data-saferedirecturl=\"https:\/\/www.google.com\/url?q=http:\/\/www.meyeroceanic.art&amp;source=gmail&amp;ust=1599614066737000&amp;usg=AFQjCNH7Zdm2CLwOsnZxo6dsQhYFVeI6Pg\">www.meyeroceanic.art<\/a><\/p>\n<p><span><\/span><\/p>\n<\/div>\n<p>[\/et_pb_text][\/et_pb_column][et_pb_column type=\u00a0\u00bb2_5&Prime; _builder_version=\u00a0\u00bb4.5.7&Prime; custom_padding=\u00a0\u00bb|||\u00a0\u00bb custom_padding__hover=\u00a0\u00bb|||\u00a0\u00bb][et_pb_image src=\u00a0\u00bbhttps:\/\/www.manuatahitianart.com\/wp-content\/uploads\/2016\/06\/galeriemeyer.jpg\u00a0\u00bb title_text=\u00a0\u00bbgaleriemeyer\u00a0\u00bb _builder_version=\u00a0\u00bb4.5.7&Prime; _module_preset=\u00a0\u00bbdefault\u00a0\u00bb][\/et_pb_image][\/et_pb_column][\/et_pb_row][\/et_pb_section]<\/p>\n","protected":false},"excerpt":{"rendered":"<p>Notre Histoire, Notre PassionLa passion de Raimana pour l\u2019Art et la Collection vient de ses parents. Tous deux ont \u00e9t\u00e9 tr\u00e8s impliqu\u00e9s dans la conservation et la transmission de la Culture Polyn\u00e9sienne : sa m\u00e8re a consacr\u00e9 une grande partie de sa vie \u00e0 la danse tahitienne tandis que son p\u00e8re poss\u00e8de une des plus [&hellip;]<\/p>\n","protected":false},"author":4,"featured_media":1768,"parent":0,"menu_order":0,"comment_status":"closed","ping_status":"closed","template":"","meta":{"_et_pb_use_builder":"on","_et_pb_old_content":"","_et_gb_content_width":"","footnotes":""},"class_list":["post-1765","page","type-page","status-publish","has-post-thumbnail","hentry"],"yoast_head":"<!-- This site is optimized with the Yoast SEO plugin v27.5 - https:\/\/yoast.com\/product\/yoast-seo-wordpress\/ -->\n<title>Manua Exquisite Art: Page A propos<\/title>\n<meta name=\"description\" content=\"Manua Exquisite Art : Page A propos. Dans le monde de l\u2019Art Oc\u00e9anien, les pi\u00e8ces originales se font de plus en plus rares. Raimana est aujourd\u2019hui reconnu pour son expertise, son appr\u00e9ciation et sa datation de ces objets d\u2019exception.\" \/>\n<meta name=\"robots\" content=\"index, follow, max-snippet:-1, max-image-preview:large, max-video-preview:-1\" \/>\n<link rel=\"canonical\" href=\"https:\/\/www.manuatahitianart.com\/fr\/a-propos\/\" \/>\n<meta property=\"og:locale\" content=\"fr_FR\" \/>\n<meta property=\"og:type\" content=\"article\" \/>\n<meta property=\"og:title\" content=\"Manua Exquisite Art: Page A propos\" \/>\n<meta property=\"og:description\" content=\"Manua Exquisite Art : Page A propos. Dans le monde de l\u2019Art Oc\u00e9anien, les pi\u00e8ces originales se font de plus en plus rares. Raimana est aujourd\u2019hui reconnu pour son expertise, son appr\u00e9ciation et sa datation de ces objets d\u2019exception.\" \/>\n<meta property=\"og:url\" content=\"https:\/\/www.manuatahitianart.com\/fr\/a-propos\/\" \/>\n<meta property=\"og:site_name\" content=\"Manua Exquisite Art\" \/>\n<meta property=\"article:modified_time\" content=\"2025-05-27T18:21:31+00:00\" \/>\n<meta property=\"og:image\" content=\"https:\/\/www.manuatahitianart.com\/wp-content\/uploads\/2016\/06\/galeriemeyer.jpg\" \/>\n\t<meta property=\"og:image:width\" content=\"1000\" \/>\n\t<meta property=\"og:image:height\" content=\"1253\" \/>\n\t<meta property=\"og:image:type\" content=\"image\/jpeg\" \/>\n<meta name=\"twitter:card\" content=\"summary_large_image\" \/>\n<meta name=\"twitter:label1\" content=\"Dur\u00e9e de lecture estim\u00e9e\" \/>\n\t<meta name=\"twitter:data1\" content=\"5 minutes\" \/>\n<script type=\"application\/ld+json\" class=\"yoast-schema-graph\">{\"@context\":\"https:\\\/\\\/schema.org\",\"@graph\":[{\"@type\":\"WebPage\",\"@id\":\"https:\\\/\\\/www.manuatahitianart.com\\\/fr\\\/a-propos\\\/\",\"url\":\"https:\\\/\\\/www.manuatahitianart.com\\\/fr\\\/a-propos\\\/\",\"name\":\"Manua Exquisite Art: Page A propos\",\"isPartOf\":{\"@id\":\"https:\\\/\\\/www.manuatahitianart.com\\\/#website\"},\"primaryImageOfPage\":{\"@id\":\"https:\\\/\\\/www.manuatahitianart.com\\\/fr\\\/a-propos\\\/#primaryimage\"},\"image\":{\"@id\":\"https:\\\/\\\/www.manuatahitianart.com\\\/fr\\\/a-propos\\\/#primaryimage\"},\"thumbnailUrl\":\"https:\\\/\\\/www.manuatahitianart.com\\\/wp-content\\\/uploads\\\/2016\\\/06\\\/galeriemeyer.jpg\",\"datePublished\":\"2020-11-04T01:10:26+00:00\",\"dateModified\":\"2025-05-27T18:21:31+00:00\",\"description\":\"Manua Exquisite Art : Page A propos. Dans le monde de l\u2019Art Oc\u00e9anien, les pi\u00e8ces originales se font de plus en plus rares. Raimana est aujourd\u2019hui reconnu pour son expertise, son appr\u00e9ciation et sa datation de ces objets d\u2019exception.\",\"breadcrumb\":{\"@id\":\"https:\\\/\\\/www.manuatahitianart.com\\\/fr\\\/a-propos\\\/#breadcrumb\"},\"inLanguage\":\"fr-FR\",\"potentialAction\":[{\"@type\":\"ReadAction\",\"target\":[\"https:\\\/\\\/www.manuatahitianart.com\\\/fr\\\/a-propos\\\/\"]}]},{\"@type\":\"ImageObject\",\"inLanguage\":\"fr-FR\",\"@id\":\"https:\\\/\\\/www.manuatahitianart.com\\\/fr\\\/a-propos\\\/#primaryimage\",\"url\":\"https:\\\/\\\/www.manuatahitianart.com\\\/wp-content\\\/uploads\\\/2016\\\/06\\\/galeriemeyer.jpg\",\"contentUrl\":\"https:\\\/\\\/www.manuatahitianart.com\\\/wp-content\\\/uploads\\\/2016\\\/06\\\/galeriemeyer.jpg\",\"width\":1000,\"height\":1253},{\"@type\":\"BreadcrumbList\",\"@id\":\"https:\\\/\\\/www.manuatahitianart.com\\\/fr\\\/a-propos\\\/#breadcrumb\",\"itemListElement\":[{\"@type\":\"ListItem\",\"position\":1,\"name\":\"Accueil\",\"item\":\"https:\\\/\\\/www.manuatahitianart.com\\\/fr\\\/\"},{\"@type\":\"ListItem\",\"position\":2,\"name\":\"\u00c0 Propos de Manua\"}]},{\"@type\":\"WebSite\",\"@id\":\"https:\\\/\\\/www.manuatahitianart.com\\\/#website\",\"url\":\"https:\\\/\\\/www.manuatahitianart.com\\\/\",\"name\":\"Manua Exquisite Art\",\"description\":\"Polynesian Gallery, Contemporary and Ethnic Art\",\"publisher\":{\"@id\":\"https:\\\/\\\/www.manuatahitianart.com\\\/#organization\"},\"potentialAction\":[{\"@type\":\"SearchAction\",\"target\":{\"@type\":\"EntryPoint\",\"urlTemplate\":\"https:\\\/\\\/www.manuatahitianart.com\\\/?s={search_term_string}\"},\"query-input\":{\"@type\":\"PropertyValueSpecification\",\"valueRequired\":true,\"valueName\":\"search_term_string\"}}],\"inLanguage\":\"fr-FR\"},{\"@type\":\"Organization\",\"@id\":\"https:\\\/\\\/www.manuatahitianart.com\\\/#organization\",\"name\":\"Manua Tahitian Art\",\"url\":\"https:\\\/\\\/www.manuatahitianart.com\\\/\",\"logo\":{\"@type\":\"ImageObject\",\"inLanguage\":\"fr-FR\",\"@id\":\"https:\\\/\\\/www.manuatahitianart.com\\\/#\\\/schema\\\/logo\\\/image\\\/\",\"url\":\"https:\\\/\\\/www.manuatahitianart.com\\\/wp-content\\\/uploads\\\/2016\\\/05\\\/manualogo.png\",\"contentUrl\":\"https:\\\/\\\/www.manuatahitianart.com\\\/wp-content\\\/uploads\\\/2016\\\/05\\\/manualogo.png\",\"width\":310,\"height\":134,\"caption\":\"Manua Tahitian Art\"},\"image\":{\"@id\":\"https:\\\/\\\/www.manuatahitianart.com\\\/#\\\/schema\\\/logo\\\/image\\\/\"}}]}<\/script>\n<!-- \/ Yoast SEO plugin. -->","yoast_head_json":{"title":"Manua Exquisite Art: Page A propos","description":"Manua Exquisite Art : Page A propos. Dans le monde de l\u2019Art Oc\u00e9anien, les pi\u00e8ces originales se font de plus en plus rares. Raimana est aujourd\u2019hui reconnu pour son expertise, son appr\u00e9ciation et sa datation de ces objets d\u2019exception.","robots":{"index":"index","follow":"follow","max-snippet":"max-snippet:-1","max-image-preview":"max-image-preview:large","max-video-preview":"max-video-preview:-1"},"canonical":"https:\/\/www.manuatahitianart.com\/fr\/a-propos\/","og_locale":"fr_FR","og_type":"article","og_title":"Manua Exquisite Art: Page A propos","og_description":"Manua Exquisite Art : Page A propos. Dans le monde de l\u2019Art Oc\u00e9anien, les pi\u00e8ces originales se font de plus en plus rares. Raimana est aujourd\u2019hui reconnu pour son expertise, son appr\u00e9ciation et sa datation de ces objets d\u2019exception.","og_url":"https:\/\/www.manuatahitianart.com\/fr\/a-propos\/","og_site_name":"Manua Exquisite Art","article_modified_time":"2025-05-27T18:21:31+00:00","og_image":[{"width":1000,"height":1253,"url":"https:\/\/www.manuatahitianart.com\/wp-content\/uploads\/2016\/06\/galeriemeyer.jpg","type":"image\/jpeg"}],"twitter_card":"summary_large_image","twitter_misc":{"Dur\u00e9e de lecture estim\u00e9e":"5 minutes"},"schema":{"@context":"https:\/\/schema.org","@graph":[{"@type":"WebPage","@id":"https:\/\/www.manuatahitianart.com\/fr\/a-propos\/","url":"https:\/\/www.manuatahitianart.com\/fr\/a-propos\/","name":"Manua Exquisite Art: Page A propos","isPartOf":{"@id":"https:\/\/www.manuatahitianart.com\/#website"},"primaryImageOfPage":{"@id":"https:\/\/www.manuatahitianart.com\/fr\/a-propos\/#primaryimage"},"image":{"@id":"https:\/\/www.manuatahitianart.com\/fr\/a-propos\/#primaryimage"},"thumbnailUrl":"https:\/\/www.manuatahitianart.com\/wp-content\/uploads\/2016\/06\/galeriemeyer.jpg","datePublished":"2020-11-04T01:10:26+00:00","dateModified":"2025-05-27T18:21:31+00:00","description":"Manua Exquisite Art : Page A propos. Dans le monde de l\u2019Art Oc\u00e9anien, les pi\u00e8ces originales se font de plus en plus rares. Raimana est aujourd\u2019hui reconnu pour son expertise, son appr\u00e9ciation et sa datation de ces objets d\u2019exception.","breadcrumb":{"@id":"https:\/\/www.manuatahitianart.com\/fr\/a-propos\/#breadcrumb"},"inLanguage":"fr-FR","potentialAction":[{"@type":"ReadAction","target":["https:\/\/www.manuatahitianart.com\/fr\/a-propos\/"]}]},{"@type":"ImageObject","inLanguage":"fr-FR","@id":"https:\/\/www.manuatahitianart.com\/fr\/a-propos\/#primaryimage","url":"https:\/\/www.manuatahitianart.com\/wp-content\/uploads\/2016\/06\/galeriemeyer.jpg","contentUrl":"https:\/\/www.manuatahitianart.com\/wp-content\/uploads\/2016\/06\/galeriemeyer.jpg","width":1000,"height":1253},{"@type":"BreadcrumbList","@id":"https:\/\/www.manuatahitianart.com\/fr\/a-propos\/#breadcrumb","itemListElement":[{"@type":"ListItem","position":1,"name":"Accueil","item":"https:\/\/www.manuatahitianart.com\/fr\/"},{"@type":"ListItem","position":2,"name":"\u00c0 Propos de Manua"}]},{"@type":"WebSite","@id":"https:\/\/www.manuatahitianart.com\/#website","url":"https:\/\/www.manuatahitianart.com\/","name":"Manua Exquisite Art","description":"Polynesian Gallery, Contemporary and Ethnic Art","publisher":{"@id":"https:\/\/www.manuatahitianart.com\/#organization"},"potentialAction":[{"@type":"SearchAction","target":{"@type":"EntryPoint","urlTemplate":"https:\/\/www.manuatahitianart.com\/?s={search_term_string}"},"query-input":{"@type":"PropertyValueSpecification","valueRequired":true,"valueName":"search_term_string"}}],"inLanguage":"fr-FR"},{"@type":"Organization","@id":"https:\/\/www.manuatahitianart.com\/#organization","name":"Manua Tahitian Art","url":"https:\/\/www.manuatahitianart.com\/","logo":{"@type":"ImageObject","inLanguage":"fr-FR","@id":"https:\/\/www.manuatahitianart.com\/#\/schema\/logo\/image\/","url":"https:\/\/www.manuatahitianart.com\/wp-content\/uploads\/2016\/05\/manualogo.png","contentUrl":"https:\/\/www.manuatahitianart.com\/wp-content\/uploads\/2016\/05\/manualogo.png","width":310,"height":134,"caption":"Manua Tahitian Art"},"image":{"@id":"https:\/\/www.manuatahitianart.com\/#\/schema\/logo\/image\/"}}]}},"_links":{"self":[{"href":"https:\/\/www.manuatahitianart.com\/fr\/wp-json\/wp\/v2\/pages\/1765","targetHints":{"allow":["GET"]}}],"collection":[{"href":"https:\/\/www.manuatahitianart.com\/fr\/wp-json\/wp\/v2\/pages"}],"about":[{"href":"https:\/\/www.manuatahitianart.com\/fr\/wp-json\/wp\/v2\/types\/page"}],"author":[{"embeddable":true,"href":"https:\/\/www.manuatahitianart.com\/fr\/wp-json\/wp\/v2\/users\/4"}],"replies":[{"embeddable":true,"href":"https:\/\/www.manuatahitianart.com\/fr\/wp-json\/wp\/v2\/comments?post=1765"}],"version-history":[{"count":0,"href":"https:\/\/www.manuatahitianart.com\/fr\/wp-json\/wp\/v2\/pages\/1765\/revisions"}],"wp:featuredmedia":[{"embeddable":true,"href":"https:\/\/www.manuatahitianart.com\/fr\/wp-json\/wp\/v2\/media\/1768"}],"wp:attachment":[{"href":"https:\/\/www.manuatahitianart.com\/fr\/wp-json\/wp\/v2\/media?parent=1765"}],"curies":[{"name":"wp","href":"https:\/\/api.w.org\/{rel}","templated":true}]}}