{"id":1750,"date":"2020-11-03T14:32:53","date_gmt":"2020-11-04T00:32:53","guid":{"rendered":"https:\/\/www.manuatahitianart.com\/test?page_id=1750"},"modified":"2025-05-27T08:21:32","modified_gmt":"2025-05-27T18:21:32","slug":"garanties","status":"publish","type":"page","link":"https:\/\/www.manuatahitianart.com\/fr\/garanties\/","title":{"rendered":"Garanties"},"content":{"rendered":"<p>[et_pb_section fb_built=\u00a0\u00bb1&Prime; admin_label=\u00a0\u00bbsection\u00a0\u00bb _builder_version=\u00a0\u00bb4.5.7&Prime; _module_preset=\u00a0\u00bbab78da04-8ecb-42b3-8283-0afda9b05d88&Prime; use_background_color_gradient=\u00a0\u00bboff\u00a0\u00bb background_enable_image=\u00a0\u00bboff\u00a0\u00bb max_height=\u00a0\u00bb300px\u00a0\u00bb custom_padding=\u00a0\u00bb1.5%||0%||false|false\u00a0\u00bb][et_pb_row admin_label=\u00a0\u00bbrow\u00a0\u00bb _builder_version=\u00a0\u00bb4.5.7&Prime; background_size=\u00a0\u00bbinitial\u00a0\u00bb background_position=\u00a0\u00bbtop_left\u00a0\u00bb background_repeat=\u00a0\u00bbrepeat\u00a0\u00bb custom_margin=\u00a0\u00bb||||false|false\u00a0\u00bb custom_padding=\u00a0\u00bb||0px||false|false\u00a0\u00bb][et_pb_column type=\u00a0\u00bb4_4&Prime; _builder_version=\u00a0\u00bb3.25&Prime; custom_padding=\u00a0\u00bb|||\u00a0\u00bb custom_padding__hover=\u00a0\u00bb|||\u00a0\u00bb][et_pb_text _builder_version=\u00a0\u00bb4.6.1&Prime; _module_preset=\u00a0\u00bb1c878038-11fe-406a-a9f8-ccd20da1fa45&Prime; text_font_size=\u00a0\u00bb21px\u00a0\u00bb header_text_color=\u00a0\u00bb#846954&Prime; text_text_shadow_style=\u00a0\u00bbnone\u00a0\u00bb]<\/p>\n<h1>Manua Art Garanties<\/h1>\n<p>lorsque vous achetez dans notre Galerie<\/p>\n<p>&nbsp;<\/p>\n<p>[\/et_pb_text][\/et_pb_column][\/et_pb_row][\/et_pb_section][et_pb_section fb_built=\u00a0\u00bb1&Prime; admin_label=\u00a0\u00bbsection\u00a0\u00bb _builder_version=\u00a0\u00bb4.5.7&Prime; custom_margin=\u00a0\u00bb||||false|false\u00a0\u00bb custom_padding=\u00a0\u00bb0px||||false|false\u00a0\u00bb][et_pb_row _builder_version=\u00a0\u00bb4.5.7&Prime; _module_preset=\u00a0\u00bbdefault\u00a0\u00bb width=\u00a0\u00bb60%\u00a0\u00bb][et_pb_column type=\u00a0\u00bb4_4&Prime; _builder_version=\u00a0\u00bb4.5.7&Prime; _module_preset=\u00a0\u00bbdefault\u00a0\u00bb][et_pb_text _builder_version=\u00a0\u00bb4.6.3&Prime; _module_preset=\u00a0\u00bbdefault\u00a0\u00bb text_font=\u00a0\u00bb|700|||||||\u00a0\u00bb text_orientation=\u00a0\u00bbcenter\u00a0\u00bb custom_padding=\u00a0\u00bb||15px||false|false\u00a0\u00bb]<\/p>\n<p>Manua Exquisite Tahitian Art s&rsquo;engage \u00e0 fournir \u00e0 ses clients des produits magnifiques, originaux et de grande qualit\u00e9, ainsi qu&rsquo;un service impeccable. Votre satisfaction est de la plus haute importance pour nous et notre \u00e9quipe s&rsquo;efforce de vous offrir la meilleure exp\u00e9rience possible. Vous pouvez compter sur nous.<\/p>\n<p>[\/et_pb_text][et_pb_image src=\u00a0\u00bbhttps:\/\/www.manuatahitianart.com\/wp-content\/uploads\/2020\/10\/DSC04608.jpg\u00a0\u00bb title_text=\u00a0\u00bbDSC04608&Prime; align=\u00a0\u00bbcenter\u00a0\u00bb _builder_version=\u00a0\u00bb4.6.5&Prime; _module_preset=\u00a0\u00bbdefault\u00a0\u00bb][\/et_pb_image][\/et_pb_column][\/et_pb_row][et_pb_row _builder_version=\u00a0\u00bb4.5.7&Prime; _module_preset=\u00a0\u00bbdefault\u00a0\u00bb][et_pb_column type=\u00a0\u00bb4_4&Prime; _builder_version=\u00a0\u00bb4.5.7&Prime; _module_preset=\u00a0\u00bbdefault\u00a0\u00bb][et_pb_text _builder_version=\u00a0\u00bb4.6.1&Prime; _module_preset=\u00a0\u00bbdefault\u00a0\u00bb text_font=\u00a0\u00bb|800||on|||||\u00a0\u00bb text_text_color=\u00a0\u00bb#3a1e12&Prime; text_font_size=\u00a0\u00bb17px\u00a0\u00bb text_orientation=\u00a0\u00bbcenter\u00a0\u00bb]<\/p>\n<p>Voici ce \u00e0 quoi vous pouvez vous attendre, lorsque vous achetez chez nous :<\/p>\n<p>[\/et_pb_text][\/et_pb_column][\/et_pb_row][et_pb_row _builder_version=\u00a0\u00bb4.5.7&Prime; _module_preset=\u00a0\u00bbdefault\u00a0\u00bb][et_pb_column type=\u00a0\u00bb4_4&Prime; _builder_version=\u00a0\u00bb4.5.7&Prime; _module_preset=\u00a0\u00bbdefault\u00a0\u00bb][et_pb_text _builder_version=\u00a0\u00bb4.6.3&Prime; _module_preset=\u00a0\u00bbdefault\u00a0\u00bb text_line_height=\u00a0\u00bb1.5em\u00a0\u00bb header_2_font=\u00a0\u00bb|||on|||||\u00a0\u00bb header_2_font_size=\u00a0\u00bb20px\u00a0\u00bb header_2_letter_spacing=\u00a0\u00bb1px\u00a0\u00bb header_2_line_height=\u00a0\u00bb1.7em\u00a0\u00bb custom_padding=\u00a0\u00bb||||false|false\u00a0\u00bb hover_enabled=\u00a0\u00bb0&Prime; sticky_enabled=\u00a0\u00bb0&Prime;]<\/p>\n<h2>Des pi\u00e8ces d&rsquo;Art Oc\u00e9anique Unique<\/h2>\n<p>Chaque pi\u00e8ce pr\u00e9sent\u00e9e dans notre galerie est une cr\u00e9ation unique et artisanale faite par un Artiste Polyn\u00e9sien, et s\u00e9lectionn\u00e9e par Raimana. Ces objets rares comprennent des reproductions anciennes et authentiques d&rsquo;Art Polyn\u00e9sien ainsi que des cr\u00e9ations originales et uniques en leur genre. Il y en a pour tous les go\u00fbts.<\/p>\n<h2>\u00a0<\/h2>\n<h2>CERTIFICAT D&rsquo;AUTHENTICIT\u00c9 ET D&rsquo;ORIGINE<\/h2>\n<p>Manua Exquisite Tahitian Art certifie que les \u0153uvres d&rsquo;Art traditionnelles disponibles \u00e0 l&rsquo;achat dans nos Galeries ont \u00e9t\u00e9 produites et fabriqu\u00e9es \u00e0 partir de mat\u00e9riaux locaux et par des artistes de Polyn\u00e9sie Fran\u00e7aise.<\/p>\n<p>De plus, certaines de nos pi\u00e8ces sont orn\u00e9es de Perles de Tahiti que nous certifions \u00eatre de couleur naturelle et avoir au moins 0,8 mm de nacre autour de leur nucl\u00e9us (R\u00e8glement n\u00ba1265 du 31\/07\/2017 et Loi du Pays n\u00ba2017-16 du 18\/07 \/ 2017).<\/p>\n<h2>\u00a0<\/h2>\n<h2>SERVICE DE LIVRAISON INTERNATIONAL<\/h2>\n<p>Nous offrons la possibilit\u00e9 d\u2019une livraison fiable dans le monde entier afin que vous puissiez obtenir un avant-go\u00fbt de notre paradis, directement livr\u00e9 chez-vous.<\/p>\n<p>Parcourez simplement nos Collections disponibles sur notre site web et contactez nos collaborateurs qui se feront un plaisir de vous guider pour trouver la pi\u00e8ce parfaite pour vous.<\/p>\n<p>Pour les commandes en ligne, veuillez vous r\u00e9f\u00e9rer \u00e0 nos <strong><a href=\"https:\/\/www.manuatahitianart.com\/fr\/conditions-generales\/\"><u>Conditions G\u00e9n\u00e9rales d&rsquo;Achat en Ligne<\/u><\/a>.<\/strong><\/p>\n<h2>\u00a0<\/h2>\n<h2>ACHATS HORS TAXES<\/h2>\n<p>Nous sommes heureux d\u2019aider nos clients internationaux partout o\u00f9 nous le pouvons. Pour cette raison, la plupart de nos ventes peuvent \u00eatre effectu\u00e9es dans le cadre d\u2019un syst\u00e8me de remboursement de la taxe afin que votre achat b\u00e9n\u00e9ficie d\u2019une exon\u00e9ration de la taxe sur la valeur ajout\u00e9e (TVA) \u00e0 la sortie de la Polyn\u00e9sie Fran\u00e7aise. Gardez simplement le formulaire que nous vous remettrons lors de votre achat, faites-le tamponner par le service des douanes local \u00e0 votre d\u00e9part \u00e0 l\u2019a\u00e9roport international de Tahiti et reprenez votre vol retour. C\u2019est aussi simple que \u00e7a.<\/p>\n<h2>\u00a0<\/h2>\n<h2>BON D\u2019ACHAT OU \u00c9CHANGE<\/h2>\n<p>Chez Manua Exquisite Tahitian Art, nous respectons et appr\u00e9cions chacun de nos clients. Votre confiance est essentielle pour nous, et votre satisfaction est primordiale. Si vous souhaitez retourner un article pour quelque raison que ce soit, nous vous proposerons un bon d\u2019achat \u00e9quivalent au montant total de votre premier achat ou l\u2019\u00e9change contre une autre pi\u00e8ce pour un montant \u00e9quivalent ou plus \u00e9lev\u00e9 dans une de nos Galeries dans les 30 jours suivant votre achat, \u00e0 condition que l&rsquo;article retourn\u00e9 soit dans le m\u00eame \u00e9tat que lors de l&rsquo;achat (non modifi\u00e9, et dans son emballage d\u2019origine). Ceci exclu les cadeaux, les articles personnalis\u00e9s et les commandes sp\u00e9ciales.<\/p>\n<p>Veuillez noter que les remboursements ou bons d\u2019achats sont disponibles exclusivement dans nos Galeries de Tahiti et Bora Bora. Si vous avez besoin d&rsquo;un \u00e9change apr\u00e8s votre retour \u00e0 l&rsquo;\u00e9tranger dans les 30 jours suivant votre achat, vous serez responsables de tous les frais d&rsquo;exp\u00e9dition et d&rsquo;assurances associ\u00e9s au retour de l&rsquo;article et \u00e0 l&rsquo;envoi d&rsquo;un nouvel article sur votre lieu de r\u00e9sidence.<\/p>\n<h2>\u00a0<\/h2>\n<h2>SERVICE CLIENT APR\u00c8S-VENTE AUX \u00c9TATS-UNIS, EN ASIE ET EN EUROPE<\/h2>\n<p>Vous quittez la Polyn\u00e9sie Fran\u00e7aise, mais vous souhaitez toujours b\u00e9n\u00e9ficier d\u2019un excellent service ?<\/p>\n<p>Si vous vivez aux \u00c9tats-Unis, en Asie ou en Europe, vous avez acc\u00e8s \u00e0 notre service apr\u00e8s-vente simplement en nous appelant notre num\u00e9ro sans frais 1-888-328-8266. Notre service client international se fera un plaisir de r\u00e9pondre \u00e0 toutes vos questions. Tout comme nous ch\u00e9rissons nos produits, nous offrons une assistance compl\u00e8te \u00e0 nos clients, o\u00f9 qu\u2019ils soient dans le monde.<\/p>\n<p>[\/et_pb_text][\/et_pb_column][\/et_pb_row][\/et_pb_section]<\/p>\n","protected":false},"excerpt":{"rendered":"<p>Manua Art Garanties lorsque vous achetez dans notre Galerie &nbsp;Manua Exquisite Tahitian Art s&rsquo;engage \u00e0 fournir \u00e0 ses clients des produits magnifiques, originaux et de grande qualit\u00e9, ainsi qu&rsquo;un service impeccable. Votre satisfaction est de la plus haute importance pour nous et notre \u00e9quipe s&rsquo;efforce de vous offrir la meilleure exp\u00e9rience possible. Vous pouvez compter [&hellip;]<\/p>\n","protected":false},"author":4,"featured_media":0,"parent":0,"menu_order":0,"comment_status":"closed","ping_status":"closed","template":"","meta":{"_et_pb_use_builder":"on","_et_pb_old_content":"","_et_gb_content_width":"","footnotes":""},"class_list":["post-1750","page","type-page","status-publish","hentry"],"yoast_head":"<!-- This site is optimized with the Yoast SEO plugin v27.4 - https:\/\/yoast.com\/product\/yoast-seo-wordpress\/ -->\n<title>Garanties - Manua Exquisite Art<\/title>\n<meta name=\"robots\" content=\"index, follow, max-snippet:-1, max-image-preview:large, max-video-preview:-1\" \/>\n<link rel=\"canonical\" href=\"https:\/\/www.manuatahitianart.com\/fr\/garanties\/\" \/>\n<meta property=\"og:locale\" content=\"fr_FR\" \/>\n<meta property=\"og:type\" content=\"article\" \/>\n<meta property=\"og:title\" content=\"Garanties - Manua Exquisite Art\" \/>\n<meta property=\"og:description\" content=\"Manua Art Garanties lorsque vous achetez dans notre Galerie &nbsp;Manua Exquisite Tahitian Art s&#039;engage \u00e0 fournir \u00e0 ses clients des produits magnifiques, originaux et de grande qualit\u00e9, ainsi qu&#039;un service impeccable. Votre satisfaction est de la plus haute importance pour nous et notre \u00e9quipe s&#039;efforce de vous offrir la meilleure exp\u00e9rience possible. Vous pouvez compter [&hellip;]\" \/>\n<meta property=\"og:url\" content=\"https:\/\/www.manuatahitianart.com\/fr\/garanties\/\" \/>\n<meta property=\"og:site_name\" content=\"Manua Exquisite Art\" \/>\n<meta property=\"article:modified_time\" content=\"2025-05-27T18:21:32+00:00\" \/>\n<meta property=\"og:image\" content=\"https:\/\/www.manuatahitianart.com\/wp-content\/uploads\/2021\/03\/Manua-Exquisite-Tahitian-Art-Four-Seasons-Resort-Bora-Bora-1024x768-1.jpg\" \/>\n\t<meta property=\"og:image:width\" content=\"1200\" \/>\n\t<meta property=\"og:image:height\" content=\"900\" \/>\n\t<meta property=\"og:image:type\" content=\"image\/jpeg\" \/>\n<meta name=\"twitter:card\" content=\"summary_large_image\" \/>\n<meta name=\"twitter:label1\" content=\"Dur\u00e9e de lecture estim\u00e9e\" \/>\n\t<meta name=\"twitter:data1\" content=\"5 minutes\" \/>\n<script type=\"application\/ld+json\" class=\"yoast-schema-graph\">{\"@context\":\"https:\\\/\\\/schema.org\",\"@graph\":[{\"@type\":\"WebPage\",\"@id\":\"https:\\\/\\\/www.manuatahitianart.com\\\/fr\\\/garanties\\\/\",\"url\":\"https:\\\/\\\/www.manuatahitianart.com\\\/fr\\\/garanties\\\/\",\"name\":\"Garanties - Manua Exquisite Art\",\"isPartOf\":{\"@id\":\"https:\\\/\\\/www.manuatahitianart.com\\\/#website\"},\"datePublished\":\"2020-11-04T00:32:53+00:00\",\"dateModified\":\"2025-05-27T18:21:32+00:00\",\"breadcrumb\":{\"@id\":\"https:\\\/\\\/www.manuatahitianart.com\\\/fr\\\/garanties\\\/#breadcrumb\"},\"inLanguage\":\"fr-FR\",\"potentialAction\":[{\"@type\":\"ReadAction\",\"target\":[\"https:\\\/\\\/www.manuatahitianart.com\\\/fr\\\/garanties\\\/\"]}]},{\"@type\":\"BreadcrumbList\",\"@id\":\"https:\\\/\\\/www.manuatahitianart.com\\\/fr\\\/garanties\\\/#breadcrumb\",\"itemListElement\":[{\"@type\":\"ListItem\",\"position\":1,\"name\":\"Accueil\",\"item\":\"https:\\\/\\\/www.manuatahitianart.com\\\/fr\\\/\"},{\"@type\":\"ListItem\",\"position\":2,\"name\":\"Garanties\"}]},{\"@type\":\"WebSite\",\"@id\":\"https:\\\/\\\/www.manuatahitianart.com\\\/#website\",\"url\":\"https:\\\/\\\/www.manuatahitianart.com\\\/\",\"name\":\"Manua Exquisite Art\",\"description\":\"Polynesian Gallery, Contemporary and Ethnic Art\",\"publisher\":{\"@id\":\"https:\\\/\\\/www.manuatahitianart.com\\\/#organization\"},\"potentialAction\":[{\"@type\":\"SearchAction\",\"target\":{\"@type\":\"EntryPoint\",\"urlTemplate\":\"https:\\\/\\\/www.manuatahitianart.com\\\/?s={search_term_string}\"},\"query-input\":{\"@type\":\"PropertyValueSpecification\",\"valueRequired\":true,\"valueName\":\"search_term_string\"}}],\"inLanguage\":\"fr-FR\"},{\"@type\":\"Organization\",\"@id\":\"https:\\\/\\\/www.manuatahitianart.com\\\/#organization\",\"name\":\"Manua Tahitian Art\",\"url\":\"https:\\\/\\\/www.manuatahitianart.com\\\/\",\"logo\":{\"@type\":\"ImageObject\",\"inLanguage\":\"fr-FR\",\"@id\":\"https:\\\/\\\/www.manuatahitianart.com\\\/#\\\/schema\\\/logo\\\/image\\\/\",\"url\":\"https:\\\/\\\/www.manuatahitianart.com\\\/wp-content\\\/uploads\\\/2016\\\/05\\\/manualogo.png\",\"contentUrl\":\"https:\\\/\\\/www.manuatahitianart.com\\\/wp-content\\\/uploads\\\/2016\\\/05\\\/manualogo.png\",\"width\":310,\"height\":134,\"caption\":\"Manua Tahitian Art\"},\"image\":{\"@id\":\"https:\\\/\\\/www.manuatahitianart.com\\\/#\\\/schema\\\/logo\\\/image\\\/\"}}]}<\/script>\n<!-- \/ Yoast SEO plugin. -->","yoast_head_json":{"title":"Garanties - Manua Exquisite Art","robots":{"index":"index","follow":"follow","max-snippet":"max-snippet:-1","max-image-preview":"max-image-preview:large","max-video-preview":"max-video-preview:-1"},"canonical":"https:\/\/www.manuatahitianart.com\/fr\/garanties\/","og_locale":"fr_FR","og_type":"article","og_title":"Garanties - Manua Exquisite Art","og_description":"Manua Art Garanties lorsque vous achetez dans notre Galerie &nbsp;Manua Exquisite Tahitian Art s'engage \u00e0 fournir \u00e0 ses clients des produits magnifiques, originaux et de grande qualit\u00e9, ainsi qu'un service impeccable. Votre satisfaction est de la plus haute importance pour nous et notre \u00e9quipe s'efforce de vous offrir la meilleure exp\u00e9rience possible. Vous pouvez compter [&hellip;]","og_url":"https:\/\/www.manuatahitianart.com\/fr\/garanties\/","og_site_name":"Manua Exquisite Art","article_modified_time":"2025-05-27T18:21:32+00:00","og_image":[{"width":1200,"height":900,"url":"https:\/\/www.manuatahitianart.com\/wp-content\/uploads\/2021\/03\/Manua-Exquisite-Tahitian-Art-Four-Seasons-Resort-Bora-Bora-1024x768-1.jpg","type":"image\/jpeg"}],"twitter_card":"summary_large_image","twitter_misc":{"Dur\u00e9e de lecture estim\u00e9e":"5 minutes"},"schema":{"@context":"https:\/\/schema.org","@graph":[{"@type":"WebPage","@id":"https:\/\/www.manuatahitianart.com\/fr\/garanties\/","url":"https:\/\/www.manuatahitianart.com\/fr\/garanties\/","name":"Garanties - Manua Exquisite Art","isPartOf":{"@id":"https:\/\/www.manuatahitianart.com\/#website"},"datePublished":"2020-11-04T00:32:53+00:00","dateModified":"2025-05-27T18:21:32+00:00","breadcrumb":{"@id":"https:\/\/www.manuatahitianart.com\/fr\/garanties\/#breadcrumb"},"inLanguage":"fr-FR","potentialAction":[{"@type":"ReadAction","target":["https:\/\/www.manuatahitianart.com\/fr\/garanties\/"]}]},{"@type":"BreadcrumbList","@id":"https:\/\/www.manuatahitianart.com\/fr\/garanties\/#breadcrumb","itemListElement":[{"@type":"ListItem","position":1,"name":"Accueil","item":"https:\/\/www.manuatahitianart.com\/fr\/"},{"@type":"ListItem","position":2,"name":"Garanties"}]},{"@type":"WebSite","@id":"https:\/\/www.manuatahitianart.com\/#website","url":"https:\/\/www.manuatahitianart.com\/","name":"Manua Exquisite Art","description":"Polynesian Gallery, Contemporary and Ethnic Art","publisher":{"@id":"https:\/\/www.manuatahitianart.com\/#organization"},"potentialAction":[{"@type":"SearchAction","target":{"@type":"EntryPoint","urlTemplate":"https:\/\/www.manuatahitianart.com\/?s={search_term_string}"},"query-input":{"@type":"PropertyValueSpecification","valueRequired":true,"valueName":"search_term_string"}}],"inLanguage":"fr-FR"},{"@type":"Organization","@id":"https:\/\/www.manuatahitianart.com\/#organization","name":"Manua Tahitian Art","url":"https:\/\/www.manuatahitianart.com\/","logo":{"@type":"ImageObject","inLanguage":"fr-FR","@id":"https:\/\/www.manuatahitianart.com\/#\/schema\/logo\/image\/","url":"https:\/\/www.manuatahitianart.com\/wp-content\/uploads\/2016\/05\/manualogo.png","contentUrl":"https:\/\/www.manuatahitianart.com\/wp-content\/uploads\/2016\/05\/manualogo.png","width":310,"height":134,"caption":"Manua Tahitian Art"},"image":{"@id":"https:\/\/www.manuatahitianart.com\/#\/schema\/logo\/image\/"}}]}},"_links":{"self":[{"href":"https:\/\/www.manuatahitianart.com\/fr\/wp-json\/wp\/v2\/pages\/1750","targetHints":{"allow":["GET"]}}],"collection":[{"href":"https:\/\/www.manuatahitianart.com\/fr\/wp-json\/wp\/v2\/pages"}],"about":[{"href":"https:\/\/www.manuatahitianart.com\/fr\/wp-json\/wp\/v2\/types\/page"}],"author":[{"embeddable":true,"href":"https:\/\/www.manuatahitianart.com\/fr\/wp-json\/wp\/v2\/users\/4"}],"replies":[{"embeddable":true,"href":"https:\/\/www.manuatahitianart.com\/fr\/wp-json\/wp\/v2\/comments?post=1750"}],"version-history":[{"count":0,"href":"https:\/\/www.manuatahitianart.com\/fr\/wp-json\/wp\/v2\/pages\/1750\/revisions"}],"wp:attachment":[{"href":"https:\/\/www.manuatahitianart.com\/fr\/wp-json\/wp\/v2\/media?parent=1750"}],"curies":[{"name":"wp","href":"https:\/\/api.w.org\/{rel}","templated":true}]}}