{"id":1747,"date":"2020-11-03T14:18:28","date_gmt":"2020-11-04T00:18:28","guid":{"rendered":"https:\/\/www.manuatahitianart.com\/test?page_id=1747"},"modified":"2025-05-27T08:21:31","modified_gmt":"2025-05-27T18:21:31","slug":"conditions-generales","status":"publish","type":"page","link":"https:\/\/www.manuatahitianart.com\/fr\/conditions-generales\/","title":{"rendered":"Conditions G\u00e9n\u00e9rales"},"content":{"rendered":"<p>[et_pb_section fb_built=\u00a0\u00bb1&Prime; admin_label=\u00a0\u00bbsection\u00a0\u00bb _builder_version=\u00a0\u00bb4.5.7&Prime; _module_preset=\u00a0\u00bbab78da04-8ecb-42b3-8283-0afda9b05d88&Prime; use_background_color_gradient=\u00a0\u00bboff\u00a0\u00bb background_enable_image=\u00a0\u00bboff\u00a0\u00bb max_height=\u00a0\u00bb300px\u00a0\u00bb custom_padding=\u00a0\u00bb1.5%||0%||false|false\u00a0\u00bb][et_pb_row admin_label=\u00a0\u00bbrow\u00a0\u00bb _builder_version=\u00a0\u00bb4.5.7&Prime; background_size=\u00a0\u00bbinitial\u00a0\u00bb background_position=\u00a0\u00bbtop_left\u00a0\u00bb background_repeat=\u00a0\u00bbrepeat\u00a0\u00bb custom_margin=\u00a0\u00bb||||false|false\u00a0\u00bb custom_padding=\u00a0\u00bb||0px||false|false\u00a0\u00bb][et_pb_column type=\u00a0\u00bb4_4&Prime; _builder_version=\u00a0\u00bb3.25&Prime; custom_padding=\u00a0\u00bb|||\u00a0\u00bb custom_padding__hover=\u00a0\u00bb|||\u00a0\u00bb][et_pb_text _builder_version=\u00a0\u00bb4.5.7&Prime; _module_preset=\u00a0\u00bb1c878038-11fe-406a-a9f8-ccd20da1fa45&Prime; text_font_size=\u00a0\u00bb21px\u00a0\u00bb header_text_color=\u00a0\u00bb#846954&Prime; text_text_shadow_style=\u00a0\u00bbnone\u00a0\u00bb]<\/p>\n<h1>Conditions G\u00e9n\u00e9rales d&rsquo;achat en ligne<\/h1>\n<p>&nbsp;<\/p>\n<p>[\/et_pb_text][\/et_pb_column][\/et_pb_row][\/et_pb_section][et_pb_section fb_built=\u00a0\u00bb1&Prime; admin_label=\u00a0\u00bbsection\u00a0\u00bb _builder_version=\u00a0\u00bb4.5.7&Prime; custom_margin=\u00a0\u00bb||||false|false\u00a0\u00bb custom_padding=\u00a0\u00bb0px||0px||false|false\u00a0\u00bb][et_pb_row _builder_version=\u00a0\u00bb4.5.7&Prime; _module_preset=\u00a0\u00bbdefault\u00a0\u00bb width=\u00a0\u00bb70%\u00a0\u00bb][et_pb_column type=\u00a0\u00bb4_4&Prime; _builder_version=\u00a0\u00bb4.5.7&Prime; _module_preset=\u00a0\u00bbdefault\u00a0\u00bb][et_pb_text _builder_version=\u00a0\u00bb4.6.3&Prime; _module_preset=\u00a0\u00bbdefault\u00a0\u00bb text_font=\u00a0\u00bb|700|||||||\u00a0\u00bb text_orientation=\u00a0\u00bbcenter\u00a0\u00bb]<\/p>\n<p>Manua Exquisite Tahitian Art exp\u00e9die dans le monde entier. Toutes nos pi\u00e8ces sont exp\u00e9di\u00e9es directement depuis notre Galerie de Tahiti, en Polyn\u00e9sie Fran\u00e7aise, via DHL ou FedEx International pour une livraison s\u00fbre. Le d\u00e9lai de livraison est estim\u00e9 \u00e0 environ 2 semaines. Un num\u00e9ro de suivi vous sera donn\u00e9 par un de nos collaborateurs lors de l\u2019exp\u00e9dition, une fois que votre commande aura quitt\u00e9 Tahiti, afin que vous puissiez suivre son trajet jusqu&rsquo;\u00e0 sa livraison chez vous.<\/p>\n<p>[\/et_pb_text][et_pb_image src=\u00a0\u00bbhttps:\/\/www.manuatahitianart.com\/wp-content\/uploads\/2020\/10\/DSC04374.jpg\u00a0\u00bb title_text=\u00a0\u00bbDSC04374&Prime; align=\u00a0\u00bbcenter\u00a0\u00bb _builder_version=\u00a0\u00bb4.6.5&Prime; _module_preset=\u00a0\u00bbdefault\u00a0\u00bb][\/et_pb_image][\/et_pb_column][\/et_pb_row][et_pb_row _builder_version=\u00a0\u00bb4.5.7&Prime; _module_preset=\u00a0\u00bbdefault\u00a0\u00bb][et_pb_column type=\u00a0\u00bb4_4&Prime; _builder_version=\u00a0\u00bb4.5.7&Prime; _module_preset=\u00a0\u00bbdefault\u00a0\u00bb][et_pb_text _builder_version=\u00a0\u00bb4.6.1&Prime; _module_preset=\u00a0\u00bbdefault\u00a0\u00bb text_line_height=\u00a0\u00bb1.5em\u00a0\u00bb header_2_font=\u00a0\u00bb|||on|||||\u00a0\u00bb header_2_font_size=\u00a0\u00bb20px\u00a0\u00bb header_2_letter_spacing=\u00a0\u00bb1px\u00a0\u00bb header_2_line_height=\u00a0\u00bb1.7em\u00a0\u00bb custom_padding=\u00a0\u00bb||||false|false\u00a0\u00bb]<\/p>\n<h2>Prix et moyens de paiement<\/h2>\n<p>Tous les prix affich\u00e9s sur notre site internet sont en Francs Pacifiques (XPF) et toutes taxes comprises. Les frais de livraison varient en fonction de l\u2019adresse de livraison et seront ajout\u00e9s \u00e0 votre montant total au moment d\u2019\u00e9tablir votre facture. Pour tout r\u00e8glement en USD, nous vous fournirons une estimation du taux de change en USD sur votre facture. Notez que votre banque peut utiliser un taux de conversion diff\u00e9rent au moment de la transaction.<\/p>\n<p>SVotre paiement s\u00e9curis\u00e9 sera effectu\u00e9 via notre op\u00e9rateur local, OSB. Les moyens de paiement accept\u00e9s sont Visa, Mastercard, American Express, JCB ainsi que les virements bancaires internationaux. Si vous d\u00e9cidez de r\u00e9gler votre facture par virement bancaire, nous traiterons votre commande d\u00e8s lors que nous aurons re\u00e7u la totalit\u00e9 du paiement.<\/p>\n<p>&nbsp;<\/p>\n<h2>Politique d&rsquo;exp\u00e9dition, de manutention et de livraison<\/h2>\n<p>Les articles voyagent aux risques et p\u00e9rils du transporteur ou de ses correspondants, et aux frais du client (le r\u00e8glement des frais de port et d&rsquo;assurance devront \u00eatre pay\u00e9s avant toute exp\u00e9dition).<\/p>\n<p>Par mesure de s\u00e9curit\u00e9, toutes nos livraisons \u00e0 domicile sont effectu\u00e9es obligatoirement contre une signature lors de la r\u00e9ception du colis. Nous vous recommandons d&rsquo;inspecter votre colis lors de la livraison avant de l\u2019accepter, afin de v\u00e9rifier si il n\u2019a subi aucun dommage durant l\u2019exp\u00e9dition. Par ailleurs, nous ne pouvons pas exp\u00e9dier de commande \u00e0 des adresses de Bo\u00eetes Postales ou \u00e0 un bureau de poste militaire ou naval (APO).<\/p>\n<p>Il vous est possible de modifier votre commande, \u00e0 tout moment avant son exp\u00e9dition. N\u2019h\u00e9sitez pas \u00e0 nous contacter dans les plus brefs d\u00e9lais, nous ferons de notre mieux pour r\u00e9pondre \u00e0 votre demande, dans la mesure du possible et nous vous informerons de toute modification tarifaire engendr\u00e9e.<\/p>\n<p>Dans le cas o\u00f9 votre commande n\u2019arrive pas \u00e0 la date indiqu\u00e9e ou si un article a \u00e9t\u00e9 ab\u00eem\u00e9 lors de l\u2019exp\u00e9dition, contactez-nous soit par e-mail \u00e0 <a href=\"mailto:sales@manuatahitianart.com\">sales@manuatahitianart.com<\/a> soit par t\u00e9l\u00e9phone au (+689) 40 853 953, du lundi au vendredi de 9h00 \u00e0 17h00 heures de la Polyn\u00e9sie Fran\u00e7aise (GMT-10).<\/p>\n<p>[\/et_pb_text][\/et_pb_column][\/et_pb_row][et_pb_row _builder_version=\u00a0\u00bb4.6.5&Prime; _module_preset=\u00a0\u00bbdefault\u00a0\u00bb column_structure=\u00a0\u00bb1_2,1_2&Prime; hover_enabled=\u00a0\u00bb0&Prime; sticky_enabled=\u00a0\u00bb0&Prime; make_equal=\u00a0\u00bbon\u00a0\u00bb custom_css_main_element=\u00a0\u00bbmargin:auto;\u00a0\u00bb custom_margin=\u00a0\u00bb0px||0px||true|false\u00a0\u00bb custom_padding=\u00a0\u00bb0px||0px||true|false\u00a0\u00bb][et_pb_column _builder_version=\u00a0\u00bb4.6.5&Prime; _module_preset=\u00a0\u00bbdefault\u00a0\u00bb type=\u00a0\u00bb1_2&Prime; custom_css_main_element=\u00a0\u00bbmargin:auto;\u00a0\u00bb hover_enabled=\u00a0\u00bb0&Prime; sticky_enabled=\u00a0\u00bb0&Prime;][et_pb_text _builder_version=\u00a0\u00bb4.6.5&Prime; _module_preset=\u00a0\u00bbdefault\u00a0\u00bb text_line_height=\u00a0\u00bb1.5em\u00a0\u00bb header_2_font=\u00a0\u00bb|||on|||||\u00a0\u00bb header_2_font_size=\u00a0\u00bb20px\u00a0\u00bb header_2_letter_spacing=\u00a0\u00bb1px\u00a0\u00bb header_2_line_height=\u00a0\u00bb1.7em\u00a0\u00bb custom_padding=\u00a0\u00bb||||false|false\u00a0\u00bb hover_enabled=\u00a0\u00bb0&Prime; sticky_enabled=\u00a0\u00bb0&Prime;]<\/p>\n<p>D\u00e8s r\u00e9ception de votre commande, nous vous conseillons d\u2019inspecter soigneusement le contenu de votre colis. Si malheureusement votre commande ne correspond pas \u00e0 vos attentes contactez-nous et nous proc\u00e9derons ensemble au retour de votre colis, conform\u00e9ment \u00e0 notre politique d&rsquo;\u00e9change et de retour.<\/p>\n<p>Veuillez noter que tous les frais suppl\u00e9mentaires de <strong>d\u00e9douanement seront \u00e0 votre charge<\/strong>.<\/p>\n<p>[\/et_pb_text][\/et_pb_column][et_pb_column _builder_version=\u00a0\u00bb4.6.5&Prime; _module_preset=\u00a0\u00bbdefault\u00a0\u00bb type=\u00a0\u00bb1_2&Prime;][et_pb_image src=\u00a0\u00bbhttps:\/\/www.manuatahitianart.com\/wp-content\/uploads\/2020\/10\/DSC04357.jpg\u00a0\u00bb _builder_version=\u00a0\u00bb4.6.5&Prime; _module_preset=\u00a0\u00bbdefault\u00a0\u00bb hover_enabled=\u00a0\u00bb0&Prime; sticky_enabled=\u00a0\u00bb0&Prime; title_text=\u00a0\u00bbPolitique d&rsquo;\u00e9change et de retour\u00a0\u00bb][\/et_pb_image][\/et_pb_column][\/et_pb_row][et_pb_row _builder_version=\u00a0\u00bb4.6.5&Prime; _module_preset=\u00a0\u00bbdefault\u00a0\u00bb custom_padding=\u00a0\u00bb0px||||false|false\u00a0\u00bb hover_enabled=\u00a0\u00bb0&Prime; sticky_enabled=\u00a0\u00bb0&Prime;][et_pb_column _builder_version=\u00a0\u00bb4.6.5&Prime; _module_preset=\u00a0\u00bbdefault\u00a0\u00bb type=\u00a0\u00bb4_4&Prime;][et_pb_text _builder_version=\u00a0\u00bb4.6.5&Prime; _module_preset=\u00a0\u00bbdefault\u00a0\u00bb text_line_height=\u00a0\u00bb1.5em\u00a0\u00bb header_2_font=\u00a0\u00bb|||on|||||\u00a0\u00bb header_2_font_size=\u00a0\u00bb20px\u00a0\u00bb header_2_letter_spacing=\u00a0\u00bb1px\u00a0\u00bb header_2_line_height=\u00a0\u00bb1.7em\u00a0\u00bb custom_padding=\u00a0\u00bb||||false|false\u00a0\u00bb hover_enabled=\u00a0\u00bb0&Prime; sticky_enabled=\u00a0\u00bb0&Prime;]<\/p>\n<h2>Politique d&rsquo;\u00e9change et de retour<\/h2>\n<p>Comme la satisfaction de chaque client est notre priorit\u00e9, Manua Exquisite Tahitian Art vous offre la possibilit\u00e9 d\u2019\u00e9changer tout achat effectu\u00e9 en ligne dans les 30 jours suivant la date de r\u00e9ception de votre colis, \u00e0 condition que le(s) article(s) soit dans son \u00e9tat d\u2019origine et son emballage d\u2019exp\u00e9dition. Pour cela, il vous suffit simplement de contacter un membre de notre \u00e9quipe et nous serons heureux de vous assister pour trouver la pi\u00e8ce parfaite pour effectuer cet \u00e9change, tout en r\u00e9pondant \u00e0 vos besoins. Les frais d\u2019exp\u00e9dition et d\u2019assurance li\u00e9s au retour de l\u2019article d\u2019origine et l\u2019envoi du nouvel article sont \u00e0 la charge du client.<\/p>\n<p>Nous n\u2019offrons pas de remboursement sur les achats effectu\u00e9s sur notre site web, except\u00e9 si un article arrive endommag\u00e9, d\u00e9fectueux lors de la livraison, ou qu\u2019il ne correspond pas \u00e0 votre commande. Dans ce cas, veuillez nous contacter dans les plus brefs d\u00e9lais soit par e-mail \u00e0 <a href=\"mailto:sales@manuatahitianart.com\">sales@manuatahitianart.com<\/a> soit par t\u00e9l\u00e9phone au (+689) 40\u00a0853\u00a0953, \u00a0du lundi au vendredi de 9h00 \u00e0 17h00 heures de la Polyn\u00e9sie Fran\u00e7aise (GMT-10) afin que nous puissions vous aider au mieux.<\/p>\n<p>&nbsp;<\/p>\n<h2>Litige<\/h2>\n<p>Pour tout litige avec le client, seuls les Tribunaux de Polyn\u00e9sie Fran\u00e7aise seront comp\u00e9tents et uniquement le droit de la Polyn\u00e9sie Fran\u00e7aise, dans les conditions de son statut d&rsquo;autonomie, sera appliqu\u00e9, \u00e0 l&rsquo;exclusion de toute autre l\u00e9gislation.<\/p>\n<p>[\/et_pb_text][\/et_pb_column][\/et_pb_row][\/et_pb_section][et_pb_section fb_built=\u00a0\u00bb1&Prime; _builder_version=\u00a0\u00bb4.6.5&Prime; _module_preset=\u00a0\u00bb24960477-735a-4523-9a7b-9242f22d246e\u00a0\u00bb background_color=\u00a0\u00bb#D6CEC7&Prime; use_background_color_gradient=\u00a0\u00bboff\u00a0\u00bb custom_padding=\u00a0\u00bb||||false|false\u00a0\u00bb][et_pb_row _builder_version=\u00a0\u00bb4.5.7&Prime; _module_preset=\u00a0\u00bbdefault\u00a0\u00bb][et_pb_column type=\u00a0\u00bb4_4&Prime; _builder_version=\u00a0\u00bb4.5.7&Prime; _module_preset=\u00a0\u00bbdefault\u00a0\u00bb][et_pb_text _builder_version=\u00a0\u00bb4.5.7&Prime; _module_preset=\u00a0\u00bbdefault\u00a0\u00bb text_font=\u00a0\u00bb|700||on|||||\u00a0\u00bb text_font_size=\u00a0\u00bb19px\u00a0\u00bb text_orientation=\u00a0\u00bbcenter\u00a0\u00bb]<\/p>\n<p>Tout comme le s\u00e9rieux que nous mettons dans la s\u00e9lection de nos pi\u00e8ce d\u2019Art, chez Manua Exquisite Tahitian Art, nous nous effor\u00e7ons chaque jour de vous offrir un service de grande qualit\u00e9 afin que vous puissiez vous sentir en confiance lors de vos achats.<\/p>\n<p>Notre souhait est que chaque pi\u00e8ce ou objet d\u2019Art Polyn\u00e9sien corresponde au mieux \u00e0 vos attentes. Et notre v\u0153u le plus cher est que vous en profitiez pendant de nombreuses ann\u00e9es.<\/p>\n<p>[\/et_pb_text][\/et_pb_column][\/et_pb_row][\/et_pb_section]<\/p>\n","protected":false},"excerpt":{"rendered":"<p>Conditions G\u00e9n\u00e9rales d&rsquo;achat en ligne &nbsp;Manua Exquisite Tahitian Art exp\u00e9die dans le monde entier. Toutes nos pi\u00e8ces sont exp\u00e9di\u00e9es directement depuis notre Galerie de Tahiti, en Polyn\u00e9sie Fran\u00e7aise, via DHL ou FedEx International pour une livraison s\u00fbre. Le d\u00e9lai de livraison est estim\u00e9 \u00e0 environ 2 semaines. Un num\u00e9ro de suivi vous sera donn\u00e9 par [&hellip;]<\/p>\n","protected":false},"author":4,"featured_media":0,"parent":0,"menu_order":0,"comment_status":"closed","ping_status":"closed","template":"","meta":{"_et_pb_use_builder":"on","_et_pb_old_content":"","_et_gb_content_width":"","footnotes":""},"class_list":["post-1747","page","type-page","status-publish","hentry"],"yoast_head":"<!-- This site is optimized with the Yoast SEO plugin v27.4 - https:\/\/yoast.com\/product\/yoast-seo-wordpress\/ -->\n<title>Conditions G\u00e9n\u00e9rales - Manua Exquisite Art<\/title>\n<meta name=\"robots\" content=\"index, follow, max-snippet:-1, max-image-preview:large, max-video-preview:-1\" \/>\n<link rel=\"canonical\" href=\"https:\/\/www.manuatahitianart.com\/fr\/conditions-generales\/\" \/>\n<meta property=\"og:locale\" content=\"fr_FR\" \/>\n<meta property=\"og:type\" content=\"article\" \/>\n<meta property=\"og:title\" content=\"Conditions G\u00e9n\u00e9rales - Manua Exquisite Art\" \/>\n<meta property=\"og:description\" content=\"Conditions G\u00e9n\u00e9rales d&#039;achat en ligne &nbsp;Manua Exquisite Tahitian Art exp\u00e9die dans le monde entier. Toutes nos pi\u00e8ces sont exp\u00e9di\u00e9es directement depuis notre Galerie de Tahiti, en Polyn\u00e9sie Fran\u00e7aise, via DHL ou FedEx International pour une livraison s\u00fbre. Le d\u00e9lai de livraison est estim\u00e9 \u00e0 environ 2 semaines. Un num\u00e9ro de suivi vous sera donn\u00e9 par [&hellip;]\" \/>\n<meta property=\"og:url\" content=\"https:\/\/www.manuatahitianart.com\/fr\/conditions-generales\/\" \/>\n<meta property=\"og:site_name\" content=\"Manua Exquisite Art\" \/>\n<meta property=\"article:modified_time\" content=\"2025-05-27T18:21:31+00:00\" \/>\n<meta property=\"og:image\" content=\"https:\/\/www.manuatahitianart.com\/wp-content\/uploads\/2021\/03\/Manua-Exquisite-Tahitian-Art-Four-Seasons-Resort-Bora-Bora-1024x768-1.jpg\" \/>\n\t<meta property=\"og:image:width\" content=\"1200\" \/>\n\t<meta property=\"og:image:height\" content=\"900\" \/>\n\t<meta property=\"og:image:type\" content=\"image\/jpeg\" \/>\n<meta name=\"twitter:card\" content=\"summary_large_image\" \/>\n<meta name=\"twitter:label1\" content=\"Dur\u00e9e de lecture estim\u00e9e\" \/>\n\t<meta name=\"twitter:data1\" content=\"7 minutes\" \/>\n<script type=\"application\/ld+json\" class=\"yoast-schema-graph\">{\"@context\":\"https:\\\/\\\/schema.org\",\"@graph\":[{\"@type\":\"WebPage\",\"@id\":\"https:\\\/\\\/www.manuatahitianart.com\\\/fr\\\/conditions-generales\\\/\",\"url\":\"https:\\\/\\\/www.manuatahitianart.com\\\/fr\\\/conditions-generales\\\/\",\"name\":\"Conditions G\u00e9n\u00e9rales - Manua Exquisite Art\",\"isPartOf\":{\"@id\":\"https:\\\/\\\/www.manuatahitianart.com\\\/#website\"},\"datePublished\":\"2020-11-04T00:18:28+00:00\",\"dateModified\":\"2025-05-27T18:21:31+00:00\",\"breadcrumb\":{\"@id\":\"https:\\\/\\\/www.manuatahitianart.com\\\/fr\\\/conditions-generales\\\/#breadcrumb\"},\"inLanguage\":\"fr-FR\",\"potentialAction\":[{\"@type\":\"ReadAction\",\"target\":[\"https:\\\/\\\/www.manuatahitianart.com\\\/fr\\\/conditions-generales\\\/\"]}]},{\"@type\":\"BreadcrumbList\",\"@id\":\"https:\\\/\\\/www.manuatahitianart.com\\\/fr\\\/conditions-generales\\\/#breadcrumb\",\"itemListElement\":[{\"@type\":\"ListItem\",\"position\":1,\"name\":\"Accueil\",\"item\":\"https:\\\/\\\/www.manuatahitianart.com\\\/fr\\\/\"},{\"@type\":\"ListItem\",\"position\":2,\"name\":\"Conditions G\u00e9n\u00e9rales\"}]},{\"@type\":\"WebSite\",\"@id\":\"https:\\\/\\\/www.manuatahitianart.com\\\/#website\",\"url\":\"https:\\\/\\\/www.manuatahitianart.com\\\/\",\"name\":\"Manua Exquisite Art\",\"description\":\"Polynesian Gallery, Contemporary and Ethnic Art\",\"publisher\":{\"@id\":\"https:\\\/\\\/www.manuatahitianart.com\\\/#organization\"},\"potentialAction\":[{\"@type\":\"SearchAction\",\"target\":{\"@type\":\"EntryPoint\",\"urlTemplate\":\"https:\\\/\\\/www.manuatahitianart.com\\\/?s={search_term_string}\"},\"query-input\":{\"@type\":\"PropertyValueSpecification\",\"valueRequired\":true,\"valueName\":\"search_term_string\"}}],\"inLanguage\":\"fr-FR\"},{\"@type\":\"Organization\",\"@id\":\"https:\\\/\\\/www.manuatahitianart.com\\\/#organization\",\"name\":\"Manua Tahitian Art\",\"url\":\"https:\\\/\\\/www.manuatahitianart.com\\\/\",\"logo\":{\"@type\":\"ImageObject\",\"inLanguage\":\"fr-FR\",\"@id\":\"https:\\\/\\\/www.manuatahitianart.com\\\/#\\\/schema\\\/logo\\\/image\\\/\",\"url\":\"https:\\\/\\\/www.manuatahitianart.com\\\/wp-content\\\/uploads\\\/2016\\\/05\\\/manualogo.png\",\"contentUrl\":\"https:\\\/\\\/www.manuatahitianart.com\\\/wp-content\\\/uploads\\\/2016\\\/05\\\/manualogo.png\",\"width\":310,\"height\":134,\"caption\":\"Manua Tahitian Art\"},\"image\":{\"@id\":\"https:\\\/\\\/www.manuatahitianart.com\\\/#\\\/schema\\\/logo\\\/image\\\/\"}}]}<\/script>\n<!-- \/ Yoast SEO plugin. -->","yoast_head_json":{"title":"Conditions G\u00e9n\u00e9rales - Manua Exquisite Art","robots":{"index":"index","follow":"follow","max-snippet":"max-snippet:-1","max-image-preview":"max-image-preview:large","max-video-preview":"max-video-preview:-1"},"canonical":"https:\/\/www.manuatahitianart.com\/fr\/conditions-generales\/","og_locale":"fr_FR","og_type":"article","og_title":"Conditions G\u00e9n\u00e9rales - Manua Exquisite Art","og_description":"Conditions G\u00e9n\u00e9rales d'achat en ligne &nbsp;Manua Exquisite Tahitian Art exp\u00e9die dans le monde entier. Toutes nos pi\u00e8ces sont exp\u00e9di\u00e9es directement depuis notre Galerie de Tahiti, en Polyn\u00e9sie Fran\u00e7aise, via DHL ou FedEx International pour une livraison s\u00fbre. Le d\u00e9lai de livraison est estim\u00e9 \u00e0 environ 2 semaines. Un num\u00e9ro de suivi vous sera donn\u00e9 par [&hellip;]","og_url":"https:\/\/www.manuatahitianart.com\/fr\/conditions-generales\/","og_site_name":"Manua Exquisite Art","article_modified_time":"2025-05-27T18:21:31+00:00","og_image":[{"width":1200,"height":900,"url":"https:\/\/www.manuatahitianart.com\/wp-content\/uploads\/2021\/03\/Manua-Exquisite-Tahitian-Art-Four-Seasons-Resort-Bora-Bora-1024x768-1.jpg","type":"image\/jpeg"}],"twitter_card":"summary_large_image","twitter_misc":{"Dur\u00e9e de lecture estim\u00e9e":"7 minutes"},"schema":{"@context":"https:\/\/schema.org","@graph":[{"@type":"WebPage","@id":"https:\/\/www.manuatahitianart.com\/fr\/conditions-generales\/","url":"https:\/\/www.manuatahitianart.com\/fr\/conditions-generales\/","name":"Conditions G\u00e9n\u00e9rales - Manua Exquisite Art","isPartOf":{"@id":"https:\/\/www.manuatahitianart.com\/#website"},"datePublished":"2020-11-04T00:18:28+00:00","dateModified":"2025-05-27T18:21:31+00:00","breadcrumb":{"@id":"https:\/\/www.manuatahitianart.com\/fr\/conditions-generales\/#breadcrumb"},"inLanguage":"fr-FR","potentialAction":[{"@type":"ReadAction","target":["https:\/\/www.manuatahitianart.com\/fr\/conditions-generales\/"]}]},{"@type":"BreadcrumbList","@id":"https:\/\/www.manuatahitianart.com\/fr\/conditions-generales\/#breadcrumb","itemListElement":[{"@type":"ListItem","position":1,"name":"Accueil","item":"https:\/\/www.manuatahitianart.com\/fr\/"},{"@type":"ListItem","position":2,"name":"Conditions G\u00e9n\u00e9rales"}]},{"@type":"WebSite","@id":"https:\/\/www.manuatahitianart.com\/#website","url":"https:\/\/www.manuatahitianart.com\/","name":"Manua Exquisite Art","description":"Polynesian Gallery, Contemporary and Ethnic Art","publisher":{"@id":"https:\/\/www.manuatahitianart.com\/#organization"},"potentialAction":[{"@type":"SearchAction","target":{"@type":"EntryPoint","urlTemplate":"https:\/\/www.manuatahitianart.com\/?s={search_term_string}"},"query-input":{"@type":"PropertyValueSpecification","valueRequired":true,"valueName":"search_term_string"}}],"inLanguage":"fr-FR"},{"@type":"Organization","@id":"https:\/\/www.manuatahitianart.com\/#organization","name":"Manua Tahitian Art","url":"https:\/\/www.manuatahitianart.com\/","logo":{"@type":"ImageObject","inLanguage":"fr-FR","@id":"https:\/\/www.manuatahitianart.com\/#\/schema\/logo\/image\/","url":"https:\/\/www.manuatahitianart.com\/wp-content\/uploads\/2016\/05\/manualogo.png","contentUrl":"https:\/\/www.manuatahitianart.com\/wp-content\/uploads\/2016\/05\/manualogo.png","width":310,"height":134,"caption":"Manua Tahitian Art"},"image":{"@id":"https:\/\/www.manuatahitianart.com\/#\/schema\/logo\/image\/"}}]}},"_links":{"self":[{"href":"https:\/\/www.manuatahitianart.com\/fr\/wp-json\/wp\/v2\/pages\/1747","targetHints":{"allow":["GET"]}}],"collection":[{"href":"https:\/\/www.manuatahitianart.com\/fr\/wp-json\/wp\/v2\/pages"}],"about":[{"href":"https:\/\/www.manuatahitianart.com\/fr\/wp-json\/wp\/v2\/types\/page"}],"author":[{"embeddable":true,"href":"https:\/\/www.manuatahitianart.com\/fr\/wp-json\/wp\/v2\/users\/4"}],"replies":[{"embeddable":true,"href":"https:\/\/www.manuatahitianart.com\/fr\/wp-json\/wp\/v2\/comments?post=1747"}],"version-history":[{"count":0,"href":"https:\/\/www.manuatahitianart.com\/fr\/wp-json\/wp\/v2\/pages\/1747\/revisions"}],"wp:attachment":[{"href":"https:\/\/www.manuatahitianart.com\/fr\/wp-json\/wp\/v2\/media?parent=1747"}],"curies":[{"name":"wp","href":"https:\/\/api.w.org\/{rel}","templated":true}]}}