{"id":1665,"date":"2020-11-03T11:09:12","date_gmt":"2020-11-03T21:09:12","guid":{"rendered":"https:\/\/www.manuatahitianart.com\/test?page_id=1665"},"modified":"2025-05-27T08:21:32","modified_gmt":"2025-05-27T18:21:32","slug":"matieres-venant-de-la-nature","status":"publish","type":"page","link":"https:\/\/www.manuatahitianart.com\/fr\/matieres-venant-de-la-nature\/","title":{"rendered":"Mati\u00e8res venant de la Nature"},"content":{"rendered":"<p>[et_pb_section fb_built=\u00a0\u00bb1&Prime; custom_padding_last_edited=\u00a0\u00bbon|phone\u00a0\u00bb _builder_version=\u00a0\u00bb4.6.5&Prime; _module_preset=\u00a0\u00bbab78da04-8ecb-42b3-8283-0afda9b05d88&Prime; background_color=\u00a0\u00bbrgba(0,0,0,0.49)\u00a0\u00bb background_color_gradient_start=\u00a0\u00bbrgba(0,0,0,0.38)\u00a0\u00bb background_image=\u00a0\u00bbhttps:\/\/www.manuatahitianart.com\/wp-content\/uploads\/2020\/09\/coco-grave.jpg\u00a0\u00bb height_tablet=\u00a0\u00bb\u00a0\u00bb height_phone=\u00a0\u00bb400px\u00a0\u00bb height_last_edited=\u00a0\u00bbon|phone\u00a0\u00bb max_height=\u00a0\u00bb300px\u00a0\u00bb max_height_tablet=\u00a0\u00bb\u00a0\u00bb max_height_phone=\u00a0\u00bb\u00a0\u00bb max_height_last_edited=\u00a0\u00bbon|phone\u00a0\u00bb custom_margin_tablet=\u00a0\u00bb\u00a0\u00bb custom_margin_phone=\u00a0\u00bb||||false|false\u00a0\u00bb custom_margin_last_edited=\u00a0\u00bbon|tablet\u00a0\u00bb custom_padding=\u00a0\u00bb12%||12%||true|false\u00a0\u00bb custom_padding_tablet=\u00a0\u00bb18%||18%||true|false\u00a0\u00bb custom_padding_phone=\u00a0\u00bb29%||29%||true|false\u00a0\u00bb][et_pb_row _builder_version=\u00a0\u00bb4.5.1&Prime; background_size=\u00a0\u00bbinitial\u00a0\u00bb background_position=\u00a0\u00bbtop_left\u00a0\u00bb background_repeat=\u00a0\u00bbrepeat\u00a0\u00bb custom_margin=\u00a0\u00bb-134px|auto||auto||\u00a0\u00bb][et_pb_column type=\u00a0\u00bb4_4&Prime; _builder_version=\u00a0\u00bb3.25&Prime; custom_padding=\u00a0\u00bb|||\u00a0\u00bb custom_padding__hover=\u00a0\u00bb|||\u00a0\u00bb][et_pb_text _builder_version=\u00a0\u00bb4.5.7&Prime; _module_preset=\u00a0\u00bb1c878038-11fe-406a-a9f8-ccd20da1fa45&Prime;]<\/p>\n<h1>Mati\u00e8res<\/h1>\n<h2>Nos Terres en Polyn\u00e9sie Fran\u00e7aise sont riches tout autant que notre oc\u00e9an : nacre ou Perles de Tahiti,  bois de miro, de pandanus ou de cocotier, roche volcanique ou pierre fleurie, mais aussi rostre de poisson, os de b\u0153uf, \u00e9corce d\u2019arbre, etc.<\/h2>\n<p>[\/et_pb_text][\/et_pb_column][\/et_pb_row][\/et_pb_section][et_pb_section fb_built=\u00a0\u00bb1&Prime; _builder_version=\u00a0\u00bb4.5.6&Prime; _module_preset=\u00a0\u00bbdefault\u00a0\u00bb][et_pb_row column_structure=\u00a0\u00bb2_5,3_5&Prime; make_equal=\u00a0\u00bbon\u00a0\u00bb _builder_version=\u00a0\u00bb4.5.6&Prime; _module_preset=\u00a0\u00bbdefault\u00a0\u00bb][et_pb_column type=\u00a0\u00bb2_5&Prime; _builder_version=\u00a0\u00bb4.5.6&Prime; _module_preset=\u00a0\u00bbdefault\u00a0\u00bb custom_css_main_element=\u00a0\u00bbmargin:auto;\u00a0\u00bb][et_pb_text _builder_version=\u00a0\u00bb4.5.7&Prime; _module_preset=\u00a0\u00bbdefault\u00a0\u00bb text_font_size=\u00a0\u00bb30px\u00a0\u00bb text_line_height=\u00a0\u00bb1.45em\u00a0\u00bb]<\/p>\n<p>Chaque mati\u00e8re premi\u00e8re est ici transform\u00e9e, travaill\u00e9e, sculpt\u00e9e afin de devenir un objet, une pi\u00e8ce d\u2019Art.<\/p>\n<p>[\/et_pb_text][et_pb_text _builder_version=\u00a0\u00bb4.5.6&Prime; _module_preset=\u00a0\u00bbdefault\u00a0\u00bb]<\/p>\n<p>Le travail est long, fastidieux. Il faut attendre que le bois s\u00e8che, que la pierre fleurie tombe des falaises, que la noix de coco soit pr\u00eate \u00e0 \u00eatre grav\u00e9e.<\/p>\n<p>[\/et_pb_text][et_pb_text _builder_version=\u00a0\u00bb4.6.5&Prime; _module_preset=\u00a0\u00bbdefault\u00a0\u00bb custom_padding_tablet=\u00a0\u00bb||18px||false|false\u00a0\u00bb custom_padding_phone=\u00a0\u00bb\u00a0\u00bb custom_padding_last_edited=\u00a0\u00bbon|tablet\u00a0\u00bb]<\/p>\n<p>Rien ne se perd, tout se transforme\u2026 \u00e0 force de travail, chaque mati\u00e8re premi\u00e8re est magnifi\u00e9e, et prend tout son sens.<\/p>\n<p>[\/et_pb_text][\/et_pb_column][et_pb_column type=\u00a0\u00bb3_5&Prime; _builder_version=\u00a0\u00bb4.5.6&Prime; _module_preset=\u00a0\u00bbdefault\u00a0\u00bb][et_pb_image src=\u00a0\u00bbhttps:\/\/www.manuatahitianart.com\/wp-content\/uploads\/2020\/08\/making-polynesian-tiki.jpg\u00a0\u00bb alt=\u00a0\u00bbArtiste fabricant un Tiki Polyn\u00e9sien\u00a0\u00bb title_text=\u00a0\u00bbTiki Polyn\u00e9sien en cours de fabrication\u00a0\u00bb _builder_version=\u00a0\u00bb4.5.6&Prime; _module_preset=\u00a0\u00bbdefault\u00a0\u00bb filter_brightness=\u00a0\u00bb120%\u00a0\u00bb][\/et_pb_image][\/et_pb_column][\/et_pb_row][\/et_pb_section][et_pb_section fb_built=\u00a0\u00bb1&Prime; _builder_version=\u00a0\u00bb4.5.7&Prime; _module_preset=\u00a0\u00bbdefault\u00a0\u00bb background_color=\u00a0\u00bbrgba(132,105,84,0.33)\u00a0\u00bb custom_padding=\u00a0\u00bb64px||81px||false|false\u00a0\u00bb top_divider_height=\u00a0\u00bb64px\u00a0\u00bb top_divider_repeat=\u00a0\u00bb3x\u00a0\u00bb bottom_divider_height=\u00a0\u00bb82px\u00a0\u00bb bottom_divider_repeat=\u00a0\u00bb4x\u00a0\u00bb][et_pb_row column_structure=\u00a0\u00bb3_5,2_5&Prime; make_equal=\u00a0\u00bbon\u00a0\u00bb _builder_version=\u00a0\u00bb4.5.7&Prime; _module_preset=\u00a0\u00bbdefault\u00a0\u00bb][et_pb_column type=\u00a0\u00bb3_5&Prime; _builder_version=\u00a0\u00bb4.5.6&Prime; _module_preset=\u00a0\u00bbdefault\u00a0\u00bb][et_pb_image src=\u00a0\u00bbhttps:\/\/www.manuatahitianart.com\/wp-content\/uploads\/2020\/08\/IMG_3850-1024&#215;827.jpg\u00a0\u00bb alt=\u00a0\u00bbConception d&rsquo;un Tiki Polyn\u00e9sien \u00e0 partir de bois des Marquises\u00a0\u00bb title_text=\u00a0\u00bbFabricatino de Tiki \u00e0 partir de bois\u00a0\u00bb _builder_version=\u00a0\u00bb4.5.7&Prime; _module_preset=\u00a0\u00bbdefault\u00a0\u00bb][\/et_pb_image][\/et_pb_column][et_pb_column type=\u00a0\u00bb2_5&Prime; _builder_version=\u00a0\u00bb4.5.7&Prime; _module_preset=\u00a0\u00bbdefault\u00a0\u00bb custom_css_main_element=\u00a0\u00bbmargin:auto;\u00a0\u00bb][et_pb_text _builder_version=\u00a0\u00bb4.6.5&Prime; _module_preset=\u00a0\u00bbdefault\u00a0\u00bb text_font_size=\u00a0\u00bb30px\u00a0\u00bb text_line_height=\u00a0\u00bb1.45em\u00a0\u00bb header_text_align_tablet=\u00a0\u00bbcenter\u00a0\u00bb header_text_align_phone=\u00a0\u00bb\u00a0\u00bb header_text_align_last_edited=\u00a0\u00bbon|tablet\u00a0\u00bb text_orientation_tablet=\u00a0\u00bbcenter\u00a0\u00bb text_orientation_phone=\u00a0\u00bb\u00a0\u00bb text_orientation_last_edited=\u00a0\u00bbon|tablet\u00a0\u00bb]<\/p>\n<p>Un bois sp\u00e9cial provenant de l&rsquo;Oc\u00e9an Pacifique.<\/p>\n<p>[\/et_pb_text][et_pb_text _builder_version=\u00a0\u00bb4.6.5&Prime; _module_preset=\u00a0\u00bbdefault\u00a0\u00bb text_line_height=\u00a0\u00bb1.45em\u00a0\u00bb text_orientation_tablet=\u00a0\u00bbcenter\u00a0\u00bb text_orientation_phone=\u00a0\u00bb\u00a0\u00bb text_orientation_last_edited=\u00a0\u00bbon|tablet\u00a0\u00bb]<\/p>\n<p>Beaucoup de bois sont end\u00e9miques au Pacifique. Le bois de \u2018\u2019<em>Tou<\/em>\u2019\u2019 (noyer d\u2019Oc\u00e9anie) et ses \u00ab vagues \u00bb qui lui donnent sa couleur si particuli\u00e8re et profonde semble dessiner les mouvements de l\u2019oc\u00e9an.\u00a0<\/p>\n<p>[\/et_pb_text][\/et_pb_column][\/et_pb_row][\/et_pb_section][et_pb_section fb_built=\u00a0\u00bb1&Prime; _builder_version=\u00a0\u00bb4.5.6&Prime; _module_preset=\u00a0\u00bbdefault\u00a0\u00bb custom_padding=\u00a0\u00bb||0px|||\u00a0\u00bb][et_pb_row _builder_version=\u00a0\u00bb4.5.7&Prime; _module_preset=\u00a0\u00bbdefault\u00a0\u00bb][et_pb_column type=\u00a0\u00bb4_4&Prime; _builder_version=\u00a0\u00bb4.5.7&Prime; _module_preset=\u00a0\u00bbdefault\u00a0\u00bb][et_pb_text _builder_version=\u00a0\u00bb4.5.7&Prime; _module_preset=\u00a0\u00bbdefault\u00a0\u00bb text_font_size=\u00a0\u00bb30px\u00a0\u00bb text_line_height=\u00a0\u00bb1.3em\u00a0\u00bb header_3_font_size=\u00a0\u00bb30px\u00a0\u00bb text_orientation=\u00a0\u00bbcenter\u00a0\u00bb custom_margin=\u00a0\u00bb||1px|||\u00a0\u00bb custom_padding=\u00a0\u00bb|15%||15%|false|true\u00a0\u00bb]<\/p>\n<p>La pierre fleurie des Marquises quand \u00e0 elle, est quasiment unique au monde.\u00a0<\/p>\n<p>[\/et_pb_text][et_pb_text _builder_version=\u00a0\u00bb4.5.7&Prime; _module_preset=\u00a0\u00bbdefault\u00a0\u00bb text_line_height=\u00a0\u00bb1.45em\u00a0\u00bb text_orientation=\u00a0\u00bbcenter\u00a0\u00bb custom_margin=\u00a0\u00bb25px|||||\u00a0\u00bb]<\/p>\n<p>Dans la tradition, l\u2019Artiste doit attendre qu\u2019elle tombe d\u2019elle-m\u00eame pour pouvoir la travailler.<\/p>\n<p>Une fois sculpt\u00e9e, et selon la L\u00e9gende, elle est alors recouverte de \u00ab <em>mono\u00ef<\/em> \u00bb afin de voir les fleurs de la pierre s\u2019ouvrir.<\/p>\n<p>[\/et_pb_text][\/et_pb_column][\/et_pb_row][et_pb_row column_structure=\u00a0\u00bb1_3,1_3,1_3&Prime; custom_padding_last_edited=\u00a0\u00bbon|phone\u00a0\u00bb _builder_version=\u00a0\u00bb4.6.5&Prime; _module_preset=\u00a0\u00bbdefault\u00a0\u00bb width_tablet=\u00a0\u00bb\u00a0\u00bb width_phone=\u00a0\u00bb\u00a0\u00bb width_last_edited=\u00a0\u00bbon|phone\u00a0\u00bb max_width_tablet=\u00a0\u00bb80%\u00a0\u00bb max_width_phone=\u00a0\u00bb\u00a0\u00bb max_width_last_edited=\u00a0\u00bbon|tablet\u00a0\u00bb max_height_tablet=\u00a0\u00bb\u00a0\u00bb max_height_phone=\u00a0\u00bb\u00a0\u00bb max_height_last_edited=\u00a0\u00bbon|tablet\u00a0\u00bb custom_margin_tablet=\u00a0\u00bb||-60px||false|false\u00a0\u00bb custom_margin_phone=\u00a0\u00bb||||false|false\u00a0\u00bb custom_margin_last_edited=\u00a0\u00bbon|phone\u00a0\u00bb custom_padding=\u00a0\u00bb||||false|false\u00a0\u00bb custom_padding_tablet=\u00a0\u00bb\u00a0\u00bb custom_padding_phone=\u00a0\u00bb||||false|false\u00a0\u00bb module_alignment_tablet=\u00a0\u00bbcenter\u00a0\u00bb module_alignment_phone=\u00a0\u00bbcenter\u00a0\u00bb module_alignment_last_edited=\u00a0\u00bbon|phone\u00a0\u00bb custom_css_main_element=\u00a0\u00bbdisplay:flex;\u00a0\u00bb custom_css_main_element_last_edited=\u00a0\u00bbon|tablet\u00a0\u00bb custom_css_main_element_tablet=\u00a0\u00bbdisplay:flex;\u00a0\u00bb][et_pb_column type=\u00a0\u00bb1_3&Prime; _builder_version=\u00a0\u00bb4.6.5&Prime; _module_preset=\u00a0\u00bbdefault\u00a0\u00bb custom_css_main_element=\u00a0\u00bbmargin:auto;\u00a0\u00bb custom_css_main_element_last_edited=\u00a0\u00bbon|tablet\u00a0\u00bb custom_css_main_element_tablet=\u00a0\u00bbdisplay:flex;\u00a0\u00bb][et_pb_image src=\u00a0\u00bbhttps:\/\/www.manuatahitianart.com\/wp-content\/uploads\/2020\/08\/IMG_3930-e1597896375721-300&#215;300.jpg\u00a0\u00bb alt=\u00a0\u00bbPierre choisie destin\u00e9e \u00e0 devenir un Tiki Polyn\u00e9sien\u00a0\u00bb title_text=\u00a0\u00bbFabrication de Tiki en pierre\u00a0\u00bb _builder_version=\u00a0\u00bb4.6.5&Prime; _module_preset=\u00a0\u00bbdefault\u00a0\u00bb width_tablet=\u00a0\u00bb\u00a0\u00bb width_phone=\u00a0\u00bb\u00a0\u00bb width_last_edited=\u00a0\u00bbon|tablet\u00a0\u00bb max_width_tablet=\u00a0\u00bb\u00a0\u00bb max_width_phone=\u00a0\u00bb100%\u00a0\u00bb max_width_last_edited=\u00a0\u00bbon|phone\u00a0\u00bb max_height_tablet=\u00a0\u00bb200px\u00a0\u00bb max_height_phone=\u00a0\u00bb\u00a0\u00bb max_height_last_edited=\u00a0\u00bbon|tablet\u00a0\u00bb custom_margin_tablet=\u00a0\u00bb\u00a0\u00bb custom_margin_phone=\u00a0\u00bb||7px||false|false\u00a0\u00bb custom_margin_last_edited=\u00a0\u00bbon|phone\u00a0\u00bb module_alignment_tablet=\u00a0\u00bb\u00a0\u00bb module_alignment_phone=\u00a0\u00bb\u00a0\u00bb module_alignment_last_edited=\u00a0\u00bbon|phone\u00a0\u00bb][\/et_pb_image][\/et_pb_column][et_pb_column type=\u00a0\u00bb1_3&Prime; _builder_version=\u00a0\u00bb4.6.5&Prime; _module_preset=\u00a0\u00bbdefault\u00a0\u00bb custom_css_main_element_last_edited=\u00a0\u00bbon|tablet\u00a0\u00bb custom_css_main_element_tablet=\u00a0\u00bbdisplay:flex;\u00a0\u00bb][et_pb_image src=\u00a0\u00bbhttps:\/\/www.manuatahitianart.com\/wp-content\/uploads\/2020\/08\/IMG_3928-e1597896436915-300&#215;300.jpg\u00a0\u00bb alt=\u00a0\u00bbTiki Polyn\u00e9sien fabriqu\u00e9 \u00e0 partir de pierre\u00a0\u00bb title_text=\u00a0\u00bbTiki Polyn\u00e9sien fabriqu\u00e9 \u00e0 partir de pierre\u00a0\u00bb _builder_version=\u00a0\u00bb4.6.5&Prime; _module_preset=\u00a0\u00bbdefault\u00a0\u00bb max_width_tablet=\u00a0\u00bb\u00a0\u00bb max_width_phone=\u00a0\u00bb100%\u00a0\u00bb max_width_last_edited=\u00a0\u00bbon|phone\u00a0\u00bb max_height_tablet=\u00a0\u00bb200px\u00a0\u00bb max_height_phone=\u00a0\u00bb\u00a0\u00bb max_height_last_edited=\u00a0\u00bbon|tablet\u00a0\u00bb][\/et_pb_image][\/et_pb_column][et_pb_column type=\u00a0\u00bb1_3&Prime; _builder_version=\u00a0\u00bb4.6.5&Prime; _module_preset=\u00a0\u00bbdefault\u00a0\u00bb custom_css_main_element_last_edited=\u00a0\u00bbon|tablet\u00a0\u00bb custom_css_main_element_tablet=\u00a0\u00bbdisplay:flex;\u00a0\u00bb][et_pb_image src=\u00a0\u00bbhttps:\/\/www.manuatahitianart.com\/wp-content\/uploads\/2020\/08\/IMG_3929-e1597896483129-300&#215;300.jpg\u00a0\u00bb alt=\u00a0\u00bbTiki Polyn\u00e9sien recouvert d&rsquo;huile de mono\u00ef\u00a0\u00bb title_text=\u00a0\u00bbTiki Polyn\u00e9sien recouvert d&rsquo;huile de mono\u00ef\u00a0\u00bb _builder_version=\u00a0\u00bb4.6.5&Prime; _module_preset=\u00a0\u00bbdefault\u00a0\u00bb max_width_tablet=\u00a0\u00bb\u00a0\u00bb max_width_phone=\u00a0\u00bb100%\u00a0\u00bb max_width_last_edited=\u00a0\u00bbon|phone\u00a0\u00bb max_height_tablet=\u00a0\u00bb200px\u00a0\u00bb max_height_phone=\u00a0\u00bb\u00a0\u00bb max_height_last_edited=\u00a0\u00bbon|tablet\u00a0\u00bb][\/et_pb_image][\/et_pb_column][\/et_pb_row][et_pb_row _builder_version=\u00a0\u00bb4.5.7&Prime; _module_preset=\u00a0\u00bbdefault\u00a0\u00bb width=\u00a0\u00bb100%\u00a0\u00bb max_width=\u00a0\u00bb100%\u00a0\u00bb custom_margin=\u00a0\u00bb5%||5%||true|false\u00a0\u00bb][et_pb_column type=\u00a0\u00bb4_4&Prime; _builder_version=\u00a0\u00bb4.5.7&Prime; _module_preset=\u00a0\u00bbdefault\u00a0\u00bb][et_pb_text _builder_version=\u00a0\u00bb4.5.7&Prime; _module_preset=\u00a0\u00bbdefault\u00a0\u00bb text_font_size=\u00a0\u00bb30px\u00a0\u00bb text_line_height=\u00a0\u00bb1.3em\u00a0\u00bb header_3_font_size=\u00a0\u00bb30px\u00a0\u00bb text_orientation=\u00a0\u00bbcenter\u00a0\u00bb custom_margin=\u00a0\u00bb||1px|||\u00a0\u00bb custom_padding=\u00a0\u00bb|15%||15%|false|true\u00a0\u00bb]<\/p>\n<p>Quelle que soit la mati\u00e8re premi\u00e8re utilis\u00e9e, elle sera magnifi\u00e9e et deviendra une pi\u00e8ce unique, authentique et de grande qualit\u00e9.<\/p>\n<p>[\/et_pb_text][\/et_pb_column][\/et_pb_row][et_pb_row column_structure=\u00a0\u00bb3_4,1_4&Prime; use_custom_gutter=\u00a0\u00bbon\u00a0\u00bb gutter_width=\u00a0\u00bb1&Prime; make_equal=\u00a0\u00bbon\u00a0\u00bb _builder_version=\u00a0\u00bb4.6.5&Prime; _module_preset=\u00a0\u00bbdefault\u00a0\u00bb width=\u00a0\u00bb100%\u00a0\u00bb max_width=\u00a0\u00bb100%\u00a0\u00bb custom_margin=\u00a0\u00bb0%|0px||0px|false|true\u00a0\u00bb custom_padding=\u00a0\u00bb0px|0px|0px|0px|true|true\u00a0\u00bb][et_pb_column type=\u00a0\u00bb3_4&Prime; _builder_version=\u00a0\u00bb4.5.7&Prime; _module_preset=\u00a0\u00bbdefault\u00a0\u00bb custom_padding=\u00a0\u00bb||||false|false\u00a0\u00bb][et_pb_image src=\u00a0\u00bbhttps:\/\/www.manuatahitianart.com\/wp-content\/uploads\/2020\/08\/1_before_.jpg\u00a0\u00bb title_text=\u00a0\u00bbavant\u00a0\u00bb align=\u00a0\u00bbcenter\u00a0\u00bb force_fullwidth=\u00a0\u00bbon\u00a0\u00bb _builder_version=\u00a0\u00bb4.5.7&Prime; _module_preset=\u00a0\u00bbdefault\u00a0\u00bb background_enable_image=\u00a0\u00bboff\u00a0\u00bb custom_margin=\u00a0\u00bb||||false|false\u00a0\u00bb custom_padding=\u00a0\u00bb0px||0px||true|false\u00a0\u00bb filter_contrast=\u00a0\u00bb125%\u00a0\u00bb filter_opacity=\u00a0\u00bb80%\u00a0\u00bb][\/et_pb_image][\/et_pb_column][et_pb_column type=\u00a0\u00bb1_4&Prime; _builder_version=\u00a0\u00bb4.6.5&Prime; _module_preset=\u00a0\u00bbdefault\u00a0\u00bb background_image=\u00a0\u00bbhttps:\/\/www.manuatahitianart.com\/wp-content\/uploads\/2020\/08\/2_after.jpg\u00a0\u00bb custom_padding_tablet=\u00a0\u00bb194px||194px||true|false\u00a0\u00bb custom_padding_phone=\u00a0\u00bb\u00a0\u00bb custom_padding_last_edited=\u00a0\u00bbon|tablet\u00a0\u00bb][\/et_pb_column][\/et_pb_row][\/et_pb_section]<\/p>\n","protected":false},"excerpt":{"rendered":"<p>Mati\u00e8res Nos Terres en Polyn\u00e9sie Fran\u00e7aise sont riches tout autant que notre oc\u00e9an : nacre ou Perles de Tahiti, bois de miro, de pandanus ou de cocotier, roche volcanique ou pierre fleurie, mais aussi rostre de poisson, os de b\u0153uf, \u00e9corce d\u2019arbre, etc.Chaque mati\u00e8re premi\u00e8re est ici transform\u00e9e, travaill\u00e9e, sculpt\u00e9e afin de devenir un objet, [&hellip;]<\/p>\n","protected":false},"author":4,"featured_media":1668,"parent":0,"menu_order":0,"comment_status":"closed","ping_status":"closed","template":"","meta":{"_et_pb_use_builder":"on","_et_pb_old_content":"","_et_gb_content_width":"","footnotes":""},"class_list":["post-1665","page","type-page","status-publish","has-post-thumbnail","hentry"],"yoast_head":"<!-- This site is optimized with the Yoast SEO plugin v27.4 - https:\/\/yoast.com\/product\/yoast-seo-wordpress\/ -->\n<title>Mati\u00e8res venant de la Nature - Manua Exquisite Art<\/title>\n<meta name=\"robots\" content=\"index, follow, max-snippet:-1, max-image-preview:large, max-video-preview:-1\" \/>\n<link rel=\"canonical\" href=\"https:\/\/www.manuatahitianart.com\/fr\/matieres-venant-de-la-nature\/\" \/>\n<meta property=\"og:locale\" content=\"fr_FR\" \/>\n<meta property=\"og:type\" content=\"article\" \/>\n<meta property=\"og:title\" content=\"Mati\u00e8res venant de la Nature - Manua Exquisite Art\" \/>\n<meta property=\"og:description\" content=\"Mati\u00e8res Nos Terres en Polyn\u00e9sie Fran\u00e7aise sont riches tout autant que notre oc\u00e9an : nacre ou Perles de Tahiti, bois de miro, de pandanus ou de cocotier, roche volcanique ou pierre fleurie, mais aussi rostre de poisson, os de b\u0153uf, \u00e9corce d\u2019arbre, etc.Chaque mati\u00e8re premi\u00e8re est ici transform\u00e9e, travaill\u00e9e, sculpt\u00e9e afin de devenir un objet, [&hellip;]\" \/>\n<meta property=\"og:url\" content=\"https:\/\/www.manuatahitianart.com\/fr\/matieres-venant-de-la-nature\/\" \/>\n<meta property=\"og:site_name\" content=\"Manua Exquisite Art\" \/>\n<meta property=\"article:modified_time\" content=\"2025-05-27T18:21:32+00:00\" \/>\n<meta property=\"og:image\" content=\"https:\/\/www.manuatahitianart.com\/wp-content\/uploads\/2020\/08\/IMG_3850.jpg\" \/>\n\t<meta property=\"og:image:width\" content=\"1200\" \/>\n\t<meta property=\"og:image:height\" content=\"969\" \/>\n\t<meta property=\"og:image:type\" content=\"image\/jpeg\" \/>\n<meta name=\"twitter:card\" content=\"summary_large_image\" \/>\n<meta name=\"twitter:label1\" content=\"Dur\u00e9e de lecture estim\u00e9e\" \/>\n\t<meta name=\"twitter:data1\" content=\"7 minutes\" \/>\n<script type=\"application\/ld+json\" class=\"yoast-schema-graph\">{\"@context\":\"https:\\\/\\\/schema.org\",\"@graph\":[{\"@type\":\"WebPage\",\"@id\":\"https:\\\/\\\/www.manuatahitianart.com\\\/fr\\\/matieres-venant-de-la-nature\\\/\",\"url\":\"https:\\\/\\\/www.manuatahitianart.com\\\/fr\\\/matieres-venant-de-la-nature\\\/\",\"name\":\"Mati\u00e8res venant de la Nature - Manua Exquisite Art\",\"isPartOf\":{\"@id\":\"https:\\\/\\\/www.manuatahitianart.com\\\/#website\"},\"primaryImageOfPage\":{\"@id\":\"https:\\\/\\\/www.manuatahitianart.com\\\/fr\\\/matieres-venant-de-la-nature\\\/#primaryimage\"},\"image\":{\"@id\":\"https:\\\/\\\/www.manuatahitianart.com\\\/fr\\\/matieres-venant-de-la-nature\\\/#primaryimage\"},\"thumbnailUrl\":\"https:\\\/\\\/www.manuatahitianart.com\\\/wp-content\\\/uploads\\\/2020\\\/08\\\/IMG_3850.jpg\",\"datePublished\":\"2020-11-03T21:09:12+00:00\",\"dateModified\":\"2025-05-27T18:21:32+00:00\",\"breadcrumb\":{\"@id\":\"https:\\\/\\\/www.manuatahitianart.com\\\/fr\\\/matieres-venant-de-la-nature\\\/#breadcrumb\"},\"inLanguage\":\"fr-FR\",\"potentialAction\":[{\"@type\":\"ReadAction\",\"target\":[\"https:\\\/\\\/www.manuatahitianart.com\\\/fr\\\/matieres-venant-de-la-nature\\\/\"]}]},{\"@type\":\"ImageObject\",\"inLanguage\":\"fr-FR\",\"@id\":\"https:\\\/\\\/www.manuatahitianart.com\\\/fr\\\/matieres-venant-de-la-nature\\\/#primaryimage\",\"url\":\"https:\\\/\\\/www.manuatahitianart.com\\\/wp-content\\\/uploads\\\/2020\\\/08\\\/IMG_3850.jpg\",\"contentUrl\":\"https:\\\/\\\/www.manuatahitianart.com\\\/wp-content\\\/uploads\\\/2020\\\/08\\\/IMG_3850.jpg\",\"width\":1200,\"height\":969,\"caption\":\"Fabrication d'un Tiki en bois de l'Archipel des Marquises\"},{\"@type\":\"BreadcrumbList\",\"@id\":\"https:\\\/\\\/www.manuatahitianart.com\\\/fr\\\/matieres-venant-de-la-nature\\\/#breadcrumb\",\"itemListElement\":[{\"@type\":\"ListItem\",\"position\":1,\"name\":\"Accueil\",\"item\":\"https:\\\/\\\/www.manuatahitianart.com\\\/fr\\\/\"},{\"@type\":\"ListItem\",\"position\":2,\"name\":\"Mati\u00e8res venant de la Nature\"}]},{\"@type\":\"WebSite\",\"@id\":\"https:\\\/\\\/www.manuatahitianart.com\\\/#website\",\"url\":\"https:\\\/\\\/www.manuatahitianart.com\\\/\",\"name\":\"Manua Exquisite Art\",\"description\":\"Polynesian Gallery, Contemporary and Ethnic Art\",\"publisher\":{\"@id\":\"https:\\\/\\\/www.manuatahitianart.com\\\/#organization\"},\"potentialAction\":[{\"@type\":\"SearchAction\",\"target\":{\"@type\":\"EntryPoint\",\"urlTemplate\":\"https:\\\/\\\/www.manuatahitianart.com\\\/?s={search_term_string}\"},\"query-input\":{\"@type\":\"PropertyValueSpecification\",\"valueRequired\":true,\"valueName\":\"search_term_string\"}}],\"inLanguage\":\"fr-FR\"},{\"@type\":\"Organization\",\"@id\":\"https:\\\/\\\/www.manuatahitianart.com\\\/#organization\",\"name\":\"Manua Tahitian Art\",\"url\":\"https:\\\/\\\/www.manuatahitianart.com\\\/\",\"logo\":{\"@type\":\"ImageObject\",\"inLanguage\":\"fr-FR\",\"@id\":\"https:\\\/\\\/www.manuatahitianart.com\\\/#\\\/schema\\\/logo\\\/image\\\/\",\"url\":\"https:\\\/\\\/www.manuatahitianart.com\\\/wp-content\\\/uploads\\\/2016\\\/05\\\/manualogo.png\",\"contentUrl\":\"https:\\\/\\\/www.manuatahitianart.com\\\/wp-content\\\/uploads\\\/2016\\\/05\\\/manualogo.png\",\"width\":310,\"height\":134,\"caption\":\"Manua Tahitian Art\"},\"image\":{\"@id\":\"https:\\\/\\\/www.manuatahitianart.com\\\/#\\\/schema\\\/logo\\\/image\\\/\"}}]}<\/script>\n<!-- \/ Yoast SEO plugin. -->","yoast_head_json":{"title":"Mati\u00e8res venant de la Nature - Manua Exquisite Art","robots":{"index":"index","follow":"follow","max-snippet":"max-snippet:-1","max-image-preview":"max-image-preview:large","max-video-preview":"max-video-preview:-1"},"canonical":"https:\/\/www.manuatahitianart.com\/fr\/matieres-venant-de-la-nature\/","og_locale":"fr_FR","og_type":"article","og_title":"Mati\u00e8res venant de la Nature - Manua Exquisite Art","og_description":"Mati\u00e8res Nos Terres en Polyn\u00e9sie Fran\u00e7aise sont riches tout autant que notre oc\u00e9an : nacre ou Perles de Tahiti, bois de miro, de pandanus ou de cocotier, roche volcanique ou pierre fleurie, mais aussi rostre de poisson, os de b\u0153uf, \u00e9corce d\u2019arbre, etc.Chaque mati\u00e8re premi\u00e8re est ici transform\u00e9e, travaill\u00e9e, sculpt\u00e9e afin de devenir un objet, [&hellip;]","og_url":"https:\/\/www.manuatahitianart.com\/fr\/matieres-venant-de-la-nature\/","og_site_name":"Manua Exquisite Art","article_modified_time":"2025-05-27T18:21:32+00:00","og_image":[{"width":1200,"height":969,"url":"https:\/\/www.manuatahitianart.com\/wp-content\/uploads\/2020\/08\/IMG_3850.jpg","type":"image\/jpeg"}],"twitter_card":"summary_large_image","twitter_misc":{"Dur\u00e9e de lecture estim\u00e9e":"7 minutes"},"schema":{"@context":"https:\/\/schema.org","@graph":[{"@type":"WebPage","@id":"https:\/\/www.manuatahitianart.com\/fr\/matieres-venant-de-la-nature\/","url":"https:\/\/www.manuatahitianart.com\/fr\/matieres-venant-de-la-nature\/","name":"Mati\u00e8res venant de la Nature - Manua Exquisite Art","isPartOf":{"@id":"https:\/\/www.manuatahitianart.com\/#website"},"primaryImageOfPage":{"@id":"https:\/\/www.manuatahitianart.com\/fr\/matieres-venant-de-la-nature\/#primaryimage"},"image":{"@id":"https:\/\/www.manuatahitianart.com\/fr\/matieres-venant-de-la-nature\/#primaryimage"},"thumbnailUrl":"https:\/\/www.manuatahitianart.com\/wp-content\/uploads\/2020\/08\/IMG_3850.jpg","datePublished":"2020-11-03T21:09:12+00:00","dateModified":"2025-05-27T18:21:32+00:00","breadcrumb":{"@id":"https:\/\/www.manuatahitianart.com\/fr\/matieres-venant-de-la-nature\/#breadcrumb"},"inLanguage":"fr-FR","potentialAction":[{"@type":"ReadAction","target":["https:\/\/www.manuatahitianart.com\/fr\/matieres-venant-de-la-nature\/"]}]},{"@type":"ImageObject","inLanguage":"fr-FR","@id":"https:\/\/www.manuatahitianart.com\/fr\/matieres-venant-de-la-nature\/#primaryimage","url":"https:\/\/www.manuatahitianart.com\/wp-content\/uploads\/2020\/08\/IMG_3850.jpg","contentUrl":"https:\/\/www.manuatahitianart.com\/wp-content\/uploads\/2020\/08\/IMG_3850.jpg","width":1200,"height":969,"caption":"Fabrication d'un Tiki en bois de l'Archipel des Marquises"},{"@type":"BreadcrumbList","@id":"https:\/\/www.manuatahitianart.com\/fr\/matieres-venant-de-la-nature\/#breadcrumb","itemListElement":[{"@type":"ListItem","position":1,"name":"Accueil","item":"https:\/\/www.manuatahitianart.com\/fr\/"},{"@type":"ListItem","position":2,"name":"Mati\u00e8res venant de la Nature"}]},{"@type":"WebSite","@id":"https:\/\/www.manuatahitianart.com\/#website","url":"https:\/\/www.manuatahitianart.com\/","name":"Manua Exquisite Art","description":"Polynesian Gallery, Contemporary and Ethnic Art","publisher":{"@id":"https:\/\/www.manuatahitianart.com\/#organization"},"potentialAction":[{"@type":"SearchAction","target":{"@type":"EntryPoint","urlTemplate":"https:\/\/www.manuatahitianart.com\/?s={search_term_string}"},"query-input":{"@type":"PropertyValueSpecification","valueRequired":true,"valueName":"search_term_string"}}],"inLanguage":"fr-FR"},{"@type":"Organization","@id":"https:\/\/www.manuatahitianart.com\/#organization","name":"Manua Tahitian Art","url":"https:\/\/www.manuatahitianart.com\/","logo":{"@type":"ImageObject","inLanguage":"fr-FR","@id":"https:\/\/www.manuatahitianart.com\/#\/schema\/logo\/image\/","url":"https:\/\/www.manuatahitianart.com\/wp-content\/uploads\/2016\/05\/manualogo.png","contentUrl":"https:\/\/www.manuatahitianart.com\/wp-content\/uploads\/2016\/05\/manualogo.png","width":310,"height":134,"caption":"Manua Tahitian Art"},"image":{"@id":"https:\/\/www.manuatahitianart.com\/#\/schema\/logo\/image\/"}}]}},"_links":{"self":[{"href":"https:\/\/www.manuatahitianart.com\/fr\/wp-json\/wp\/v2\/pages\/1665","targetHints":{"allow":["GET"]}}],"collection":[{"href":"https:\/\/www.manuatahitianart.com\/fr\/wp-json\/wp\/v2\/pages"}],"about":[{"href":"https:\/\/www.manuatahitianart.com\/fr\/wp-json\/wp\/v2\/types\/page"}],"author":[{"embeddable":true,"href":"https:\/\/www.manuatahitianart.com\/fr\/wp-json\/wp\/v2\/users\/4"}],"replies":[{"embeddable":true,"href":"https:\/\/www.manuatahitianart.com\/fr\/wp-json\/wp\/v2\/comments?post=1665"}],"version-history":[{"count":0,"href":"https:\/\/www.manuatahitianart.com\/fr\/wp-json\/wp\/v2\/pages\/1665\/revisions"}],"wp:featuredmedia":[{"embeddable":true,"href":"https:\/\/www.manuatahitianart.com\/fr\/wp-json\/wp\/v2\/media\/1668"}],"wp:attachment":[{"href":"https:\/\/www.manuatahitianart.com\/fr\/wp-json\/wp\/v2\/media?parent=1665"}],"curies":[{"name":"wp","href":"https:\/\/api.w.org\/{rel}","templated":true}]}}