{"id":1651,"date":"2020-11-03T10:54:03","date_gmt":"2020-11-03T20:54:03","guid":{"rendered":"https:\/\/www.manuatahitianart.com\/test?page_id=1651"},"modified":"2025-05-27T08:21:32","modified_gmt":"2025-05-27T18:21:32","slug":"histoire","status":"publish","type":"page","link":"https:\/\/www.manuatahitianart.com\/fr\/histoire\/","title":{"rendered":"Histoire"},"content":{"rendered":"<p>[et_pb_section fb_built=\u00a0\u00bb1&Prime; _builder_version=\u00a0\u00bb4.6.5&Prime; _module_preset=\u00a0\u00bbdefault\u00a0\u00bb background_color=\u00a0\u00bb#E2DBD6&Prime; background_color_gradient_direction=\u00a0\u00bb269deg\u00a0\u00bb background_enable_image=\u00a0\u00bboff\u00a0\u00bb background_size=\u00a0\u00bbcontain\u00a0\u00bb background_position=\u00a0\u00bbcenter_left\u00a0\u00bb custom_margin=\u00a0\u00bb0px||0px|0px|true|false\u00a0\u00bb custom_padding=\u00a0\u00bb0px||0px||true|false\u00a0\u00bb custom_css_main_element=\u00a0\u00bboverflow:hidden;\u00a0\u00bb custom_css_after_last_edited=\u00a0\u00bbon|desktop\u00a0\u00bb][et_pb_row column_structure=\u00a0\u00bb1_3,2_3&Prime; gutter_width=\u00a0\u00bb3&Prime; make_equal=\u00a0\u00bbon\u00a0\u00bb custom_padding_last_edited=\u00a0\u00bbon|tablet\u00a0\u00bb _builder_version=\u00a0\u00bb4.6.5&Prime; _module_preset=\u00a0\u00bb2bd37d27-5086-4a22-82c0-caaa201b95e3&Prime; background_enable_image=\u00a0\u00bboff\u00a0\u00bb background_size=\u00a0\u00bbcontain\u00a0\u00bb max_width=\u00a0\u00bb100%\u00a0\u00bb module_alignment=\u00a0\u00bbcenter\u00a0\u00bb custom_margin=\u00a0\u00bb0px||0px|0px|false|false\u00a0\u00bb custom_padding=\u00a0\u00bb0px|4%|0px|0%|true|false\u00a0\u00bb custom_padding_tablet=\u00a0\u00bb0px|0%|0px|0%|true|false\u00a0\u00bb custom_padding_phone=\u00a0\u00bb\u00a0\u00bb][et_pb_column type=\u00a0\u00bb1_3&Prime; _builder_version=\u00a0\u00bb4.6.5&Prime; _module_preset=\u00a0\u00bbdefault\u00a0\u00bb background_image=\u00a0\u00bbhttps:\/\/www.manuatahitianart.com\/wp-content\/uploads\/2020\/10\/tiki-AA-scaled.jpg\u00a0\u00bb custom_padding=\u00a0\u00bb0px||0px|0px|true|false\u00a0\u00bb custom_padding_tablet=\u00a0\u00bb500px||500px||true|false\u00a0\u00bb custom_padding_phone=\u00a0\u00bb\u00a0\u00bb custom_padding_last_edited=\u00a0\u00bbon|tablet\u00a0\u00bb background_last_edited=\u00a0\u00bbon|tablet\u00a0\u00bb parallax_tablet=\u00a0\u00bboff\u00a0\u00bb background_size_tablet=\u00a0\u00bbcover\u00a0\u00bb][\/et_pb_column][et_pb_column type=\u00a0\u00bb2_3&Prime; _builder_version=\u00a0\u00bb4.6.5&Prime; _module_preset=\u00a0\u00bbdefault\u00a0\u00bb custom_padding=\u00a0\u00bb10px||10px||true|false\u00a0\u00bb custom_padding_tablet=\u00a0\u00bb|5%||5%|true|true\u00a0\u00bb custom_padding_phone=\u00a0\u00bb\u00a0\u00bb custom_padding_last_edited=\u00a0\u00bbon|tablet\u00a0\u00bb][et_pb_text _builder_version=\u00a0\u00bb4.6.5&Prime; _module_preset=\u00a0\u00bb1c878038-11fe-406a-a9f8-ccd20da1fa45&Prime; text_text_color=\u00a0\u00bb#ffffff\u00a0\u00bb header_text_align=\u00a0\u00bbcenter\u00a0\u00bb header_text_color=\u00a0\u00bb#3a1e12&Prime; header_2_text_align=\u00a0\u00bbcenter\u00a0\u00bb header_2_text_color=\u00a0\u00bb#3a1e12&Prime; text_orientation=\u00a0\u00bbleft\u00a0\u00bb min_height=\u00a0\u00bb204px\u00a0\u00bb custom_margin=\u00a0\u00bb||||false|false\u00a0\u00bb custom_padding=\u00a0\u00bb45px||||false|false\u00a0\u00bb custom_padding_tablet=\u00a0\u00bb30px||||false|false\u00a0\u00bb custom_padding_phone=\u00a0\u00bb20px||||false|false\u00a0\u00bb custom_padding_last_edited=\u00a0\u00bbon|tablet\u00a0\u00bb]<\/p>\n<h1>Histoire<\/h1>\n<h2>T\u00e9moin unique de l\u2019Histoire de la Polyn\u00e9sie Fran\u00e7aise, l\u2019Art et plus pr\u00e9cis\u00e9ment la Sculpture, a toujours \u00e9t\u00e9 un moyen d\u2019expression fort et incontournable en Polyn\u00e9sie.<\/h2>\n<p>[\/et_pb_text][et_pb_text _builder_version=\u00a0\u00bb4.6.5&Prime; _module_preset=\u00a0\u00bb246269c4-37e4-45ae-8aff-956aae90e0ca\u00a0\u00bb custom_margin=\u00a0\u00bb||19px|||\u00a0\u00bb]<\/p>\n<p>Que ce soit pour c\u00e9l\u00e9brer les croyances, conter des l\u00e9gendes ou prot\u00e9ger sa tribu, l\u2019<strong>Art Polyn\u00e9sien<\/strong> est un v\u00e9ritable livre ouvert au travers duquel les Artistes racontent leur Histoire.<\/p>\n<p>C\u00e9l\u00e8bre dans le monde entier, le Tiki, ou Ti\u2019i, est une figure populaire de l\u2019Art Polyn\u00e9sien. Mi-Homme, mi-Dieu, il \u00e9tait \u00e9lev\u00e9 dans chaque village pour prot\u00e9ger la tribu. Il repr\u00e9sentait le savoir, la sagesse.<\/p>\n<p>Ramen\u00e9 en Occident par les missionnaires, il est aujourd\u2019hui expos\u00e9 dans les plus grands mus\u00e9es du monde. Art ancestral, plein de myst\u00e8res, la Sculpture est un v\u00e9ritable miroir du pouvoir cr\u00e9atif si particulier, si unique en Polyn\u00e9sie qui se transmet de g\u00e9n\u00e9ration en g\u00e9n\u00e9ration \u00e0 travers des gestes ancestraux, fins, habiles. Etendus au c\u0153ur du Pacifique, les 5 archipels de la Polyn\u00e9sie Fran\u00e7aise ont chacun leur sp\u00e9cificit\u00e9. Si l\u2019archipel des Marquises est la terre des Artistes, celui des Gambiers est tout aussi reconnu gr\u00e2ce \u00e0 son style particulier et son Tiki RAO dont l\u2019original se trouve au Mus\u00e9e du quai Branly \u00e0 Paris, ou encore l\u2019archipel des Australes avec la c\u00e9l\u00e8bre statue du Dieu A\u2019A dont l\u2019original est expos\u00e9 au British Museum de Londres.<\/p>\n<p>&nbsp;<\/p>\n<p>[\/et_pb_text][et_pb_text _builder_version=\u00a0\u00bb4.6.5&Prime; _module_preset=\u00a0\u00bb246269c4-37e4-45ae-8aff-956aae90e0ca\u00a0\u00bb text_font=\u00a0\u00bb|800|||||||\u00a0\u00bb custom_margin=\u00a0\u00bb||19px|||\u00a0\u00bb]<\/p>\n<p>Venez d\u00e9couvrir de magnifiques \u0153uvres d\u2019Art dans nos galeries de Tahiti ou Bora Bora.<\/p>\n<p>Chaque archipel a sa technique, sa fa\u00e7on de sculpter, de raconter son Histoire\u2026 Beaucoup de myst\u00e8res enveloppent encore aujourd\u2019hui l\u2019Art dans notre Culture o\u00f9 tout se transmettait autrefois \u00e0 l\u2019oral.<\/p>\n<p>[\/et_pb_text][et_pb_image src=\u00a0\u00bbhttps:\/\/www.manuatahitianart.com\/wp-content\/uploads\/2020\/10\/archipelagos-map.png\u00a0\u00bb alt=\u00a0\u00bbArchipels de Polyn\u00e9sie fran\u00e7aise\u00a0\u00bb title_text=\u00a0\u00bbcarte-archipels\u00a0\u00bb url=\u00a0\u00bbhttps:\/\/www.manuatahitianart.com\/wp-content\/uploads\/2020\/10\/archipelagos-map.png\u00a0\u00bb url_new_window=\u00a0\u00bbon\u00a0\u00bb _builder_version=\u00a0\u00bb4.6.5&Prime; _module_preset=\u00a0\u00bbdefault\u00a0\u00bb max_width=\u00a0\u00bb50%\u00a0\u00bb max_width_tablet=\u00a0\u00bb90%\u00a0\u00bb max_width_phone=\u00a0\u00bb\u00a0\u00bb max_width_last_edited=\u00a0\u00bbon|tablet\u00a0\u00bb module_alignment=\u00a0\u00bbcenter\u00a0\u00bb][\/et_pb_image][\/et_pb_column][\/et_pb_row][\/et_pb_section]<\/p>\n","protected":false},"excerpt":{"rendered":"<p>Histoire T\u00e9moin unique de l\u2019Histoire de la Polyn\u00e9sie Fran\u00e7aise, l\u2019Art et plus pr\u00e9cis\u00e9ment la Sculpture, a toujours \u00e9t\u00e9 un moyen d\u2019expression fort et incontournable en Polyn\u00e9sie.Que ce soit pour c\u00e9l\u00e9brer les croyances, conter des l\u00e9gendes ou prot\u00e9ger sa tribu, l\u2019Art Polyn\u00e9sien est un v\u00e9ritable livre ouvert au travers duquel les Artistes racontent leur Histoire. C\u00e9l\u00e8bre [&hellip;]<\/p>\n","protected":false},"author":4,"featured_media":0,"parent":0,"menu_order":0,"comment_status":"closed","ping_status":"closed","template":"","meta":{"_et_pb_use_builder":"on","_et_pb_old_content":"","_et_gb_content_width":"","footnotes":""},"class_list":["post-1651","page","type-page","status-publish","hentry"],"yoast_head":"<!-- This site is optimized with the Yoast SEO plugin v27.4 - https:\/\/yoast.com\/product\/yoast-seo-wordpress\/ -->\n<title>Histoire - Manua Exquisite Art<\/title>\n<meta name=\"robots\" content=\"index, follow, max-snippet:-1, max-image-preview:large, max-video-preview:-1\" \/>\n<link rel=\"canonical\" href=\"https:\/\/www.manuatahitianart.com\/fr\/histoire\/\" \/>\n<meta property=\"og:locale\" content=\"fr_FR\" \/>\n<meta property=\"og:type\" content=\"article\" \/>\n<meta property=\"og:title\" content=\"Histoire - Manua Exquisite Art\" \/>\n<meta property=\"og:description\" content=\"Histoire T\u00e9moin unique de l\u2019Histoire de la Polyn\u00e9sie Fran\u00e7aise, l\u2019Art et plus pr\u00e9cis\u00e9ment la Sculpture, a toujours \u00e9t\u00e9 un moyen d\u2019expression fort et incontournable en Polyn\u00e9sie.Que ce soit pour c\u00e9l\u00e9brer les croyances, conter des l\u00e9gendes ou prot\u00e9ger sa tribu, l\u2019Art Polyn\u00e9sien est un v\u00e9ritable livre ouvert au travers duquel les Artistes racontent leur Histoire. C\u00e9l\u00e8bre [&hellip;]\" \/>\n<meta property=\"og:url\" content=\"https:\/\/www.manuatahitianart.com\/fr\/histoire\/\" \/>\n<meta property=\"og:site_name\" content=\"Manua Exquisite Art\" \/>\n<meta property=\"article:modified_time\" content=\"2025-05-27T18:21:32+00:00\" \/>\n<meta property=\"og:image\" content=\"https:\/\/www.manuatahitianart.com\/wp-content\/uploads\/2021\/03\/Manua-Exquisite-Tahitian-Art-Four-Seasons-Resort-Bora-Bora-1024x768-1.jpg\" \/>\n\t<meta property=\"og:image:width\" content=\"1200\" \/>\n\t<meta property=\"og:image:height\" content=\"900\" \/>\n\t<meta property=\"og:image:type\" content=\"image\/jpeg\" \/>\n<meta name=\"twitter:card\" content=\"summary_large_image\" \/>\n<meta name=\"twitter:label1\" content=\"Dur\u00e9e de lecture estim\u00e9e\" \/>\n\t<meta name=\"twitter:data1\" content=\"4 minutes\" \/>\n<script type=\"application\/ld+json\" class=\"yoast-schema-graph\">{\"@context\":\"https:\\\/\\\/schema.org\",\"@graph\":[{\"@type\":\"WebPage\",\"@id\":\"https:\\\/\\\/www.manuatahitianart.com\\\/fr\\\/histoire\\\/\",\"url\":\"https:\\\/\\\/www.manuatahitianart.com\\\/fr\\\/histoire\\\/\",\"name\":\"Histoire - Manua Exquisite Art\",\"isPartOf\":{\"@id\":\"https:\\\/\\\/www.manuatahitianart.com\\\/#website\"},\"datePublished\":\"2020-11-03T20:54:03+00:00\",\"dateModified\":\"2025-05-27T18:21:32+00:00\",\"breadcrumb\":{\"@id\":\"https:\\\/\\\/www.manuatahitianart.com\\\/fr\\\/histoire\\\/#breadcrumb\"},\"inLanguage\":\"fr-FR\",\"potentialAction\":[{\"@type\":\"ReadAction\",\"target\":[\"https:\\\/\\\/www.manuatahitianart.com\\\/fr\\\/histoire\\\/\"]}]},{\"@type\":\"BreadcrumbList\",\"@id\":\"https:\\\/\\\/www.manuatahitianart.com\\\/fr\\\/histoire\\\/#breadcrumb\",\"itemListElement\":[{\"@type\":\"ListItem\",\"position\":1,\"name\":\"Accueil\",\"item\":\"https:\\\/\\\/www.manuatahitianart.com\\\/fr\\\/\"},{\"@type\":\"ListItem\",\"position\":2,\"name\":\"Histoire\"}]},{\"@type\":\"WebSite\",\"@id\":\"https:\\\/\\\/www.manuatahitianart.com\\\/#website\",\"url\":\"https:\\\/\\\/www.manuatahitianart.com\\\/\",\"name\":\"Manua Exquisite Art\",\"description\":\"Polynesian Gallery, Contemporary and Ethnic Art\",\"publisher\":{\"@id\":\"https:\\\/\\\/www.manuatahitianart.com\\\/#organization\"},\"potentialAction\":[{\"@type\":\"SearchAction\",\"target\":{\"@type\":\"EntryPoint\",\"urlTemplate\":\"https:\\\/\\\/www.manuatahitianart.com\\\/?s={search_term_string}\"},\"query-input\":{\"@type\":\"PropertyValueSpecification\",\"valueRequired\":true,\"valueName\":\"search_term_string\"}}],\"inLanguage\":\"fr-FR\"},{\"@type\":\"Organization\",\"@id\":\"https:\\\/\\\/www.manuatahitianart.com\\\/#organization\",\"name\":\"Manua Tahitian Art\",\"url\":\"https:\\\/\\\/www.manuatahitianart.com\\\/\",\"logo\":{\"@type\":\"ImageObject\",\"inLanguage\":\"fr-FR\",\"@id\":\"https:\\\/\\\/www.manuatahitianart.com\\\/#\\\/schema\\\/logo\\\/image\\\/\",\"url\":\"https:\\\/\\\/www.manuatahitianart.com\\\/wp-content\\\/uploads\\\/2016\\\/05\\\/manualogo.png\",\"contentUrl\":\"https:\\\/\\\/www.manuatahitianart.com\\\/wp-content\\\/uploads\\\/2016\\\/05\\\/manualogo.png\",\"width\":310,\"height\":134,\"caption\":\"Manua Tahitian Art\"},\"image\":{\"@id\":\"https:\\\/\\\/www.manuatahitianart.com\\\/#\\\/schema\\\/logo\\\/image\\\/\"}}]}<\/script>\n<!-- \/ Yoast SEO plugin. -->","yoast_head_json":{"title":"Histoire - Manua Exquisite Art","robots":{"index":"index","follow":"follow","max-snippet":"max-snippet:-1","max-image-preview":"max-image-preview:large","max-video-preview":"max-video-preview:-1"},"canonical":"https:\/\/www.manuatahitianart.com\/fr\/histoire\/","og_locale":"fr_FR","og_type":"article","og_title":"Histoire - Manua Exquisite Art","og_description":"Histoire T\u00e9moin unique de l\u2019Histoire de la Polyn\u00e9sie Fran\u00e7aise, l\u2019Art et plus pr\u00e9cis\u00e9ment la Sculpture, a toujours \u00e9t\u00e9 un moyen d\u2019expression fort et incontournable en Polyn\u00e9sie.Que ce soit pour c\u00e9l\u00e9brer les croyances, conter des l\u00e9gendes ou prot\u00e9ger sa tribu, l\u2019Art Polyn\u00e9sien est un v\u00e9ritable livre ouvert au travers duquel les Artistes racontent leur Histoire. C\u00e9l\u00e8bre [&hellip;]","og_url":"https:\/\/www.manuatahitianart.com\/fr\/histoire\/","og_site_name":"Manua Exquisite Art","article_modified_time":"2025-05-27T18:21:32+00:00","og_image":[{"width":1200,"height":900,"url":"https:\/\/www.manuatahitianart.com\/wp-content\/uploads\/2021\/03\/Manua-Exquisite-Tahitian-Art-Four-Seasons-Resort-Bora-Bora-1024x768-1.jpg","type":"image\/jpeg"}],"twitter_card":"summary_large_image","twitter_misc":{"Dur\u00e9e de lecture estim\u00e9e":"4 minutes"},"schema":{"@context":"https:\/\/schema.org","@graph":[{"@type":"WebPage","@id":"https:\/\/www.manuatahitianart.com\/fr\/histoire\/","url":"https:\/\/www.manuatahitianart.com\/fr\/histoire\/","name":"Histoire - Manua Exquisite Art","isPartOf":{"@id":"https:\/\/www.manuatahitianart.com\/#website"},"datePublished":"2020-11-03T20:54:03+00:00","dateModified":"2025-05-27T18:21:32+00:00","breadcrumb":{"@id":"https:\/\/www.manuatahitianart.com\/fr\/histoire\/#breadcrumb"},"inLanguage":"fr-FR","potentialAction":[{"@type":"ReadAction","target":["https:\/\/www.manuatahitianart.com\/fr\/histoire\/"]}]},{"@type":"BreadcrumbList","@id":"https:\/\/www.manuatahitianart.com\/fr\/histoire\/#breadcrumb","itemListElement":[{"@type":"ListItem","position":1,"name":"Accueil","item":"https:\/\/www.manuatahitianart.com\/fr\/"},{"@type":"ListItem","position":2,"name":"Histoire"}]},{"@type":"WebSite","@id":"https:\/\/www.manuatahitianart.com\/#website","url":"https:\/\/www.manuatahitianart.com\/","name":"Manua Exquisite Art","description":"Polynesian Gallery, Contemporary and Ethnic Art","publisher":{"@id":"https:\/\/www.manuatahitianart.com\/#organization"},"potentialAction":[{"@type":"SearchAction","target":{"@type":"EntryPoint","urlTemplate":"https:\/\/www.manuatahitianart.com\/?s={search_term_string}"},"query-input":{"@type":"PropertyValueSpecification","valueRequired":true,"valueName":"search_term_string"}}],"inLanguage":"fr-FR"},{"@type":"Organization","@id":"https:\/\/www.manuatahitianart.com\/#organization","name":"Manua Tahitian Art","url":"https:\/\/www.manuatahitianart.com\/","logo":{"@type":"ImageObject","inLanguage":"fr-FR","@id":"https:\/\/www.manuatahitianart.com\/#\/schema\/logo\/image\/","url":"https:\/\/www.manuatahitianart.com\/wp-content\/uploads\/2016\/05\/manualogo.png","contentUrl":"https:\/\/www.manuatahitianart.com\/wp-content\/uploads\/2016\/05\/manualogo.png","width":310,"height":134,"caption":"Manua Tahitian Art"},"image":{"@id":"https:\/\/www.manuatahitianart.com\/#\/schema\/logo\/image\/"}}]}},"_links":{"self":[{"href":"https:\/\/www.manuatahitianart.com\/fr\/wp-json\/wp\/v2\/pages\/1651","targetHints":{"allow":["GET"]}}],"collection":[{"href":"https:\/\/www.manuatahitianart.com\/fr\/wp-json\/wp\/v2\/pages"}],"about":[{"href":"https:\/\/www.manuatahitianart.com\/fr\/wp-json\/wp\/v2\/types\/page"}],"author":[{"embeddable":true,"href":"https:\/\/www.manuatahitianart.com\/fr\/wp-json\/wp\/v2\/users\/4"}],"replies":[{"embeddable":true,"href":"https:\/\/www.manuatahitianart.com\/fr\/wp-json\/wp\/v2\/comments?post=1651"}],"version-history":[{"count":0,"href":"https:\/\/www.manuatahitianart.com\/fr\/wp-json\/wp\/v2\/pages\/1651\/revisions"}],"wp:attachment":[{"href":"https:\/\/www.manuatahitianart.com\/fr\/wp-json\/wp\/v2\/media?parent=1651"}],"curies":[{"name":"wp","href":"https:\/\/api.w.org\/{rel}","templated":true}]}}